{"id":20965,"date":"2024-10-06T15:43:53","date_gmt":"2024-10-06T13:43:53","guid":{"rendered":"https:\/\/www.lepicerieduphare.fr\/accueil\/?post_type=product&#038;p=20965"},"modified":"2024-10-06T15:46:47","modified_gmt":"2024-10-06T13:46:47","slug":"calendrier-de-lavent-sucre-2024-395g","status":"publish","type":"product","link":"https:\/\/www.lepicerieduphare.fr\/accueil\/produit\/chocolat-brest-idee-cadeaux\/calendrier-de-lavent-sucre-2024-395g\/","title":{"rendered":"Calendrier de l&#8217;Avent sucr\u00e9 2024 &#8211; 395G"},"content":{"rendered":"","protected":false},"excerpt":{"rendered":"<p>Ho ! Ho ! Ho ! Vous l\u2019entendez\u00a0? Le P\u00e8re-No\u00ebl s&#8217;appr\u00eate \u00e0 faire sa tourn\u00e9e annuelle ! En attendant son arriv\u00e9e, d\u00e9couvrez chaque jour une\u00a0gourmandise sucr\u00e9e dans votre\u00a0<b>calendrier de l&#8217;avent\u00a0<\/b>qui met \u00e0 l&#8217;honneur la foret enchant\u00e9e ! En plus des 24 surprises qui vous attendent, participez \u00e0 notre\u00a0<b>JEU CONCOURS\u00a0<\/b>disponible pour tout achat d&#8217;un calendrier !<\/p>\n<p><span style=\"color: #ff00ff;\"><strong>Disponible uniquement en boutique<\/strong><\/span><\/p>\n<p><span style=\"color: #ff00ff;\"><strong>R\u00e9servation possible =&gt; ici<\/strong><\/span><\/p>\n","protected":false},"featured_media":20951,"template":"","meta":{"_monsterinsights_skip_tracking":false,"_monsterinsights_sitenote_active":false,"_monsterinsights_sitenote_note":"","_monsterinsights_sitenote_category":0},"product_brand":[],"product_cat":[226],"product_tag":[],"class_list":{"0":"post-20965","1":"product","2":"type-product","3":"status-publish","4":"has-post-thumbnail","6":"product_cat-calendrier-de-lavent-brest-quimper-lanester","8":"first","9":"onbackorder","10":"shipping-taxable","11":"purchasable","12":"product-type-simple"},"jetpack_sharing_enabled":true,"_links":{"self":[{"href":"https:\/\/www.lepicerieduphare.fr\/accueil\/wp-json\/wp\/v2\/product\/20965","targetHints":{"allow":["GET"]}}],"collection":[{"href":"https:\/\/www.lepicerieduphare.fr\/accueil\/wp-json\/wp\/v2\/product"}],"about":[{"href":"https:\/\/www.lepicerieduphare.fr\/accueil\/wp-json\/wp\/v2\/types\/product"}],"version-history":[{"count":1,"href":"https:\/\/www.lepicerieduphare.fr\/accueil\/wp-json\/wp\/v2\/product\/20965\/revisions"}],"predecessor-version":[{"id":20966,"href":"https:\/\/www.lepicerieduphare.fr\/accueil\/wp-json\/wp\/v2\/product\/20965\/revisions\/20966"}],"wp:featuredmedia":[{"embeddable":true,"href":"https:\/\/www.lepicerieduphare.fr\/accueil\/wp-json\/wp\/v2\/media\/20951"}],"wp:attachment":[{"href":"https:\/\/www.lepicerieduphare.fr\/accueil\/wp-json\/wp\/v2\/media?parent=20965"}],"wp:term":[{"taxonomy":"product_brand","embeddable":true,"href":"https:\/\/www.lepicerieduphare.fr\/accueil\/wp-json\/wp\/v2\/product_brand?post=20965"},{"taxonomy":"product_cat","embeddable":true,"href":"https:\/\/www.lepicerieduphare.fr\/accueil\/wp-json\/wp\/v2\/product_cat?post=20965"},{"taxonomy":"product_tag","embeddable":true,"href":"https:\/\/www.lepicerieduphare.fr\/accueil\/wp-json\/wp\/v2\/product_tag?post=20965"}],"curies":[{"name":"wp","href":"https:\/\/api.w.org\/{rel}","templated":true}]}}