{"id":20805,"date":"2023-10-17T10:48:09","date_gmt":"2023-10-17T08:48:09","guid":{"rendered":"https:\/\/www.lepicerieduphare.fr\/accueil\/?post_type=product&#038;p=20805"},"modified":"2024-06-12T12:45:49","modified_gmt":"2024-06-12T10:45:49","slug":"calendrier-de-lavent-2023-sale-le-comptoir-de-mathilde","status":"publish","type":"product","link":"https:\/\/www.lepicerieduphare.fr\/accueil\/produit\/chocolat-brest-idee-cadeaux\/calendrier-de-lavent-2023-sale-le-comptoir-de-mathilde\/","title":{"rendered":"Calendrier de l&#8217;avent sal\u00e9 2023 LE COMPTOIR DE MATHILDE BREST QUIMPER LANESTER"},"content":{"rendered":"<p>Calendrier de l&#8217;avant sal\u00e9 2023<\/p>\n<p><b>Ingr\u00e9dients :\u00a0<\/b>Moutarde aux herbes de Provence: MOUTARDE (eau, graines de MOUTARDE 26%, vinaigre d&#8217;alcool, sel, acidifiant: acide citrique, conservateur: SULFITES), herbes de Provence 1,4% (romarin, basilic, marjolaine, thym, sarriette en proportions variables), ar\u00f4me naturel. Moutarde aux tomates s\u00e9ch\u00e9es et basilic: MOUTARDE (eau, graines de MOUTARDE 26%, vinaigre d&#8217;alcool, sel, acidifiant: acide citrique, conservateur: SULFITES), tomates s\u00e9ch\u00e9es 5,4%, basilic 3,6%, poudre de tomate. Moutarde \u00e0 l&#8217;ancienne et piment d&#8217;Espelette: MOUTARDE \u00e0 l&#8217;ancienne (eau, graines de MOUTARDE, vinaigre, sel), poudre de piment d&#8217;Espelette 2,5%. Moutarde ail et basilic: MOUTARDE (eau, graines de MOUTARDE 26%, vinaigre d&#8217;alcool, sel, acidifiant: acide citrique, conservateur: SULFITES), ail 5,5%, basilic 1,5%. Moutarde \u00e0 la truffe noire aromatis\u00e9e 1%: MOUTARDE (eau, graines de MOUTARDE 26%, vinaigre d&#8217;alcool, sel, acidifiant: acide citrique, conservateur: SULFITES), brisures de truffes noires 1,12% (truffes noires (Tuber melanosporum), jus de truffes noires, eau, sel), ar\u00f4me truffe. Moutarde au vin blanc et au vinaigre de vin: Eau, graines de MOUTARDE, vin blanc* 14%, vinaigre de vin* 8%, sel, sucre, conservateur : SULFITE acide de sodium, \u00e9pices, antioxydant : acide citrique, \u00e9paississant : gomme xanthane. *SULFITES. Pr\u00e9paration \u00e0 base de saumon et saumon fum\u00e9, de cr\u00e8me et de citron vert: SAUMON et SAUMON fum\u00e9 50%, CREME fraiche 37,5%,MOUTARDE (eau, graines de MOUTARDE, vinaigre d&#8217;alcool, sel), ciboulette, fibres v\u00e9g\u00e9tales (bl\u00e9, lin, agrumes), sucre, zeste de lime 1%, jus de citron vert concentr\u00e9 0,8%, sel de Gu\u00e9rande, \u00e9pices, aromates. Tapenade noire: Olives noires 75% (olives, eau, sel), huile d&#8217;olive vierge extra, c\u00e2pres 5% (c\u00e2pres, eau, vinaigre, sel), p\u00e2te d&#8217;ANCHOIS 4% (ANCHOIS, sel), ail, jus de citron concentr\u00e9, aromates. Pr\u00e9paration \u00e0 base de tomates, basilic et noix de cajou: Tomates concass\u00e9es 20% (tomate, jus de tomates, acidifiant : acide citrique), huile de colza, concentr\u00e9 de tomates 17%, poivron rouge, basilic 9%, FROMAGES italiens, eau, carottes, NOIX DE CAJOU 3,5%, ail, sel, \u00e9pices et aromates, sucre, ar\u00f4me naturel. Pr\u00e9paration \u00e0 base de pomme de terre et de truffe brumale 1,1%: Eau, CREME fra\u00eeche, pomme de terre 22,9%, flocon de pomme de terre 7,1%, huile d&#8217;olive, sel de Gu\u00e9rande, truffe Brumale 1,1 %, \u00e9pices et plantes aromatiques, ar\u00f4me truffe, extrait d&#8217;ail, extrait de carotte. M\u00e9lange ap\u00e9ritif \u00e0 r\u00e9hydrater &#8220;Thailandaise&#8221;: Ail, oignon, LACTOSE, curry, curcuma, poivre blanc, bouillon de l\u00e9gumes, piment, sel, acide citrique. M\u00e9lange ap\u00e9ritif \u00e0 r\u00e9hydrater &#8220;Bombay&#8221;: Mangue, ananas, curry, gingembre, sel, ail, piment. M\u00e9lange ap\u00e9ritif \u00e0 r\u00e9hydrater &#8220;Toscane&#8221;: FROMAGE, basilic, ail, oignon, NOISETTE, sel, pignon de pin, origan, poivre blanc, \u00e9paississant : gomme de guar. M\u00e9lange ap\u00e9ritif \u00e0 r\u00e9hydrater &#8220;M\u00e9diterran\u00e9en&#8221;: Tomate, ail, basilic, bouillon de l\u00e9gumes, origan. M\u00e9lange ap\u00e9ritif \u00e0 r\u00e9hydrater &#8220;Marrakech&#8221;: Curry (coriandre, curcuma, fenouil, sel, piment, cumin, fenugrec, carvi), sel de mer, persil, oignon, farine de MOUTARDE. Pr\u00e9paration culinaire \u00e0 base de sel rose de l&#8217;Himalaya, truffe noire 1% et poivre noir: Sel rose de l&#8217;Himalaya 98,08% (diamant de sel), brisures de truffes noires 1,12% (truffes noires (Tuber melanosporum), jus de truffes noires, eau, sel), poivre noir 0,8%. Poivre Noir de Timut: Poivre de Timut. Pr\u00e9paration \u00e0 base de figue et de pain d&#8217;\u00e9pices: Figues violettes 50%, sucre, eau, pain d&#8217;\u00e9pices 10%, (miel 38%, farine de SEIGLE, sirop de glucose-fructose, eau, poudres \u00e0 lever : E450, E500, \u00e9pices, son de SEIGLE, son de BLE, amidon de BLE), jus de citron concentr\u00e9. Pain d&#8217;\u00e9pices au miel: Sirop de glucose-fructose, farine de SEIGLE, miel 11%, poudre \u00e0 lever: carbonate acide de sodium, huile de colza, sel, \u00e9pices, plantes aromatisantes. Pr\u00e9paration de foie de canard \u00e0 la figue : Foie gras de canard 20%, foie de volaille, graisse de canard, figues 4%, OEUFS, LAIT, fond de blanc de volaille (maltodextrine, f\u00e9cule de pomme de terre, ar\u00f4mes naturels, sel, graisse de poule, viande de poulet, plantes aromatiques, poireau), sel, poivre, sucre, \u00e9pices. Pr\u00e9paration culinaire \u00e0 base d&#8217;huiles et ar\u00f4me truffe noire : Huile de colza 78,32%, huile d&#8217;olive vierge extra 19,58%, ar\u00f4me naturel. Noix de cajou \u00e0 la fleur de sel et au romarin : NOIX DE CAJOU, fleur de sel de Camargue 2,3%, romarin r\u00e9colt\u00e9 en Provence 1,4%, fibre d&#8217;acacia. Biscuit au parmesan : Farine de BL\u00c9, BEURRE, PARMESAN, EMMENTAL, sucre, vin blanc (SULFITES), levure chimique, sel, poivre. Biscuit aux olives noires : Farine de BL\u00c9, olives noires, huile de tournesol, vin blanc (SULFITES), sucre, levure chimique, thym, Fleur de sel, ail, sel, poivre.<\/p>\n<p><b>Conservation :\u00a0<\/b>A conserver \u00e0 l&#8217;abri de la chaleur et de l&#8217;humidit\u00e9. Ne pas mettre au r\u00e9frig\u00e9rateur.<\/p>\n<p><b>Traces possibles :\u00a0<\/b>Pr\u00e9paration \u00e0 base de saumon et saumon fum\u00e9, de cr\u00e8me et de citron vert : Peut contenir des traces de crustac\u00e9s, fruits \u00e0 coques, mollusques, \u0153ufs et s\u00e9same. Tapenade noire: Peut contenir des traces de crustac\u00e9s, fruits \u00e0 coque, lait, mollusque, moutarde et oeufs. Pr\u00e9paration \u00e0 base de tomates, basilic et noix de cajou: Peut contenir des traces de crustac\u00e9s, mollusques, \u0153ufs et poissons. Pr\u00e9paration \u00e0 base de pomme de terre et de truffe brumale 1,1%: Peut contenir des traces de crustac\u00e9s, fruits \u00e0 coques, mollusque, moutarde, poisson, \u0153ufs et s\u00e9same. M\u00e9langes ap\u00e9ritifs \u00e0 r\u00e9hydrater : Peut contenir des traces d&#8217;\u0153ufs, soja, gluten, moutarde, c\u00e9leri et de s\u00e9same selon le parfum. Pr\u00e9paration \u00e0 base de figue et de pain d&#8217;\u00e9pices: Peut contenir des traces de crustac\u00e9s, mollusques, moutarde, poissons, \u0153ufs, fruits \u00e0 coque, lait et s\u00e9same. Noix de cajou \u00e0 la fleur de sel et au romarin : Peut contenir des traces d&#8217;arachides, d&#8217;autres fruits \u00e0 coque, gluten, lait, moutarde, et s\u00e9same. Pain d&#8217;\u00e9pices au miel: Peut contenir des traces de fruits \u00e0 coque et de lait. Biscuit au parmesan et biscuit aux olives noires : Peut contenir des traces de fruits \u00e0 coques.<\/p>\n<p><b>Allerg\u00e8nes :\u00a0<\/b>Gluten, Sulfites, \u0152ufs, Lait<\/p>\n","protected":false},"excerpt":{"rendered":"<p>En attendant l&#8217;arriv\u00e9e de No\u00ebl voici notre calendrier de l&#8217;avent sal\u00e9,<\/p>\n<p>d\u00e9couvrez chaque jour une s\u00e9lection gourmande de nos meilleurs produits d&#8217;\u00e9picerie (moutardes, tartinables, sels et poivres, mathildettes ap\u00e9ro, foie gras, confit, pain d&#8217;\u00e9pices&#8230;)<\/p>\n<p>dans votre\u00a0<b>calendrier de l&#8217;avent sal\u00e9\u00a0<\/b>qui enchantera les papilles des plus fins gourmets ! Un \u00e9crin soign\u00e9 r\u00e9v\u00e9lant une multitude de recette \u00e9labor\u00e9e par nos soins dans notre manufacture en Provence.<\/p>\n<p>Pour cette fin d&#8217;ann\u00e9e, nous vous proposons des parfums g\u00e9n\u00e9reux et des go\u00fbts audacieux pour un ap\u00e9ritif gourmet ou \u00e0 incorporer dans une recette festive !<\/p>\n<p>Et pour faire durer le plaisir, une 25\u00e8me surprise viendra sublimer le jour de No\u00ebl.<\/p>\n<p>Id\u00e9al pour les amateurs de produits sal\u00e9s qui ne trouvent pas leur bonheur parmi tous les calendriers sucr\u00e9s.<\/p>\n","protected":false},"featured_media":20806,"template":"","meta":{"_monsterinsights_skip_tracking":false,"_monsterinsights_sitenote_active":false,"_monsterinsights_sitenote_note":"","_monsterinsights_sitenote_category":0},"product_brand":[],"product_cat":[226],"product_tag":[],"class_list":{"0":"post-20805","1":"product","2":"type-product","3":"status-publish","4":"has-post-thumbnail","6":"product_cat-calendrier-de-lavent-brest-quimper-lanester","8":"first","9":"outofstock","10":"shipping-taxable","11":"purchasable","12":"product-type-simple"},"jetpack_sharing_enabled":true,"_links":{"self":[{"href":"https:\/\/www.lepicerieduphare.fr\/accueil\/wp-json\/wp\/v2\/product\/20805","targetHints":{"allow":["GET"]}}],"collection":[{"href":"https:\/\/www.lepicerieduphare.fr\/accueil\/wp-json\/wp\/v2\/product"}],"about":[{"href":"https:\/\/www.lepicerieduphare.fr\/accueil\/wp-json\/wp\/v2\/types\/product"}],"version-history":[{"count":3,"href":"https:\/\/www.lepicerieduphare.fr\/accueil\/wp-json\/wp\/v2\/product\/20805\/revisions"}],"predecessor-version":[{"id":20810,"href":"https:\/\/www.lepicerieduphare.fr\/accueil\/wp-json\/wp\/v2\/product\/20805\/revisions\/20810"}],"wp:featuredmedia":[{"embeddable":true,"href":"https:\/\/www.lepicerieduphare.fr\/accueil\/wp-json\/wp\/v2\/media\/20806"}],"wp:attachment":[{"href":"https:\/\/www.lepicerieduphare.fr\/accueil\/wp-json\/wp\/v2\/media?parent=20805"}],"wp:term":[{"taxonomy":"product_brand","embeddable":true,"href":"https:\/\/www.lepicerieduphare.fr\/accueil\/wp-json\/wp\/v2\/product_brand?post=20805"},{"taxonomy":"product_cat","embeddable":true,"href":"https:\/\/www.lepicerieduphare.fr\/accueil\/wp-json\/wp\/v2\/product_cat?post=20805"},{"taxonomy":"product_tag","embeddable":true,"href":"https:\/\/www.lepicerieduphare.fr\/accueil\/wp-json\/wp\/v2\/product_tag?post=20805"}],"curies":[{"name":"wp","href":"https:\/\/api.w.org\/{rel}","templated":true}]}}