{"id":20629,"date":"2022-10-04T10:51:03","date_gmt":"2022-10-04T08:51:03","guid":{"rendered":"https:\/\/www.lepicerieduphare.fr\/accueil\/?post_type=product&#038;p=20629"},"modified":"2022-10-04T11:36:21","modified_gmt":"2022-10-04T09:36:21","slug":"calendrier-de-lavent-sucre","status":"publish","type":"product","link":"https:\/\/www.lepicerieduphare.fr\/accueil\/produit\/chocolat-brest-idee-cadeaux\/calendrier-de-lavent-sucre\/","title":{"rendered":"Calendrier de l&#8217;Avent sucr\u00e9 Brest Quimper Lanester"},"content":{"rendered":"<h2><b style=\"font-size: 16px;\">Calendrier Ingr\u00e9dients : <\/b><\/h2>\n<p><span style=\"font-size: 16px;\">Perles de c\u00e9r\u00e9ales croustillantes enrob\u00e9e de chocolat au lait et de sucre p\u00e9tillant : Chocolat au LAIT 80% (sucre, beurre de cacao, LAIT entier en poudre, p\u00e2te de cacao, \u00e9mulsifiant : l\u00e9cithine de SOJA, ar\u00f4me naturel de vanille. Cacao : 31% minimum), c\u00e9r\u00e9ale croustillante 16% (farine de riz, farine de ma\u00efs, sucre, poudre \u00e0 lever : bicarbonate de sodium, sel, huile de tournesol, \u00e9mulsifiant : l\u00e9cithine de tournesol), sucre p\u00e9tillant 4% (saccharose, LACTOSE monohydrat\u00e9, glucose, dioxyde de carbone), agents d&#8217;enrobage : gomme arabique, shellac, sucre, sirop de glucose. Perles de c\u00e9r\u00e9ales enrob\u00e9es de chocolat au Lait au go\u00fbt de caramel : Chocolat au LAIT 83% (sucre, beurre de cacao, LAIT entier en poudre, p\u00e2te de cacao, \u00e9mulsifiant : l\u00e9cithine de SOJA, ar\u00f4me naturel de vanille. Cacao: 31% minimum.), c\u00e9r\u00e9ales croustillantes 17% (farine de riz, farine de ma\u00efs, sucre, poudre \u00e0 lever : bicarbonate de sodium, sel, huile de tournesol, \u00e9mulsifiant : l\u00e9cithine de tournesol), agents d&#8217;enrobage : gomme arabique, schellac, sucre, sirop de glucose, ar\u00f4me naturel Perles de c\u00e9r\u00e9ales croustillantes enrob\u00e9es de chocolat au lait et \u00e9clat de noix de coco r\u00e2p\u00e9e : Chocolat LAIT 80% (sucre, beurre de cacao, poudre de LAIT entier, p\u00e2te de cacao, \u00e9mulsifiant : l\u00e9cithine de SOJA, ar\u00f4me naturel de vanille. Cacao: 31% minimum.), c\u00e9r\u00e9ale croustillante 16% (farine de riz, farine de ma\u00efs, sucre, poudre \u00e0 lever : bicarbonate de sodium, sel, huile de tournesol, \u00e9mulsifiant : l\u00e9cithine de tournesol), noix de coco rap\u00e9e 4%, agents d\u2019enrobage : gomme arabique, shellac, sucre, sirop de glucose. Perles de c\u00e9r\u00e9ales croustillantes enrob\u00e9es de chocolat et sucre p\u00e9tillant : Chocolat blanc 80% (sucre, beurre de cacao, poudre de LAIT entier, \u00e9mulsifiant : l\u00e9cithine de SOJA, ar\u00f4me naturel de vanille), c\u00e9r\u00e9ale croustillante 16% (farine de riz, farine de ma\u00efs, sucre, poudre \u00e0 lever : bicarbonate de sodium, sel, huile de tournesol, \u00e9mulsifiant : l\u00e9cithine de tournesol), sucre p\u00e9tillant 2,6% (saccharose, LACTOSE monohydrat\u00e9, glucose, dioxyde de carbone), concentr\u00e9s : radis, citron, cassis, agents d&#8217;enrobage : gomme arabique, shellac; sucre, sirop de glucose. P\u00e2te \u00e0 tartiner lait noisette \u00e9clats de caramel au beurre sal\u00e9 : Sucre, p\u00e2te de NOISETTES 30%, graisses v\u00e9g\u00e9tales (huiles : tournesol, grignon d&#8217;olives, carthame et beurre de cacao), LAIT \u00e9cr\u00e9m\u00e9 en poudre 11%, caramel aromatique au BEURRE sal\u00e9 et \u00e0 la CREME 5% (sucre, sirop de glucose, BEURRE sal\u00e9, CREME), cacao maigre en poudre, \u00e9mulsifiant : l\u00e9cithine de SOJA. P\u00e2te \u00e0 tartiner lait noisette : Sucre, p\u00e2te de NOISETTES 30%, graisses v\u00e9g\u00e9tales (huiles : tournesol, grignon d&#8217;olives, carthame et beurre de cacao), LAIT \u00e9cr\u00e9m\u00e9 en poudre 11%, cacao maigre en poudre, \u00e9mulsifiant : l\u00e9cithine de SOJA. Guimauve enrob\u00e9e de chocolat au lait : Sirop de glucose, chocolat au LAIT 30% (sucre, beurre de cacao, poudre de LAIT entier, masse de cacao, \u00e9mulsifiant : l\u00e9cithine de SOJA, ar\u00f4me naturel de vanille), sucre, eau, dextrose, sucre glace, g\u00e9latine (porc), ar\u00f4me naturel de vanille, prot\u00e9ines de LAIT hydrolys\u00e9es. Truffe fantaisie chocolat au lait noisette : Chocolat au LAIT 42,86% (sucre, beurre de cacao, LAIT entier en poudre, p\u00e2te de cacao, \u00e9mulsifiant : l\u00e9cithine de SOJA, ar\u00f4me naturel de vanille. Cacao : 33% minimum), p\u00e2te de NOISETTES 28,54%, sucre glace (saccharose, amidon), NOISETTES hach\u00e9es 9,53%, beurre de cacao, cacao maigre en poudre. Truffe fantaisie chocolat noir et gru\u00e9 de cacao : Chocolat noir 47,5% (p\u00e2te de cacao, sucre, beurre de cacao, \u00e9mulsifiant : l\u00e9cithine de SOJA, ar\u00f4me naturel de vanille. Cacao : 70% minimum), p\u00e2te de NOISETTES 31,67%, sucre glace (saccharose, amidon), beurre de cacao, gru\u00e9 de cacao caram\u00e9lis\u00e9 5% (f\u00e8ves de cacao 70%, sucre, caramel (sucre, eau)), cacao maigre en poudre. Truffe fantaisie chocolat blanc au caramel et \u00e9clats de caramel : Chocolat blanc au caramel 45,45% (sucre, beurre de cacao, poudre de caramel avec mati\u00e8re grasse LAITi\u00e8re 21% (poudre de LAIT \u00e9cr\u00e9m\u00e9, lactos\u00e9rum en poudre (LAIT), sucre, mati\u00e8re grasse LAITi\u00e8re anhydre, ar\u00f4me naturel de vanille), poudre de LAIT entier, sucre c<\/span><\/p>\n","protected":false},"excerpt":{"rendered":"<h1 class=\"h1\">Calendrier de l&#8217;Avent sucr\u00e9 Brest Quimper Lanester<\/h1>\n<div id=\"vue-product-prices\" class=\"product-prices\">\n<div class=\"product-price h5 \">\n<p class=\"product-unit-price sub\">(90,70\u00a0\u20ac \/Kg)<\/p>\n<\/div>\n<\/div>\n<div class=\"product-information\">\n<div id=\"product-description-short-402\">\n<p>Ho ! Ho ! Ho ! Vous l\u2019entendez\u00a0? Le P\u00e8re-No\u00ebl s&#8217;appr\u00eate \u00e0 faire sa tourn\u00e9e annuelle ! En attendant son arriv\u00e9e, d\u00e9couvrez chaque jour une\u00a0gourmandise sucr\u00e9e dans votre\u00a0<b>calendrier de l&#8217;avent 2022 <\/b>qui met \u00e0 l&#8217;honneur un traditionnel conte de No\u00ebl avec le personnage de &#8220;casse noisette&#8221;! En plus des 24 surprises qui vous attendent, participez \u00e0 notre\u00a0<b>JEU CONCOURS\u00a0<\/b>disponible pour tout achat d&#8217;un calendrier ! 430 grammes de gourmandises !<\/p>\n<p>&nbsp;<\/p>\n<\/div>\n<blockquote><p><span style=\"color: #ff0000;\"><strong>Disponible en magasin uniquement \u00e0 partir du 11\/10\/2022<\/strong><\/span><\/p>\n<p><span style=\"color: #008000;\">pour r\u00e9server vos calendriers, cliquer sur la boutique de retrait de votre choix :<\/span><\/p>\n<p><span style=\"color: #008000;\"><strong><a style=\"color: #008000;\" href=\"https:\/\/www.lepicerieduphare.fr\/accueil\/reservation-de-calendrier-le-comptoir-de-mathilde-brest\/\">Brest\u00a0<\/a><\/strong>(centre commercial G\u00e9ant)<\/span><\/p>\n<p><span style=\"color: #008000;\"><strong><a style=\"color: #008000;\" href=\"https:\/\/www.lepicerieduphare.fr\/accueil\/reservation-de-calendrier-le-comptoir-de-mathilde-quimper\/\" data-type=\"post\" data-id=\"20605\">Quimper<\/a>\u00a0<\/strong>(6 rue k\u00e9r\u00e9on Quimper centre)<\/span><\/p>\n<p><span style=\"color: #008000;\"><strong><a style=\"color: #008000;\" href=\"https:\/\/www.lepicerieduphare.fr\/accueil\/reservation-de-calendrier-le-comptoir-de-mathilde-lanester\/\" data-type=\"post\" data-id=\"20610\">Lanester<\/a>\u00a0<\/strong>(centre commercial G\u00e9ant)<\/span><\/p><\/blockquote>\n<\/div>\n","protected":false},"featured_media":20606,"template":"","meta":{"_monsterinsights_skip_tracking":false,"_monsterinsights_sitenote_active":false,"_monsterinsights_sitenote_note":"","_monsterinsights_sitenote_category":0},"product_brand":[],"product_cat":[226],"product_tag":[],"class_list":{"0":"post-20629","1":"product","2":"type-product","3":"status-publish","4":"has-post-thumbnail","6":"product_cat-calendrier-de-lavent-brest-quimper-lanester","8":"first","9":"outofstock","10":"shipping-taxable","11":"purchasable","12":"product-type-simple"},"jetpack_sharing_enabled":true,"_links":{"self":[{"href":"https:\/\/www.lepicerieduphare.fr\/accueil\/wp-json\/wp\/v2\/product\/20629","targetHints":{"allow":["GET"]}}],"collection":[{"href":"https:\/\/www.lepicerieduphare.fr\/accueil\/wp-json\/wp\/v2\/product"}],"about":[{"href":"https:\/\/www.lepicerieduphare.fr\/accueil\/wp-json\/wp\/v2\/types\/product"}],"version-history":[{"count":13,"href":"https:\/\/www.lepicerieduphare.fr\/accueil\/wp-json\/wp\/v2\/product\/20629\/revisions"}],"predecessor-version":[{"id":20652,"href":"https:\/\/www.lepicerieduphare.fr\/accueil\/wp-json\/wp\/v2\/product\/20629\/revisions\/20652"}],"wp:featuredmedia":[{"embeddable":true,"href":"https:\/\/www.lepicerieduphare.fr\/accueil\/wp-json\/wp\/v2\/media\/20606"}],"wp:attachment":[{"href":"https:\/\/www.lepicerieduphare.fr\/accueil\/wp-json\/wp\/v2\/media?parent=20629"}],"wp:term":[{"taxonomy":"product_brand","embeddable":true,"href":"https:\/\/www.lepicerieduphare.fr\/accueil\/wp-json\/wp\/v2\/product_brand?post=20629"},{"taxonomy":"product_cat","embeddable":true,"href":"https:\/\/www.lepicerieduphare.fr\/accueil\/wp-json\/wp\/v2\/product_cat?post=20629"},{"taxonomy":"product_tag","embeddable":true,"href":"https:\/\/www.lepicerieduphare.fr\/accueil\/wp-json\/wp\/v2\/product_tag?post=20629"}],"curies":[{"name":"wp","href":"https:\/\/api.w.org\/{rel}","templated":true}]}}