{"id":19952,"date":"2021-03-26T18:15:52","date_gmt":"2021-03-26T17:15:52","guid":{"rendered":"https:\/\/www.lepicerieduphare.fr\/accueil\/?post_type=product&#038;p=19952"},"modified":"2024-06-12T12:45:48","modified_gmt":"2024-06-12T10:45:48","slug":"camembert-en-chocolat-lait-praline-noisette","status":"publish","type":"product","link":"https:\/\/www.lepicerieduphare.fr\/accueil\/produit\/chocolat-brest-idee-cadeaux\/camembert-en-chocolat-lait-praline-noisette\/","title":{"rendered":"Camembert en chocolat lait pralin\u00e9 noisette"},"content":{"rendered":"<h1 class=\"h1\">Camembert en chocolat lait pralin\u00e9 noisette<\/h1>\n<div id=\"vue-product-prices\" class=\"product-prices\">\n<div class=\"product-price h5 \">\n<p class=\"product-unit-price sub\">\n<\/div>\n<\/div>\n<div class=\"product-information\">\n<div id=\"product-description-short-884\">Envie d&#8217;originalit\u00e9, de surprendre ? Le camembert en chocolat de Mathilde est fait pour vous !<\/div>\n<\/div>\n","protected":false},"excerpt":{"rendered":"<p>Etonnez vos amis et vos proches avec le saucisson et le camembert Pralin\u00e9-Noisettes accompagn\u00e9 de sa planche \u00e0 d\u00e9couper. Il ressemble \u00e0 s&#8217;y m\u00e9prendre \u00e0 son cousin sal\u00e9&#8230;<\/p>\n","protected":false},"featured_media":19953,"template":"","meta":{"_monsterinsights_skip_tracking":false,"_monsterinsights_sitenote_active":false,"_monsterinsights_sitenote_note":"","_monsterinsights_sitenote_category":0},"product_brand":[],"product_cat":[116],"product_tag":[],"class_list":{"0":"post-19952","1":"product","2":"type-product","3":"status-publish","4":"has-post-thumbnail","6":"product_cat-chocolat-a-casser","8":"first","9":"outofstock","10":"shipping-taxable","11":"purchasable","12":"product-type-simple"},"jetpack_sharing_enabled":true,"_links":{"self":[{"href":"https:\/\/www.lepicerieduphare.fr\/accueil\/wp-json\/wp\/v2\/product\/19952","targetHints":{"allow":["GET"]}}],"collection":[{"href":"https:\/\/www.lepicerieduphare.fr\/accueil\/wp-json\/wp\/v2\/product"}],"about":[{"href":"https:\/\/www.lepicerieduphare.fr\/accueil\/wp-json\/wp\/v2\/types\/product"}],"version-history":[{"count":1,"href":"https:\/\/www.lepicerieduphare.fr\/accueil\/wp-json\/wp\/v2\/product\/19952\/revisions"}],"predecessor-version":[{"id":20144,"href":"https:\/\/www.lepicerieduphare.fr\/accueil\/wp-json\/wp\/v2\/product\/19952\/revisions\/20144"}],"wp:featuredmedia":[{"embeddable":true,"href":"https:\/\/www.lepicerieduphare.fr\/accueil\/wp-json\/wp\/v2\/media\/19953"}],"wp:attachment":[{"href":"https:\/\/www.lepicerieduphare.fr\/accueil\/wp-json\/wp\/v2\/media?parent=19952"}],"wp:term":[{"taxonomy":"product_brand","embeddable":true,"href":"https:\/\/www.lepicerieduphare.fr\/accueil\/wp-json\/wp\/v2\/product_brand?post=19952"},{"taxonomy":"product_cat","embeddable":true,"href":"https:\/\/www.lepicerieduphare.fr\/accueil\/wp-json\/wp\/v2\/product_cat?post=19952"},{"taxonomy":"product_tag","embeddable":true,"href":"https:\/\/www.lepicerieduphare.fr\/accueil\/wp-json\/wp\/v2\/product_tag?post=19952"}],"curies":[{"name":"wp","href":"https:\/\/api.w.org\/{rel}","templated":true}]}}