{"id":19950,"date":"2021-03-26T18:12:50","date_gmt":"2021-03-26T17:12:50","guid":{"rendered":"https:\/\/www.lepicerieduphare.fr\/accueil\/?post_type=product&#038;p=19950"},"modified":"2024-06-12T12:45:48","modified_gmt":"2024-06-12T10:45:48","slug":"saucisson-en-chocolat-lait-praline-noisette","status":"publish","type":"product","link":"https:\/\/www.lepicerieduphare.fr\/accueil\/produit\/chocolat-brest-idee-cadeaux\/saucisson-en-chocolat-lait-praline-noisette\/","title":{"rendered":"Saucisson en chocolat lait pralin\u00e9 noisette"},"content":{"rendered":"<h1 class=\"h1\">Saucisson en chocolat lait pralin\u00e9 noisette<\/h1>\n<div class=\"product-information\">\n<div id=\"product-description-short-323\">\n<p>Etonnez vos amis et vos proches avec le saucisson Pralin\u00e9-Noisettes qui ressemble \u00e0 s&#8217;y m\u00e9prendre \u00e0 son cousin sal\u00e9.<\/p>\n<\/div>\n<\/div>\n","protected":false},"excerpt":{"rendered":"<p>Etonnez vos amis et vos proches avec le saucisson et le camembert Pralin\u00e9-Noisettes accompagn\u00e9 de sa planche \u00e0 d\u00e9couper. Il ressemble \u00e0 s&#8217;y m\u00e9prendre \u00e0 son cousin sal\u00e9&#8230;<\/p>\n","protected":false},"featured_media":19951,"template":"","meta":{"_monsterinsights_skip_tracking":false,"_monsterinsights_sitenote_active":false,"_monsterinsights_sitenote_note":"","_monsterinsights_sitenote_category":0},"product_brand":[],"product_cat":[116],"product_tag":[],"class_list":{"0":"post-19950","1":"product","2":"type-product","3":"status-publish","4":"has-post-thumbnail","6":"product_cat-chocolat-a-casser","8":"first","9":"outofstock","10":"shipping-taxable","11":"purchasable","12":"product-type-simple"},"jetpack_sharing_enabled":true,"_links":{"self":[{"href":"https:\/\/www.lepicerieduphare.fr\/accueil\/wp-json\/wp\/v2\/product\/19950","targetHints":{"allow":["GET"]}}],"collection":[{"href":"https:\/\/www.lepicerieduphare.fr\/accueil\/wp-json\/wp\/v2\/product"}],"about":[{"href":"https:\/\/www.lepicerieduphare.fr\/accueil\/wp-json\/wp\/v2\/types\/product"}],"version-history":[{"count":1,"href":"https:\/\/www.lepicerieduphare.fr\/accueil\/wp-json\/wp\/v2\/product\/19950\/revisions"}],"predecessor-version":[{"id":20145,"href":"https:\/\/www.lepicerieduphare.fr\/accueil\/wp-json\/wp\/v2\/product\/19950\/revisions\/20145"}],"wp:featuredmedia":[{"embeddable":true,"href":"https:\/\/www.lepicerieduphare.fr\/accueil\/wp-json\/wp\/v2\/media\/19951"}],"wp:attachment":[{"href":"https:\/\/www.lepicerieduphare.fr\/accueil\/wp-json\/wp\/v2\/media?parent=19950"}],"wp:term":[{"taxonomy":"product_brand","embeddable":true,"href":"https:\/\/www.lepicerieduphare.fr\/accueil\/wp-json\/wp\/v2\/product_brand?post=19950"},{"taxonomy":"product_cat","embeddable":true,"href":"https:\/\/www.lepicerieduphare.fr\/accueil\/wp-json\/wp\/v2\/product_cat?post=19950"},{"taxonomy":"product_tag","embeddable":true,"href":"https:\/\/www.lepicerieduphare.fr\/accueil\/wp-json\/wp\/v2\/product_tag?post=19950"}],"curies":[{"name":"wp","href":"https:\/\/api.w.org\/{rel}","templated":true}]}}