{"id":19818,"date":"2021-02-01T18:20:09","date_gmt":"2021-02-01T17:20:09","guid":{"rendered":"https:\/\/www.lepicerieduphare.fr\/accueil\/?post_type=product&#038;p=19818"},"modified":"2024-06-12T12:46:31","modified_gmt":"2024-06-12T10:46:31","slug":"chocolat-ruby-80g","status":"publish","type":"product","link":"https:\/\/www.lepicerieduphare.fr\/accueil\/produit\/chocolat-brest-idee-cadeaux\/chocolat-ruby-80g\/","title":{"rendered":"Chocolat LAIT OURSON COEUR"},"content":{"rendered":"<p>Le Comptoir de Mathilde est pass\u00e9 ma\u00eetre dans l&#8217;art de confectionner les meilleurs chocolats pour le plus grand plaisir des gourmands. Confectionn\u00e9es de fa\u00e7on artisanale dans la fabrique, nos cr\u00e9ations sauront vous offrir de douces associations de saveurs, provoquer des d\u00e9couvertes gustatives ou encore de fabuleux voyages exotiques sensoriels.<\/p>\n<p>&nbsp;<\/p>\n<p>&nbsp;<\/p>\n<p>&nbsp;<\/p>\n<p>&nbsp;<\/p>\n","protected":false},"excerpt":{"rendered":"<p>Le Comptoir de Mathilde est pass\u00e9 ma\u00eetre dans l&#8217;art de confectionner les meilleurs chocolats pour le plus grand plaisir des gourmands&#8230;.<\/p>\n","protected":false},"featured_media":19819,"template":"","meta":{"_monsterinsights_skip_tracking":false,"_monsterinsights_sitenote_active":false,"_monsterinsights_sitenote_note":"","_monsterinsights_sitenote_category":0},"product_brand":[],"product_cat":[116],"product_tag":[],"class_list":{"0":"post-19818","1":"product","2":"type-product","3":"status-publish","4":"has-post-thumbnail","6":"product_cat-chocolat-a-casser","8":"first","9":"outofstock","10":"shipping-taxable","11":"purchasable","12":"product-type-simple"},"jetpack_sharing_enabled":true,"_links":{"self":[{"href":"https:\/\/www.lepicerieduphare.fr\/accueil\/wp-json\/wp\/v2\/product\/19818","targetHints":{"allow":["GET"]}}],"collection":[{"href":"https:\/\/www.lepicerieduphare.fr\/accueil\/wp-json\/wp\/v2\/product"}],"about":[{"href":"https:\/\/www.lepicerieduphare.fr\/accueil\/wp-json\/wp\/v2\/types\/product"}],"version-history":[{"count":1,"href":"https:\/\/www.lepicerieduphare.fr\/accueil\/wp-json\/wp\/v2\/product\/19818\/revisions"}],"predecessor-version":[{"id":20481,"href":"https:\/\/www.lepicerieduphare.fr\/accueil\/wp-json\/wp\/v2\/product\/19818\/revisions\/20481"}],"wp:featuredmedia":[{"embeddable":true,"href":"https:\/\/www.lepicerieduphare.fr\/accueil\/wp-json\/wp\/v2\/media\/19819"}],"wp:attachment":[{"href":"https:\/\/www.lepicerieduphare.fr\/accueil\/wp-json\/wp\/v2\/media?parent=19818"}],"wp:term":[{"taxonomy":"product_brand","embeddable":true,"href":"https:\/\/www.lepicerieduphare.fr\/accueil\/wp-json\/wp\/v2\/product_brand?post=19818"},{"taxonomy":"product_cat","embeddable":true,"href":"https:\/\/www.lepicerieduphare.fr\/accueil\/wp-json\/wp\/v2\/product_cat?post=19818"},{"taxonomy":"product_tag","embeddable":true,"href":"https:\/\/www.lepicerieduphare.fr\/accueil\/wp-json\/wp\/v2\/product_tag?post=19818"}],"curies":[{"name":"wp","href":"https:\/\/api.w.org\/{rel}","templated":true}]}}