{"id":19811,"date":"2021-02-01T16:33:06","date_gmt":"2021-02-01T15:33:06","guid":{"rendered":"https:\/\/www.lepicerieduphare.fr\/accueil\/?post_type=product&#038;p=19811"},"modified":"2024-06-12T12:46:30","modified_gmt":"2024-06-12T10:46:30","slug":"fondue-au-chocolat-noir-200g","status":"publish","type":"product","link":"https:\/\/www.lepicerieduphare.fr\/accueil\/produit\/chocolat-brest-idee-cadeaux\/fondue-au-chocolat-noir-200g\/","title":{"rendered":"FONDUE AU CHOCOLAT NOIR 200G"},"content":{"rendered":"<h1 class=\"h1\">Fondue de Chocolat NOIR 200G<\/h1>\n<div class=\"product-information\">\n<div id=\"product-description-short-2224\">\n<p>Profitez d&#8217;un instant d\u00e9tente et partag\u00e9 avec notre fameuse <strong>fondue de Chocolat NOIR<\/strong> accompagn\u00e9e de <strong>ses mini COEURS<\/strong>. Facile \u00e0 pr\u00e9parer : en 5min top chrono vous pourrez d\u00e9guster !<\/p>\n<p>Il est grand temps de faire une &#8220;Fondue Party&#8221; ou d&#8217;organiser un go\u00fbter d&#8217;anniversaire original et surtout ultra gourmand !<\/p>\n<p>Avec des fruits frais, des brochettes de guimauves ou tout simplement des biscuits croquants, vous n&#8217;aurez qu&#8217;\u00e0 tremper vos gourmandises et les d\u00e9guster !<\/p>\n<\/div>\n<\/div>\n","protected":false},"excerpt":{"rendered":"<p>Fondue de Chocolat NOIR 200G Profitez d&#8217;un instant d\u00e9tente et partag\u00e9 avec notre fameuse fondue de Chocolat NOIR accompagn\u00e9e de ses&#8230;<\/p>\n","protected":false},"featured_media":19812,"template":"","meta":{"_monsterinsights_skip_tracking":false,"_monsterinsights_sitenote_active":false,"_monsterinsights_sitenote_note":"","_monsterinsights_sitenote_category":0},"product_brand":[],"product_cat":[116],"product_tag":[],"class_list":{"0":"post-19811","1":"product","2":"type-product","3":"status-publish","4":"has-post-thumbnail","6":"product_cat-chocolat-a-casser","8":"first","9":"outofstock","10":"shipping-taxable","11":"purchasable","12":"product-type-simple"},"jetpack_sharing_enabled":true,"_links":{"self":[{"href":"https:\/\/www.lepicerieduphare.fr\/accueil\/wp-json\/wp\/v2\/product\/19811","targetHints":{"allow":["GET"]}}],"collection":[{"href":"https:\/\/www.lepicerieduphare.fr\/accueil\/wp-json\/wp\/v2\/product"}],"about":[{"href":"https:\/\/www.lepicerieduphare.fr\/accueil\/wp-json\/wp\/v2\/types\/product"}],"version-history":[{"count":1,"href":"https:\/\/www.lepicerieduphare.fr\/accueil\/wp-json\/wp\/v2\/product\/19811\/revisions"}],"predecessor-version":[{"id":20147,"href":"https:\/\/www.lepicerieduphare.fr\/accueil\/wp-json\/wp\/v2\/product\/19811\/revisions\/20147"}],"wp:featuredmedia":[{"embeddable":true,"href":"https:\/\/www.lepicerieduphare.fr\/accueil\/wp-json\/wp\/v2\/media\/19812"}],"wp:attachment":[{"href":"https:\/\/www.lepicerieduphare.fr\/accueil\/wp-json\/wp\/v2\/media?parent=19811"}],"wp:term":[{"taxonomy":"product_brand","embeddable":true,"href":"https:\/\/www.lepicerieduphare.fr\/accueil\/wp-json\/wp\/v2\/product_brand?post=19811"},{"taxonomy":"product_cat","embeddable":true,"href":"https:\/\/www.lepicerieduphare.fr\/accueil\/wp-json\/wp\/v2\/product_cat?post=19811"},{"taxonomy":"product_tag","embeddable":true,"href":"https:\/\/www.lepicerieduphare.fr\/accueil\/wp-json\/wp\/v2\/product_tag?post=19811"}],"curies":[{"name":"wp","href":"https:\/\/api.w.org\/{rel}","templated":true}]}}