{"id":19803,"date":"2021-02-01T15:50:28","date_gmt":"2021-02-01T14:50:28","guid":{"rendered":"https:\/\/www.lepicerieduphare.fr\/accueil\/?post_type=product&#038;p=19803"},"modified":"2024-06-12T12:46:30","modified_gmt":"2024-06-12T10:46:30","slug":"sucette-noir-ourson-coeurs-rouges","status":"publish","type":"product","link":"https:\/\/www.lepicerieduphare.fr\/accueil\/produit\/chocolat-brest-idee-cadeaux\/sucette-noir-ourson-coeurs-rouges\/","title":{"rendered":"Sucette NOIR Ourson C\u0153urs Rouges"},"content":{"rendered":"<h1 class=\"h1\">Sucette NOIR Ourson C\u0153urs Rouges<\/h1>\n<div id=\"vue-product-prices\" class=\"product-prices\">\n<div class=\"product-price h5 \">\n<div class=\"current-price\">3,90\u00a0\u20ac<\/div>\n<\/div>\n<\/div>\n<div id=\"product-description-short\">\n<p>D\u00e9clarez votre amour avec gourmandise gr\u00e2ce \u00e0 notre sucette en chocolat au lait avec un sujet ourson et ses petits c\u0153urs en sucre.<\/p>\n<\/div>\n<p>&nbsp;<\/p>\n<p>&nbsp;<\/p>\n<p>&nbsp;<\/p>\n<div class=\"product-actions\">\n<form id=\"add-to-cart-or-refresh\" action=\"https:\/\/www.lecomptoirdemathilde.com\/fr\/panier\" method=\"post\">\n<div class=\"product-add-to-cart\"><span class=\"control-label\">\u00a0<\/span><\/div>\n<\/form>\n<\/div>\n<p>&nbsp;<\/p>\n<div class=\"product-actions\">\n<form id=\"add-to-cart-or-refresh\" action=\"https:\/\/www.lecomptoirdemathilde.com\/fr\/panier\" method=\"post\">\n<div class=\"product-variants\"><\/div>\n<div class=\"product-add-to-cart\"><span class=\"control-label\">\u00a0<\/span><\/div>\n<\/form>\n<\/div>\n<p>&nbsp;<\/p>\n<h3 id=\"nutritional-values\" class=\"h5\"><\/h3>\n<p>&nbsp;<\/p>\n<p>&nbsp;<\/p>\n<p>&nbsp;<\/p>\n<p>&nbsp;<\/p>\n<div id=\"product-description-short\">\n<div id=\"product-description-short\">\n<p>&nbsp;<\/p>\n<\/div>\n<\/div>\n<div id=\"product-description-short\">\n<p>&nbsp;<\/p>\n<\/div>\n","protected":false},"excerpt":{"rendered":"<h1 class=\"h1\">Sucette Lait Ourson C\u0153urs Rouges<\/h1>\n<div id=\"vue-product-prices\" class=\"product-prices\">\n<div class=\"product-price h5 \">\n<div class=\"current-price\">3,90\u00a0\u20ac<\/div>\n<\/div>\n<\/div>\n<div id=\"product-description-short\">\n<p>D\u00e9clarez votre amour avec gourmandise gr\u00e2ce \u00e0 notre sucette en chocolat au lait avec un sujet ourson et ses petits c\u0153urs en sucre.<\/p>\n<\/div>\n<p>&nbsp;<\/p>\n<p>&nbsp;<\/p>\n<p>&nbsp;<\/p>\n<p>&nbsp;<\/p>\n<p>&nbsp;<\/p>\n<div class=\"product-actions\">\n<form id=\"add-to-cart-or-refresh\" action=\"https:\/\/www.lecomptoirdemathilde.com\/fr\/panier\" method=\"post\">\n<div class=\"product-add-to-cart\"><span class=\"control-label\">\u00a0<\/span><\/div>\n<\/form>\n<\/div>\n<p>&nbsp;<\/p>\n<p>&nbsp;<\/p>\n<div class=\"product-actions\">\n<form id=\"add-to-cart-or-refresh\" action=\"https:\/\/www.lecomptoirdemathilde.com\/fr\/panier\" method=\"post\">\n<div class=\"product-variants\"><\/div>\n<div class=\"product-add-to-cart\"><span class=\"control-label\">\u00a0<\/span><\/div>\n<\/form>\n<\/div>\n<p>&nbsp;<\/p>\n<p>&nbsp;<\/p>\n<p>&nbsp;<\/p>\n<p>&nbsp;<\/p>\n<p>&nbsp;<\/p>\n<p>&nbsp;<\/p>\n<p>&nbsp;<\/p>\n<p>&nbsp;<\/p>\n<div id=\"product-description-short\">\n<div id=\"vue-product-prices\" class=\"product-prices\">\n<div class=\"product-price h5 \"><\/div>\n<\/div>\n<div id=\"product-description-short\">\n<div id=\"product-description-short\">\n<div id=\"product-description-short\">\n<div id=\"product-description-short\">\n<div id=\"product-description-short\">\n<p>&nbsp;<\/p>\n<\/div>\n<\/div>\n<\/div>\n<\/div>\n<\/div>\n<\/div>\n","protected":false},"featured_media":19804,"template":"","meta":{"_monsterinsights_skip_tracking":false,"_monsterinsights_sitenote_active":false,"_monsterinsights_sitenote_note":"","_monsterinsights_sitenote_category":0},"product_brand":[],"product_cat":[176],"product_tag":[],"class_list":{"0":"post-19803","1":"product","2":"type-product","3":"status-publish","4":"has-post-thumbnail","6":"product_cat-st-valentin","8":"first","9":"outofstock","10":"shipping-taxable","11":"purchasable","12":"product-type-simple"},"jetpack_sharing_enabled":true,"_links":{"self":[{"href":"https:\/\/www.lepicerieduphare.fr\/accueil\/wp-json\/wp\/v2\/product\/19803","targetHints":{"allow":["GET"]}}],"collection":[{"href":"https:\/\/www.lepicerieduphare.fr\/accueil\/wp-json\/wp\/v2\/product"}],"about":[{"href":"https:\/\/www.lepicerieduphare.fr\/accueil\/wp-json\/wp\/v2\/types\/product"}],"version-history":[{"count":1,"href":"https:\/\/www.lepicerieduphare.fr\/accueil\/wp-json\/wp\/v2\/product\/19803\/revisions"}],"predecessor-version":[{"id":20482,"href":"https:\/\/www.lepicerieduphare.fr\/accueil\/wp-json\/wp\/v2\/product\/19803\/revisions\/20482"}],"wp:featuredmedia":[{"embeddable":true,"href":"https:\/\/www.lepicerieduphare.fr\/accueil\/wp-json\/wp\/v2\/media\/19804"}],"wp:attachment":[{"href":"https:\/\/www.lepicerieduphare.fr\/accueil\/wp-json\/wp\/v2\/media?parent=19803"}],"wp:term":[{"taxonomy":"product_brand","embeddable":true,"href":"https:\/\/www.lepicerieduphare.fr\/accueil\/wp-json\/wp\/v2\/product_brand?post=19803"},{"taxonomy":"product_cat","embeddable":true,"href":"https:\/\/www.lepicerieduphare.fr\/accueil\/wp-json\/wp\/v2\/product_cat?post=19803"},{"taxonomy":"product_tag","embeddable":true,"href":"https:\/\/www.lepicerieduphare.fr\/accueil\/wp-json\/wp\/v2\/product_tag?post=19803"}],"curies":[{"name":"wp","href":"https:\/\/api.w.org\/{rel}","templated":true}]}}