{"id":19762,"date":"2020-12-26T19:20:29","date_gmt":"2020-12-26T18:20:29","guid":{"rendered":"https:\/\/www.lepicerieduphare.fr\/accueil\/?post_type=product&#038;p=19762"},"modified":"2025-09-23T10:14:40","modified_gmt":"2025-09-23T08:14:40","slug":"test-panier-compose","status":"publish","type":"product","link":"https:\/\/www.lepicerieduphare.fr\/accueil\/produit\/chocolat-brest-idee-cadeaux\/test-panier-compose\/","title":{"rendered":"Paniers garnis"},"content":{"rendered":"<p data-start=\"91\" data-end=\"171\"><strong data-start=\"91\" data-end=\"169\">Paniers garnis et coffrets cadeaux personnalis\u00e9s \u2013 Le Comptoir de Mathilde<\/strong><\/p>\n<p data-start=\"173\" data-end=\"498\">Offrez un cadeau gourmand unique avec <em data-start=\"211\" data-end=\"236\">Le Comptoir de Mathilde<\/em> ! Nous composons avec vous des <strong data-start=\"268\" data-end=\"300\">paniers garnis personnalis\u00e9s<\/strong> et des <strong data-start=\"308\" data-end=\"338\">coffrets cadeaux gourmands<\/strong> adapt\u00e9s \u00e0 toutes vos envies. Produits raffin\u00e9s, recettes authentiques et saveurs originales font de nos cr\u00e9ations un pr\u00e9sent id\u00e9al pour toutes les occasions.<\/p>\n<p data-start=\"500\" data-end=\"703\">\ud83c\udf81 Que ce soit pour <strong data-start=\"520\" data-end=\"580\">No\u00ebl, un anniversaire, un mariage, un d\u00e9part en retraite<\/strong> ou pour remercier vos clients et collaborateurs, nos <strong data-start=\"634\" data-end=\"666\">paniers gourmands sur mesure<\/strong> sauront s\u00e9duire les fins gourmets.<\/p>\n<p data-start=\"705\" data-end=\"872\">\ud83d\udccd Retrouvez-nous \u00e0 <strong data-start=\"725\" data-end=\"755\">Brest, Quimper et Lanester<\/strong> pour commander vos <strong data-start=\"775\" data-end=\"817\">coffrets cadeaux gourmands en Bretagne<\/strong>.<br data-start=\"818\" data-end=\"821\" \/>\ud83d\ude9a <strong data-start=\"824\" data-end=\"846\">Livraison possible<\/strong> pour plus de praticit\u00e9.<\/p>\n<p data-start=\"874\" data-end=\"1091\">\ud83d\udc49 Faites confiance \u00e0 <em data-start=\"896\" data-end=\"921\">Le Comptoir de Mathilde<\/em> pour offrir un <strong data-start=\"937\" data-end=\"961\">panier garni \u00e0 Brest<\/strong>, un <strong data-start=\"966\" data-end=\"994\">coffret cadeau \u00e0 Quimper<\/strong> ou un <strong data-start=\"1001\" data-end=\"1031\">panier gourmand \u00e0 Lanester<\/strong>, rempli de produits savoureux et de douceurs artisanales.<\/p>\n","protected":false},"excerpt":{"rendered":"<p>\ud83d\udc49 <em data-start=\"97\" data-end=\"247\">Composez vos paniers garnis avec Le Comptoir de Mathilde \u00e0 Brest, Quimper et Lanester. Coffrets cadeaux gourmands personnalis\u00e9s, livraison possible.<\/em><\/p>\n","protected":false},"featured_media":19655,"template":"","meta":{"_monsterinsights_skip_tracking":false,"_monsterinsights_sitenote_active":false,"_monsterinsights_sitenote_note":"","_monsterinsights_sitenote_category":0},"product_brand":[],"product_cat":[108,245],"product_tag":[],"class_list":{"0":"post-19762","1":"product","2":"type-product","3":"status-publish","4":"has-post-thumbnail","6":"product_cat-coffrets-cadeaux-brest","7":"product_cat-paniers-garnis","9":"first","10":"instock","11":"shipping-taxable","12":"purchasable","13":"product-type-composite"},"jetpack_sharing_enabled":true,"_links":{"self":[{"href":"https:\/\/www.lepicerieduphare.fr\/accueil\/wp-json\/wp\/v2\/product\/19762","targetHints":{"allow":["GET"]}}],"collection":[{"href":"https:\/\/www.lepicerieduphare.fr\/accueil\/wp-json\/wp\/v2\/product"}],"about":[{"href":"https:\/\/www.lepicerieduphare.fr\/accueil\/wp-json\/wp\/v2\/types\/product"}],"version-history":[{"count":2,"href":"https:\/\/www.lepicerieduphare.fr\/accueil\/wp-json\/wp\/v2\/product\/19762\/revisions"}],"predecessor-version":[{"id":21068,"href":"https:\/\/www.lepicerieduphare.fr\/accueil\/wp-json\/wp\/v2\/product\/19762\/revisions\/21068"}],"wp:featuredmedia":[{"embeddable":true,"href":"https:\/\/www.lepicerieduphare.fr\/accueil\/wp-json\/wp\/v2\/media\/19655"}],"wp:attachment":[{"href":"https:\/\/www.lepicerieduphare.fr\/accueil\/wp-json\/wp\/v2\/media?parent=19762"}],"wp:term":[{"taxonomy":"product_brand","embeddable":true,"href":"https:\/\/www.lepicerieduphare.fr\/accueil\/wp-json\/wp\/v2\/product_brand?post=19762"},{"taxonomy":"product_cat","embeddable":true,"href":"https:\/\/www.lepicerieduphare.fr\/accueil\/wp-json\/wp\/v2\/product_cat?post=19762"},{"taxonomy":"product_tag","embeddable":true,"href":"https:\/\/www.lepicerieduphare.fr\/accueil\/wp-json\/wp\/v2\/product_tag?post=19762"}],"curies":[{"name":"wp","href":"https:\/\/api.w.org\/{rel}","templated":true}]}}