{"id":19455,"date":"2020-11-10T21:35:23","date_gmt":"2020-11-10T20:35:23","guid":{"rendered":"https:\/\/www.lepicerieduphare.fr\/accueil\/?post_type=product&#038;p=19455"},"modified":"2024-06-12T12:46:30","modified_gmt":"2024-06-12T10:46:30","slug":"tablette-noix-de-pecan-chocolat-lait-80g","status":"publish","type":"product","link":"https:\/\/www.lepicerieduphare.fr\/accueil\/produit\/chocolat-brest-idee-cadeaux\/tablette-noix-de-pecan-chocolat-lait-80g\/","title":{"rendered":"Tablette NOIX DE PECAN &#8211; Chocolat lait 80G"},"content":{"rendered":"<h1 class=\"h1\">Tablette Noix de p\u00e9can &#8211; Chocolat lait<\/h1>\n<div id=\"product-description-short\">\n<p>Le Comptoir de Mathilde est pass\u00e9 ma\u00eetre dans l&#8217;art de confectionner les meilleurs chocolats pour le plus grand plaisir des gourmands. Confectionn\u00e9es de fa\u00e7on artisanale dans la fabrique, nos cr\u00e9ations sauront vous offrir de douces associations de saveurs, provoquer des d\u00e9couvertes gustatives ou encore de fabuleux voyages exotiques sensoriels.<\/p>\n<\/div>\n","protected":false},"excerpt":{"rendered":"<p>Tablette Noix de p\u00e9can &#8211; Chocolat lait Le Comptoir de Mathilde est pass\u00e9 ma\u00eetre dans l&#8217;art de confectionner les meilleurs chocolats&#8230;<\/p>\n","protected":false},"featured_media":19456,"template":"","meta":{"_monsterinsights_skip_tracking":false,"_monsterinsights_sitenote_active":false,"_monsterinsights_sitenote_note":"","_monsterinsights_sitenote_category":0},"product_brand":[],"product_cat":[116],"product_tag":[],"class_list":{"0":"post-19455","1":"product","2":"type-product","3":"status-publish","4":"has-post-thumbnail","6":"product_cat-chocolat-a-casser","8":"first","9":"outofstock","10":"shipping-taxable","11":"purchasable","12":"product-type-simple"},"jetpack_sharing_enabled":true,"_links":{"self":[{"href":"https:\/\/www.lepicerieduphare.fr\/accueil\/wp-json\/wp\/v2\/product\/19455","targetHints":{"allow":["GET"]}}],"collection":[{"href":"https:\/\/www.lepicerieduphare.fr\/accueil\/wp-json\/wp\/v2\/product"}],"about":[{"href":"https:\/\/www.lepicerieduphare.fr\/accueil\/wp-json\/wp\/v2\/types\/product"}],"version-history":[{"count":1,"href":"https:\/\/www.lepicerieduphare.fr\/accueil\/wp-json\/wp\/v2\/product\/19455\/revisions"}],"predecessor-version":[{"id":20483,"href":"https:\/\/www.lepicerieduphare.fr\/accueil\/wp-json\/wp\/v2\/product\/19455\/revisions\/20483"}],"wp:featuredmedia":[{"embeddable":true,"href":"https:\/\/www.lepicerieduphare.fr\/accueil\/wp-json\/wp\/v2\/media\/19456"}],"wp:attachment":[{"href":"https:\/\/www.lepicerieduphare.fr\/accueil\/wp-json\/wp\/v2\/media?parent=19455"}],"wp:term":[{"taxonomy":"product_brand","embeddable":true,"href":"https:\/\/www.lepicerieduphare.fr\/accueil\/wp-json\/wp\/v2\/product_brand?post=19455"},{"taxonomy":"product_cat","embeddable":true,"href":"https:\/\/www.lepicerieduphare.fr\/accueil\/wp-json\/wp\/v2\/product_cat?post=19455"},{"taxonomy":"product_tag","embeddable":true,"href":"https:\/\/www.lepicerieduphare.fr\/accueil\/wp-json\/wp\/v2\/product_tag?post=19455"}],"curies":[{"name":"wp","href":"https:\/\/api.w.org\/{rel}","templated":true}]}}