{"id":19445,"date":"2020-11-10T21:10:53","date_gmt":"2020-11-10T20:10:53","guid":{"rendered":"https:\/\/www.lepicerieduphare.fr\/accueil\/?post_type=product&#038;p=19445"},"modified":"2024-06-12T12:46:29","modified_gmt":"2024-06-12T10:46:29","slug":"rillettes-de-truite-fumee-et-poivre-de-kampot-biologique-90g","status":"publish","type":"product","link":"https:\/\/www.lepicerieduphare.fr\/accueil\/produit\/chocolat-brest-idee-cadeaux\/rillettes-de-truite-fumee-et-poivre-de-kampot-biologique-90g\/","title":{"rendered":"Rillettes de truite fum\u00e9e et poivre de Kampot &#8211; Biologique 90G"},"content":{"rendered":"<h1 class=\"h1\">Rillettes de truite fum\u00e9e et poivre de Kampot &#8211; Biologique<\/h1>\n<div class=\"product-information\">\n<div id=\"product-description-short-2314\">\n<p>Avec notre <strong>collection <\/strong>de <strong>tartinables biologique<\/strong>, prenez le temps de savourer une pr\u00e9paration qui prend soin de notre belle <strong>plan\u00e8te<\/strong>. Toujours en qu\u00eates des <strong>meilleures recettes d&#8217;\u00e9piceries<\/strong> <strong>fine<\/strong>, notre tartinable de <strong>Rillettes de truite fum\u00e9e<\/strong> et <strong>poivre de Kampot <\/strong>apportera de la couleur \u00e0 votre table.<\/p>\n<p><b>Ingr\u00e9dients : <\/b> TRUITE* 55 %, CREME* fra\u00eeche, TRUITE fum\u00e9e* 20 %, \u00e9pices* (dont poivre rouge de Kampot* 0,15%) et aromates*, ciboulette*, huile de colza*, aneth*, jus de citron* concentr\u00e9, sel de Gu\u00e9rande, \u00e9paississant : gomme xanthane.<\/p>\n<p><b>Informations compl\u00e9mentaires : <\/b> *Ingr\u00e9dients issus de l&#8217;Agriculture Biologique. 100% des produits d&#8217;origine agricole sont issus de l&#8217;Agriculture Biologique.<\/p>\n<\/div>\n<\/div>\n","protected":false},"excerpt":{"rendered":"<p>Rillettes de truite fum\u00e9e et poivre de Kampot &#8211; Biologique Avec notre collection de tartinables biologique, prenez le temps de savourer&#8230;<\/p>\n","protected":false},"featured_media":19446,"template":"","meta":{"_monsterinsights_skip_tracking":false,"_monsterinsights_sitenote_active":false,"_monsterinsights_sitenote_note":"","_monsterinsights_sitenote_category":0},"product_brand":[],"product_cat":[120],"product_tag":[],"class_list":{"0":"post-19445","1":"product","2":"type-product","3":"status-publish","4":"has-post-thumbnail","6":"product_cat-apero","8":"first","9":"outofstock","10":"shipping-taxable","11":"purchasable","12":"product-type-simple"},"jetpack_sharing_enabled":true,"_links":{"self":[{"href":"https:\/\/www.lepicerieduphare.fr\/accueil\/wp-json\/wp\/v2\/product\/19445","targetHints":{"allow":["GET"]}}],"collection":[{"href":"https:\/\/www.lepicerieduphare.fr\/accueil\/wp-json\/wp\/v2\/product"}],"about":[{"href":"https:\/\/www.lepicerieduphare.fr\/accueil\/wp-json\/wp\/v2\/types\/product"}],"version-history":[{"count":0,"href":"https:\/\/www.lepicerieduphare.fr\/accueil\/wp-json\/wp\/v2\/product\/19445\/revisions"}],"wp:featuredmedia":[{"embeddable":true,"href":"https:\/\/www.lepicerieduphare.fr\/accueil\/wp-json\/wp\/v2\/media\/19446"}],"wp:attachment":[{"href":"https:\/\/www.lepicerieduphare.fr\/accueil\/wp-json\/wp\/v2\/media?parent=19445"}],"wp:term":[{"taxonomy":"product_brand","embeddable":true,"href":"https:\/\/www.lepicerieduphare.fr\/accueil\/wp-json\/wp\/v2\/product_brand?post=19445"},{"taxonomy":"product_cat","embeddable":true,"href":"https:\/\/www.lepicerieduphare.fr\/accueil\/wp-json\/wp\/v2\/product_cat?post=19445"},{"taxonomy":"product_tag","embeddable":true,"href":"https:\/\/www.lepicerieduphare.fr\/accueil\/wp-json\/wp\/v2\/product_tag?post=19445"}],"curies":[{"name":"wp","href":"https:\/\/api.w.org\/{rel}","templated":true}]}}