{"id":19433,"date":"2020-11-10T20:46:50","date_gmt":"2020-11-10T19:46:50","guid":{"rendered":"https:\/\/www.lepicerieduphare.fr\/accueil\/?post_type=product&#038;p=19433"},"modified":"2024-06-12T12:46:28","modified_gmt":"2024-06-12T10:46:28","slug":"terrine-de-chevreuil-a-la-fine-champagne-90g","status":"publish","type":"product","link":"https:\/\/www.lepicerieduphare.fr\/accueil\/produit\/chocolat-brest-idee-cadeaux\/terrine-de-chevreuil-a-la-fine-champagne-90g\/","title":{"rendered":"Terrine de chevreuil \u00e0 la fine champagne &#8211; 90g"},"content":{"rendered":"<div id=\"product-description-short\">\n<h1 class=\"h1\">Terrine de chevreuil \u00e0 la fine champagne &#8211; 90g<\/h1>\n<div id=\"product-description-short\">\n<p>D\u00e9couvrez notre <strong>terrine <\/strong>de <strong>chevreuil \u00e0 la Fine Champagne<\/strong>. Une <strong>sp\u00e9cialit\u00e9 <\/strong>exceptionnelle <strong>!<\/strong><\/p>\n<p>Le Saviez-vous ? La fine champagne est un assemblage d&#8217;<strong>eau-de-vie<\/strong> provenant du <strong>premier cru Grande Champagne <\/strong>et d&#8217;une eau-de-vie provenant tout droit du <strong>second cru Petit Champagne<\/strong>. Ainsi le terme &#8220;<strong>Fine champagne<\/strong>&#8221; est une production r\u00e9alis\u00e9e par toutes les maisons de <strong>Cognac<\/strong>. Attention \u00e0 ne pas avoir la t\u00eate qui tourne de bonheur !<\/p>\n<\/div>\n<\/div>\n","protected":false},"excerpt":{"rendered":"<p>Terrine de chevreuil \u00e0 la fine champagne &#8211; 90g D\u00e9couvrez notre terrine de chevreuil \u00e0 la Fine Champagne. Une sp\u00e9cialit\u00e9 exceptionnelle&#8230;<\/p>\n","protected":false},"featured_media":19434,"template":"","meta":{"_monsterinsights_skip_tracking":false,"_monsterinsights_sitenote_active":false,"_monsterinsights_sitenote_note":"","_monsterinsights_sitenote_category":0},"product_brand":[],"product_cat":[120],"product_tag":[],"class_list":{"0":"post-19433","1":"product","2":"type-product","3":"status-publish","4":"has-post-thumbnail","6":"product_cat-apero","8":"first","9":"outofstock","10":"shipping-taxable","11":"purchasable","12":"product-type-simple"},"jetpack_sharing_enabled":true,"_links":{"self":[{"href":"https:\/\/www.lepicerieduphare.fr\/accueil\/wp-json\/wp\/v2\/product\/19433","targetHints":{"allow":["GET"]}}],"collection":[{"href":"https:\/\/www.lepicerieduphare.fr\/accueil\/wp-json\/wp\/v2\/product"}],"about":[{"href":"https:\/\/www.lepicerieduphare.fr\/accueil\/wp-json\/wp\/v2\/types\/product"}],"version-history":[{"count":1,"href":"https:\/\/www.lepicerieduphare.fr\/accueil\/wp-json\/wp\/v2\/product\/19433\/revisions"}],"predecessor-version":[{"id":20489,"href":"https:\/\/www.lepicerieduphare.fr\/accueil\/wp-json\/wp\/v2\/product\/19433\/revisions\/20489"}],"wp:featuredmedia":[{"embeddable":true,"href":"https:\/\/www.lepicerieduphare.fr\/accueil\/wp-json\/wp\/v2\/media\/19434"}],"wp:attachment":[{"href":"https:\/\/www.lepicerieduphare.fr\/accueil\/wp-json\/wp\/v2\/media?parent=19433"}],"wp:term":[{"taxonomy":"product_brand","embeddable":true,"href":"https:\/\/www.lepicerieduphare.fr\/accueil\/wp-json\/wp\/v2\/product_brand?post=19433"},{"taxonomy":"product_cat","embeddable":true,"href":"https:\/\/www.lepicerieduphare.fr\/accueil\/wp-json\/wp\/v2\/product_cat?post=19433"},{"taxonomy":"product_tag","embeddable":true,"href":"https:\/\/www.lepicerieduphare.fr\/accueil\/wp-json\/wp\/v2\/product_tag?post=19433"}],"curies":[{"name":"wp","href":"https:\/\/api.w.org\/{rel}","templated":true}]}}