{"id":19423,"date":"2020-11-10T18:52:16","date_gmt":"2020-11-10T17:52:16","guid":{"rendered":"https:\/\/www.lepicerieduphare.fr\/accueil\/?post_type=product&#038;p=19423"},"modified":"2024-06-12T12:46:28","modified_gmt":"2024-06-12T10:46:28","slug":"lait-noisette-eclats-de-caramel-beurre-sale-pate-a-tartiner-100g","status":"publish","type":"product","link":"https:\/\/www.lepicerieduphare.fr\/accueil\/produit\/chocolat-brest-idee-cadeaux\/lait-noisette-eclats-de-caramel-beurre-sale-pate-a-tartiner-100g\/","title":{"rendered":"Lait Noisette \u00c9clats de Caramel Beurre Sal\u00e9 &#8211; P\u00e2te \u00e0 Tartiner 100G"},"content":{"rendered":"<h1 class=\"h1\">Lait Noisette \u00c9clats de Caramel Beurre Sal\u00e9 &#8211; P\u00e2te \u00e0 Tartiner<\/h1>\n<div id=\"product-description-short\">\n<p>Notre <strong>p\u00e2te \u00e0 tartiner<\/strong> se compose d\u2019une <strong>forte teneur en p\u00e2te de noisette<\/strong>, la rendant in\u00e9galable \u00e0 la plupart des p\u00e2tes \u00e0 tartiner. Gr\u00e2ce \u00e0 notre p\u00e2te \u00e0 tartiner aux <strong>\u00e9clats de caramel beurre sal\u00e9<\/strong>, la gourmandise et la d\u00e9couverte prennent tout leur sens. <strong>SANS OGM et SANS HUILE DE PALME<\/strong>, nous sommes les premiers \u00e0 avoir rendu aux gourmands une qualit\u00e9 sans \u00e9gale \u00e0 leur p\u00e2te \u00e0 tartiner.<\/p>\n<\/div>\n<div id=\"product-description-short\">\n<p>Vous constatez un peu de mati\u00e8re grasse sur le dessus de votre p\u00e2te\u00a0? C\u2019est normal\u00a0! Cela s\u2019appelle le \u00ab\u00a0<strong>d\u00e9phasage<\/strong>\u00a0\u00bb. Il s\u2019agit d\u2019une r\u00e9action naturelle dans un produit naturel. Pour redonner la texture habituelle \u00e0 votre p\u00e2te, il vous suffit de m\u00e9langer.<\/p>\n<\/div>\n","protected":false},"excerpt":{"rendered":"<p>Lait Noisette \u00c9clats de Caramel Beurre Sal\u00e9 &#8211; P\u00e2te \u00e0 Tartiner Notre p\u00e2te \u00e0 tartiner se compose d\u2019une forte teneur en&#8230;<\/p>\n","protected":false},"featured_media":19424,"template":"","meta":{"_monsterinsights_skip_tracking":false,"_monsterinsights_sitenote_active":false,"_monsterinsights_sitenote_note":"","_monsterinsights_sitenote_category":0},"product_brand":[],"product_cat":[124],"product_tag":[],"class_list":{"0":"post-19423","1":"product","2":"type-product","3":"status-publish","4":"has-post-thumbnail","6":"product_cat-pates-a-tartiner","8":"first","9":"outofstock","10":"shipping-taxable","11":"purchasable","12":"product-type-simple"},"jetpack_sharing_enabled":true,"_links":{"self":[{"href":"https:\/\/www.lepicerieduphare.fr\/accueil\/wp-json\/wp\/v2\/product\/19423","targetHints":{"allow":["GET"]}}],"collection":[{"href":"https:\/\/www.lepicerieduphare.fr\/accueil\/wp-json\/wp\/v2\/product"}],"about":[{"href":"https:\/\/www.lepicerieduphare.fr\/accueil\/wp-json\/wp\/v2\/types\/product"}],"version-history":[{"count":1,"href":"https:\/\/www.lepicerieduphare.fr\/accueil\/wp-json\/wp\/v2\/product\/19423\/revisions"}],"predecessor-version":[{"id":20560,"href":"https:\/\/www.lepicerieduphare.fr\/accueil\/wp-json\/wp\/v2\/product\/19423\/revisions\/20560"}],"wp:featuredmedia":[{"embeddable":true,"href":"https:\/\/www.lepicerieduphare.fr\/accueil\/wp-json\/wp\/v2\/media\/19424"}],"wp:attachment":[{"href":"https:\/\/www.lepicerieduphare.fr\/accueil\/wp-json\/wp\/v2\/media?parent=19423"}],"wp:term":[{"taxonomy":"product_brand","embeddable":true,"href":"https:\/\/www.lepicerieduphare.fr\/accueil\/wp-json\/wp\/v2\/product_brand?post=19423"},{"taxonomy":"product_cat","embeddable":true,"href":"https:\/\/www.lepicerieduphare.fr\/accueil\/wp-json\/wp\/v2\/product_cat?post=19423"},{"taxonomy":"product_tag","embeddable":true,"href":"https:\/\/www.lepicerieduphare.fr\/accueil\/wp-json\/wp\/v2\/product_tag?post=19423"}],"curies":[{"name":"wp","href":"https:\/\/api.w.org\/{rel}","templated":true}]}}