{"id":19421,"date":"2020-11-10T18:50:19","date_gmt":"2020-11-10T17:50:19","guid":{"rendered":"https:\/\/www.lepicerieduphare.fr\/accueil\/?post_type=product&#038;p=19421"},"modified":"2024-06-12T12:46:27","modified_gmt":"2024-06-12T10:46:27","slug":"lait-noisette-feuilletine-pate-a-tartiner-100g","status":"publish","type":"product","link":"https:\/\/www.lepicerieduphare.fr\/accueil\/produit\/chocolat-brest-idee-cadeaux\/lait-noisette-feuilletine-pate-a-tartiner-100g\/","title":{"rendered":"Lait Noisette Feuilletine &#8211; P\u00e2te \u00e0 Tartiner 100G"},"content":{"rendered":"<h1 class=\"h1\">Lait Noisette Feuilletine &#8211; P\u00e2te \u00e0 Tartiner<\/h1>\n<div id=\"product-description-short\">\n<p>D\u00e9couvrez notre\u00a0<strong>p\u00e2te \u00e0 tartiner lait noisette \u00e0 la feuilletine<\/strong>. Parce-que la gourmandise n\u2019a pas d\u2019\u00e2ge, nous pensons qu\u2019il est important de faire voyager les sens et les souvenirs au travers du\u00a0<strong>plaisir gustatif<\/strong>.<\/p>\n<p>La\u00a0<strong>feuilletine<\/strong>\u00a0conf\u00e8re \u00e0 notre p\u00e2te \u00e0 tartiner une texture\u00a0<strong>croquante<\/strong>\u00a0sans \u00e9gale\u00a0! Avec sa\u00a0<strong>forte teneur en p\u00e2te de noisette<\/strong>, vous aurez en bouche une sensation \u00e0 la fois gourmande et \u00e9tonnante.\u00a0<strong>SANS OGM, SANS HUILE DE PALME<\/strong>, nous sommes les premiers \u00e0 avoir rendu aux gourmands une qualit\u00e9 sans \u00e9gale \u00e0 leur p\u00e2te \u00e0 tartiner.<\/p>\n<\/div>\n<p>&nbsp;<\/p>\n<div id=\"product-description-short\">\n<p>Vous constatez un peu de mati\u00e8re grasse sur le dessus de votre p\u00e2te\u00a0? C\u2019est normal\u00a0! Cela s\u2019appelle le \u00ab\u00a0<strong>d\u00e9phasage<\/strong>\u00a0\u00bb. Il s\u2019agit d\u2019une r\u00e9action naturelle dans un produit naturel. Pour redonner la texture habituelle \u00e0 votre p\u00e2te, il vous suffit de m\u00e9langer.<\/p>\n<\/div>\n","protected":false},"excerpt":{"rendered":"<p>Lait Noisette Feuilletine &#8211; P\u00e2te \u00e0 Tartiner D\u00e9couvrez notre\u00a0p\u00e2te \u00e0 tartiner lait noisette \u00e0 la feuilletine. Parce-que la gourmandise n\u2019a pas&#8230;<\/p>\n","protected":false},"featured_media":19422,"template":"","meta":{"_monsterinsights_skip_tracking":false,"_monsterinsights_sitenote_active":false,"_monsterinsights_sitenote_note":"","_monsterinsights_sitenote_category":0},"product_brand":[],"product_cat":[124],"product_tag":[],"class_list":{"0":"post-19421","1":"product","2":"type-product","3":"status-publish","4":"has-post-thumbnail","6":"product_cat-pates-a-tartiner","8":"first","9":"outofstock","10":"shipping-taxable","11":"purchasable","12":"product-type-simple"},"jetpack_sharing_enabled":true,"_links":{"self":[{"href":"https:\/\/www.lepicerieduphare.fr\/accueil\/wp-json\/wp\/v2\/product\/19421","targetHints":{"allow":["GET"]}}],"collection":[{"href":"https:\/\/www.lepicerieduphare.fr\/accueil\/wp-json\/wp\/v2\/product"}],"about":[{"href":"https:\/\/www.lepicerieduphare.fr\/accueil\/wp-json\/wp\/v2\/types\/product"}],"version-history":[{"count":1,"href":"https:\/\/www.lepicerieduphare.fr\/accueil\/wp-json\/wp\/v2\/product\/19421\/revisions"}],"predecessor-version":[{"id":20561,"href":"https:\/\/www.lepicerieduphare.fr\/accueil\/wp-json\/wp\/v2\/product\/19421\/revisions\/20561"}],"wp:featuredmedia":[{"embeddable":true,"href":"https:\/\/www.lepicerieduphare.fr\/accueil\/wp-json\/wp\/v2\/media\/19422"}],"wp:attachment":[{"href":"https:\/\/www.lepicerieduphare.fr\/accueil\/wp-json\/wp\/v2\/media?parent=19421"}],"wp:term":[{"taxonomy":"product_brand","embeddable":true,"href":"https:\/\/www.lepicerieduphare.fr\/accueil\/wp-json\/wp\/v2\/product_brand?post=19421"},{"taxonomy":"product_cat","embeddable":true,"href":"https:\/\/www.lepicerieduphare.fr\/accueil\/wp-json\/wp\/v2\/product_cat?post=19421"},{"taxonomy":"product_tag","embeddable":true,"href":"https:\/\/www.lepicerieduphare.fr\/accueil\/wp-json\/wp\/v2\/product_tag?post=19421"}],"curies":[{"name":"wp","href":"https:\/\/api.w.org\/{rel}","templated":true}]}}