{"id":19419,"date":"2020-11-10T18:47:52","date_gmt":"2020-11-10T17:47:52","guid":{"rendered":"https:\/\/www.lepicerieduphare.fr\/accueil\/?post_type=product&#038;p=19419"},"modified":"2024-06-12T12:46:27","modified_gmt":"2024-06-12T10:46:27","slug":"lait-noisette-30-pate-a-tartiner-100g","status":"publish","type":"product","link":"https:\/\/www.lepicerieduphare.fr\/accueil\/produit\/chocolat-brest-idee-cadeaux\/lait-noisette-30-pate-a-tartiner-100g\/","title":{"rendered":"Lait Noisette 30% &#8211; P\u00e2te \u00e0 Tartiner 100G"},"content":{"rendered":"<h1 class=\"h1\">Lait Noisette 30% &#8211; P\u00e2te \u00e0 Tartiner<\/h1>\n<div id=\"product-description-short\">\n<p>Notre <strong>p\u00e2te \u00e0 tartiner<\/strong> \u00e0 la <strong>noisette<\/strong> est plus riche en noisette que les p\u00e2tes \u00e0 tartiner classique\u00a0! Avec sa <strong>forte teneur en p\u00e2te<\/strong>, elle procure une \u00e9motion gourmande sans pareil. <strong>SANS OGM et SANS HUILE DE PALME<\/strong>, nous sommes les premiers \u00e0 avoir imagin\u00e9 une p\u00e2te \u00e0 tartiner avec toutes ses qualit\u00e9s. Les saveurs et les propri\u00e9t\u00e9s gustatives que vous retrouverez vous laisseront un plaisir incomparable. Sur une tartine de pain \u00e0 leur du go\u00fbter ou au d\u00e9jeuner, ou encore sur une brioche, gaufre ou biscotte, les associations en seront infinies.<\/p>\n<\/div>\n<div id=\"product-description-short\">\n<p>Vous constatez un peu de mati\u00e8re grasse sur le dessus de votre p\u00e2te\u00a0? C\u2019est normal\u00a0! Cela s\u2019appelle le \u00ab\u00a0<strong>d\u00e9phasage<\/strong>\u00a0\u00bb. Il s\u2019agit d\u2019une r\u00e9action naturelle dans un produit naturel. Pour redonner la texture habituelle \u00e0 votre p\u00e2te, il vous suffit de m\u00e9langer.<\/p>\n<\/div>\n","protected":false},"excerpt":{"rendered":"<p>Lait Noisette 30% &#8211; P\u00e2te \u00e0 Tartiner Notre p\u00e2te \u00e0 tartiner \u00e0 la noisette est plus riche en noisette que les&#8230;<\/p>\n","protected":false},"featured_media":19420,"template":"","meta":{"_monsterinsights_skip_tracking":false,"_monsterinsights_sitenote_active":false,"_monsterinsights_sitenote_note":"","_monsterinsights_sitenote_category":0},"product_brand":[],"product_cat":[124],"product_tag":[],"class_list":{"0":"post-19419","1":"product","2":"type-product","3":"status-publish","4":"has-post-thumbnail","6":"product_cat-pates-a-tartiner","8":"first","9":"outofstock","10":"shipping-taxable","11":"purchasable","12":"product-type-simple"},"jetpack_sharing_enabled":true,"_links":{"self":[{"href":"https:\/\/www.lepicerieduphare.fr\/accueil\/wp-json\/wp\/v2\/product\/19419","targetHints":{"allow":["GET"]}}],"collection":[{"href":"https:\/\/www.lepicerieduphare.fr\/accueil\/wp-json\/wp\/v2\/product"}],"about":[{"href":"https:\/\/www.lepicerieduphare.fr\/accueil\/wp-json\/wp\/v2\/types\/product"}],"version-history":[{"count":1,"href":"https:\/\/www.lepicerieduphare.fr\/accueil\/wp-json\/wp\/v2\/product\/19419\/revisions"}],"predecessor-version":[{"id":20562,"href":"https:\/\/www.lepicerieduphare.fr\/accueil\/wp-json\/wp\/v2\/product\/19419\/revisions\/20562"}],"wp:featuredmedia":[{"embeddable":true,"href":"https:\/\/www.lepicerieduphare.fr\/accueil\/wp-json\/wp\/v2\/media\/19420"}],"wp:attachment":[{"href":"https:\/\/www.lepicerieduphare.fr\/accueil\/wp-json\/wp\/v2\/media?parent=19419"}],"wp:term":[{"taxonomy":"product_brand","embeddable":true,"href":"https:\/\/www.lepicerieduphare.fr\/accueil\/wp-json\/wp\/v2\/product_brand?post=19419"},{"taxonomy":"product_cat","embeddable":true,"href":"https:\/\/www.lepicerieduphare.fr\/accueil\/wp-json\/wp\/v2\/product_cat?post=19419"},{"taxonomy":"product_tag","embeddable":true,"href":"https:\/\/www.lepicerieduphare.fr\/accueil\/wp-json\/wp\/v2\/product_tag?post=19419"}],"curies":[{"name":"wp","href":"https:\/\/api.w.org\/{rel}","templated":true}]}}