{"id":19417,"date":"2020-11-10T18:45:03","date_gmt":"2020-11-10T17:45:03","guid":{"rendered":"https:\/\/www.lepicerieduphare.fr\/accueil\/?post_type=product&#038;p=19417"},"modified":"2024-06-12T12:46:27","modified_gmt":"2024-06-12T10:46:27","slug":"blanc-noisette-20-pate-a-tartiner-100g","status":"publish","type":"product","link":"https:\/\/www.lepicerieduphare.fr\/accueil\/produit\/chocolat-brest-idee-cadeaux\/blanc-noisette-20-pate-a-tartiner-100g\/","title":{"rendered":"Blanc Noisette 20% &#8211; P\u00e2te \u00e0 Tartiner 100G"},"content":{"rendered":"<h1 class=\"h1\">Blanc Noisette 20% &#8211; P\u00e2te \u00e0 Tartiner<\/h1>\n<div id=\"product-description-short\">\n<p>D\u00e9couvrez notre <strong>p\u00e2te \u00e0 tartiner blanc noisette<\/strong>, qui fera saliver petits et grands. Avec sa <strong>teneur<\/strong> en <strong>p\u00e2te de noisette de 20%,<\/strong> elle est beaucoup <strong>plus riche<\/strong> que les p\u00e2tes \u00e0 tartiner disponibles sur le march\u00e9. Une seule lich\u00e9e vous suffit pour sentir tous les ar\u00f4mes de notre noisette\u00a0! Avec une p\u00e2te <strong>premium<\/strong> et un gage de <strong>qualit\u00e9<\/strong>, notre grand-m\u00e8re Mathilde nous a laiss\u00e9 un <strong>savoir-faire<\/strong> rempli de gourmandise\u00a0! Une noisette minutieusement s\u00e9lectionn\u00e9e, une p\u00e2te <strong>SANS OGM<\/strong> et <strong>SANS HUILE DE PALME\u00a0<\/strong>nous sommes les premiers \u00e0 l\u2019avoir fait\u00a0!<\/p>\n<p>Vous constatez un peu de mati\u00e8re grasse sur le dessus de votre p\u00e2te\u00a0? C\u2019est normal\u00a0! Cela s\u2019appelle le \u00ab\u00a0<strong>d\u00e9phasage<\/strong>\u00a0\u00bb. Il s\u2019agit d\u2019une r\u00e9action naturelle dans un produit naturel. Pour redonner la texture habituelle \u00e0 votre p\u00e2te, il vous suffit de m\u00e9langer.<\/p>\n<\/div>\n","protected":false},"excerpt":{"rendered":"<p>Blanc Noisette 20% &#8211; P\u00e2te \u00e0 Tartiner D\u00e9couvrez notre p\u00e2te \u00e0 tartiner blanc noisette, qui fera saliver petits et grands. Avec&#8230;<\/p>\n","protected":false},"featured_media":19418,"template":"","meta":{"_monsterinsights_skip_tracking":false,"_monsterinsights_sitenote_active":false,"_monsterinsights_sitenote_note":"","_monsterinsights_sitenote_category":0},"product_brand":[],"product_cat":[124],"product_tag":[],"class_list":{"0":"post-19417","1":"product","2":"type-product","3":"status-publish","4":"has-post-thumbnail","6":"product_cat-pates-a-tartiner","8":"first","9":"outofstock","10":"shipping-taxable","11":"purchasable","12":"product-type-simple"},"jetpack_sharing_enabled":true,"_links":{"self":[{"href":"https:\/\/www.lepicerieduphare.fr\/accueil\/wp-json\/wp\/v2\/product\/19417","targetHints":{"allow":["GET"]}}],"collection":[{"href":"https:\/\/www.lepicerieduphare.fr\/accueil\/wp-json\/wp\/v2\/product"}],"about":[{"href":"https:\/\/www.lepicerieduphare.fr\/accueil\/wp-json\/wp\/v2\/types\/product"}],"version-history":[{"count":1,"href":"https:\/\/www.lepicerieduphare.fr\/accueil\/wp-json\/wp\/v2\/product\/19417\/revisions"}],"predecessor-version":[{"id":20563,"href":"https:\/\/www.lepicerieduphare.fr\/accueil\/wp-json\/wp\/v2\/product\/19417\/revisions\/20563"}],"wp:featuredmedia":[{"embeddable":true,"href":"https:\/\/www.lepicerieduphare.fr\/accueil\/wp-json\/wp\/v2\/media\/19418"}],"wp:attachment":[{"href":"https:\/\/www.lepicerieduphare.fr\/accueil\/wp-json\/wp\/v2\/media?parent=19417"}],"wp:term":[{"taxonomy":"product_brand","embeddable":true,"href":"https:\/\/www.lepicerieduphare.fr\/accueil\/wp-json\/wp\/v2\/product_brand?post=19417"},{"taxonomy":"product_cat","embeddable":true,"href":"https:\/\/www.lepicerieduphare.fr\/accueil\/wp-json\/wp\/v2\/product_cat?post=19417"},{"taxonomy":"product_tag","embeddable":true,"href":"https:\/\/www.lepicerieduphare.fr\/accueil\/wp-json\/wp\/v2\/product_tag?post=19417"}],"curies":[{"name":"wp","href":"https:\/\/api.w.org\/{rel}","templated":true}]}}