{"id":19277,"date":"2020-11-02T19:44:36","date_gmt":"2020-11-02T18:44:36","guid":{"rendered":"https:\/\/www.lepicerieduphare.fr\/?post_type=product&#038;p=19277"},"modified":"2021-10-04T10:02:36","modified_gmt":"2021-10-04T08:02:36","slug":"choco-surprise","status":"publish","type":"product","link":"https:\/\/www.lepicerieduphare.fr\/accueil\/produit\/chocolat-brest-idee-cadeaux\/choco-surprise\/","title":{"rendered":"Choco Surprise"},"content":{"rendered":"<h1 class=\"h1\">Choco Surprise<\/h1>\n<div id=\"product-description-short\">\n<p>Nos <strong>Choco&#8217;surprise<\/strong> sont une innovation dont nous sommes fiers !<\/p>\n<p>Vous r\u00eaviez de d\u00e9guster ces <strong>chocolats chauds <\/strong>qui inondent la toile ? Vous souhaitiez vous aussi avoir un chocolat chaud instagrammable .. mais surtout qui soit hyper gourmand ?<\/p>\n<p>Avec leur forme octogonale de chocolat au lait accompagn\u00e9e de mini-guimauves sur le dessus, vous pourrez d\u00e9guster en 5min chrono ces chocolats chaud dont tout le monde r\u00eave.<\/p>\n<\/div>\n","protected":false},"excerpt":{"rendered":"<h1 class=\"h1\">Chocolat lait caramel &#8211; Sucette Chocolat<\/h1>\n<div id=\"vue-product-prices\" class=\"product-prices\">\n<div class=\"product-price h5 \">\n<div class=\"current-price\">3,90\u00a0\u20ac<\/div>\n<p class=\"product-unit-price sub\">(97,50\u00a0\u20ac kilo)<\/p>\n<\/div>\n<\/div>\n<div id=\"product-description-short\">Cette jolie sucette au chocolat au lait et \u00e9clats de caramel vous ram\u00e8nera le temps d&#8217;une gourmandise \u00e0 vos souvenirs d&#8217;enfance.<\/div>\n","protected":false},"featured_media":19280,"template":"","meta":{"_monsterinsights_skip_tracking":false,"_monsterinsights_sitenote_active":false,"_monsterinsights_sitenote_note":"","_monsterinsights_sitenote_category":0},"product_brand":[],"product_cat":[135],"product_tag":[],"class_list":{"0":"post-19277","1":"product","2":"type-product","3":"status-publish","4":"has-post-thumbnail","6":"product_cat-hot-chocolate","8":"first","9":"instock","10":"shipping-taxable","11":"purchasable","12":"product-type-simple"},"jetpack_sharing_enabled":true,"_links":{"self":[{"href":"https:\/\/www.lepicerieduphare.fr\/accueil\/wp-json\/wp\/v2\/product\/19277","targetHints":{"allow":["GET"]}}],"collection":[{"href":"https:\/\/www.lepicerieduphare.fr\/accueil\/wp-json\/wp\/v2\/product"}],"about":[{"href":"https:\/\/www.lepicerieduphare.fr\/accueil\/wp-json\/wp\/v2\/types\/product"}],"version-history":[{"count":0,"href":"https:\/\/www.lepicerieduphare.fr\/accueil\/wp-json\/wp\/v2\/product\/19277\/revisions"}],"wp:featuredmedia":[{"embeddable":true,"href":"https:\/\/www.lepicerieduphare.fr\/accueil\/wp-json\/wp\/v2\/media\/19280"}],"wp:attachment":[{"href":"https:\/\/www.lepicerieduphare.fr\/accueil\/wp-json\/wp\/v2\/media?parent=19277"}],"wp:term":[{"taxonomy":"product_brand","embeddable":true,"href":"https:\/\/www.lepicerieduphare.fr\/accueil\/wp-json\/wp\/v2\/product_brand?post=19277"},{"taxonomy":"product_cat","embeddable":true,"href":"https:\/\/www.lepicerieduphare.fr\/accueil\/wp-json\/wp\/v2\/product_cat?post=19277"},{"taxonomy":"product_tag","embeddable":true,"href":"https:\/\/www.lepicerieduphare.fr\/accueil\/wp-json\/wp\/v2\/product_tag?post=19277"}],"curies":[{"name":"wp","href":"https:\/\/api.w.org\/{rel}","templated":true}]}}