{"id":19261,"date":"2020-11-01T17:31:52","date_gmt":"2020-11-01T16:31:52","guid":{"rendered":"https:\/\/www.lepicerieduphare.fr\/?post_type=product&#038;p=19261"},"modified":"2022-01-10T21:26:04","modified_gmt":"2022-01-10T20:26:04","slug":"baba-au-rhum-vanille-100g","status":"publish","type":"product","link":"https:\/\/www.lepicerieduphare.fr\/accueil\/produit\/chocolat-brest-idee-cadeaux\/baba-au-rhum-vanille-100g\/","title":{"rendered":"BABA au Rhum vanille 100G"},"content":{"rendered":"<h1 class=\"h1\">BABA au rhum vanille<\/h1>\n<div id=\"product-description-short\">\n<p>Le dessert a toujours avoir dans son placard : D\u00e9licieux mini BABAS poch\u00e9s dans un sirop de rhum aromatis\u00e9 \u00e0 la vanille !<\/p>\n<p>Accompagn\u00e9 d&#8217;une boule de glace vanille, d&#8217;un peu de chantilly et de quelques fruits! Et voil\u00e0 un dessert gourmand!<\/p>\n<\/div>\n<p><b>Informations compl\u00e9mentaires : <\/b> Alcool r\u00e9siduel inf\u00e9rieur \u00e0 12% vol. Ne convient pas aux enfants et aux femmes enceintes.<\/p>\n","protected":false},"excerpt":{"rendered":"<p>BABA au rhum vanille Le dessert a toujours avoir dans son placard : D\u00e9licieux mini BABAS poch\u00e9s dans un sirop de&#8230;<\/p>\n","protected":false},"featured_media":19262,"template":"","meta":{"_monsterinsights_skip_tracking":false,"_monsterinsights_sitenote_active":false,"_monsterinsights_sitenote_note":"","_monsterinsights_sitenote_category":0},"product_brand":[],"product_cat":[121],"product_tag":[],"class_list":{"0":"post-19261","1":"product","2":"type-product","3":"status-publish","4":"has-post-thumbnail","6":"product_cat-babas-au-rhum","8":"first","9":"instock","10":"shipping-taxable","11":"purchasable","12":"product-type-simple"},"jetpack_sharing_enabled":true,"_links":{"self":[{"href":"https:\/\/www.lepicerieduphare.fr\/accueil\/wp-json\/wp\/v2\/product\/19261","targetHints":{"allow":["GET"]}}],"collection":[{"href":"https:\/\/www.lepicerieduphare.fr\/accueil\/wp-json\/wp\/v2\/product"}],"about":[{"href":"https:\/\/www.lepicerieduphare.fr\/accueil\/wp-json\/wp\/v2\/types\/product"}],"version-history":[{"count":1,"href":"https:\/\/www.lepicerieduphare.fr\/accueil\/wp-json\/wp\/v2\/product\/19261\/revisions"}],"predecessor-version":[{"id":20158,"href":"https:\/\/www.lepicerieduphare.fr\/accueil\/wp-json\/wp\/v2\/product\/19261\/revisions\/20158"}],"wp:featuredmedia":[{"embeddable":true,"href":"https:\/\/www.lepicerieduphare.fr\/accueil\/wp-json\/wp\/v2\/media\/19262"}],"wp:attachment":[{"href":"https:\/\/www.lepicerieduphare.fr\/accueil\/wp-json\/wp\/v2\/media?parent=19261"}],"wp:term":[{"taxonomy":"product_brand","embeddable":true,"href":"https:\/\/www.lepicerieduphare.fr\/accueil\/wp-json\/wp\/v2\/product_brand?post=19261"},{"taxonomy":"product_cat","embeddable":true,"href":"https:\/\/www.lepicerieduphare.fr\/accueil\/wp-json\/wp\/v2\/product_cat?post=19261"},{"taxonomy":"product_tag","embeddable":true,"href":"https:\/\/www.lepicerieduphare.fr\/accueil\/wp-json\/wp\/v2\/product_tag?post=19261"}],"curies":[{"name":"wp","href":"https:\/\/api.w.org\/{rel}","templated":true}]}}