{"id":19214,"date":"2020-10-18T22:25:39","date_gmt":"2020-10-18T20:25:39","guid":{"rendered":"https:\/\/www.lepicerieduphare.fr\/?post_type=product&#038;p=19214"},"modified":"2021-03-29T16:57:43","modified_gmt":"2021-03-29T14:57:43","slug":"coeur-cacahuetes-sachet-250g","status":"publish","type":"product","link":"https:\/\/www.lepicerieduphare.fr\/accueil\/produit\/chocolat-brest-idee-cadeaux\/coeur-cacahuetes-sachet-250g\/","title":{"rendered":"C\u0153ur Cacahu\u00e8tes &#8211; Sachet 250G"},"content":{"rendered":"<h1 class=\"h1\">C\u0153ur Cacahu\u00e8tes &#8211; Sachet 250G<\/h1>\n<div id=\"product-description-short\">\n<p>Mettez de la couleur dans votre vie, avec nos \u201c<strong>CDM&#8217;s<\/strong>\u201d aux <strong>cacahu\u00e8tes grill\u00e9es enrob\u00e9es de chocolat lait et drag\u00e9ifi\u00e9e<\/strong>, les choco&#8217;party seront multicolores. A disposer dan un tr\u00e8s joli bol ou tout simplement \u00e0 picorer dans son sachet. Bonne d\u00e9gustation !<\/p>\n<p><b>Ingr\u00e9dients : <\/b> Chocolat au LAIT 46% (sucre, beurre de cacao, LAIT entier en poudre, p\u00e2te de cacao, \u00e9mulsifiant : l\u00e9cithine de SOJA, ar\u00f4me naturel de vanille. Cacao : 31% minimum) , sucre, ARACHIDE 22%, agents d\u2019enrobage : gomme arabique, cire d&#8217;abeille, cire de carnauba, shellac, amidon de riz, concentr\u00e9s : radis, citron, cassis, carotte, carthame,spiruline).<\/p>\n<\/div>\n","protected":false},"excerpt":{"rendered":"<p>C\u0153ur Cacahu\u00e8tes &#8211; Sachet 250G Mettez de la couleur dans votre vie, avec nos \u201cCDM&#8217;s\u201d aux cacahu\u00e8tes grill\u00e9es enrob\u00e9es de chocolat&#8230;<\/p>\n","protected":false},"featured_media":19215,"template":"","meta":{"_monsterinsights_skip_tracking":false,"_monsterinsights_sitenote_active":false,"_monsterinsights_sitenote_note":"","_monsterinsights_sitenote_category":0},"product_brand":[],"product_cat":[116],"product_tag":[],"class_list":{"0":"post-19214","1":"product","2":"type-product","3":"status-publish","4":"has-post-thumbnail","6":"product_cat-chocolat-a-casser","8":"first","9":"instock","10":"shipping-taxable","11":"purchasable","12":"product-type-simple"},"jetpack_sharing_enabled":true,"_links":{"self":[{"href":"https:\/\/www.lepicerieduphare.fr\/accueil\/wp-json\/wp\/v2\/product\/19214","targetHints":{"allow":["GET"]}}],"collection":[{"href":"https:\/\/www.lepicerieduphare.fr\/accueil\/wp-json\/wp\/v2\/product"}],"about":[{"href":"https:\/\/www.lepicerieduphare.fr\/accueil\/wp-json\/wp\/v2\/types\/product"}],"version-history":[{"count":1,"href":"https:\/\/www.lepicerieduphare.fr\/accueil\/wp-json\/wp\/v2\/product\/19214\/revisions"}],"predecessor-version":[{"id":19216,"href":"https:\/\/www.lepicerieduphare.fr\/accueil\/wp-json\/wp\/v2\/product\/19214\/revisions\/19216"}],"wp:featuredmedia":[{"embeddable":true,"href":"https:\/\/www.lepicerieduphare.fr\/accueil\/wp-json\/wp\/v2\/media\/19215"}],"wp:attachment":[{"href":"https:\/\/www.lepicerieduphare.fr\/accueil\/wp-json\/wp\/v2\/media?parent=19214"}],"wp:term":[{"taxonomy":"product_brand","embeddable":true,"href":"https:\/\/www.lepicerieduphare.fr\/accueil\/wp-json\/wp\/v2\/product_brand?post=19214"},{"taxonomy":"product_cat","embeddable":true,"href":"https:\/\/www.lepicerieduphare.fr\/accueil\/wp-json\/wp\/v2\/product_cat?post=19214"},{"taxonomy":"product_tag","embeddable":true,"href":"https:\/\/www.lepicerieduphare.fr\/accueil\/wp-json\/wp\/v2\/product_tag?post=19214"}],"curies":[{"name":"wp","href":"https:\/\/api.w.org\/{rel}","templated":true}]}}