{"id":19205,"date":"2020-10-18T22:05:03","date_gmt":"2020-10-18T20:05:03","guid":{"rendered":"https:\/\/www.lepicerieduphare.fr\/?post_type=product&#038;p=19205"},"modified":"2021-10-04T10:04:17","modified_gmt":"2021-10-04T08:04:17","slug":"bar-a-poivres-du-monde-3x35g","status":"publish","type":"product","link":"https:\/\/www.lepicerieduphare.fr\/accueil\/produit\/chocolat-brest-idee-cadeaux\/bar-a-poivres-du-monde-3x35g\/","title":{"rendered":"Bar \u00e0 Poivres du Monde 3x35g"},"content":{"rendered":"<div id=\"product-description-short\">\n<h1 class=\"h1\">Bar \u00e0 Poivres du Monde 3x35g<\/h1>\n<div id=\"product-description-short\">\n<p>Avec notre \u201c<strong>Bar \u00e0 Poivres du Monde<\/strong>\u201d l&#8217;assaisonnement sera un jeu d&#8217;enfant .. et tendance !<\/p>\n<p>Apportez une touche d&#8217;originalit\u00e9 et personnalisez les repas en fonction de vos diff\u00e9rents go\u00fbts.<\/p>\n<p>Retrouvez dans ce coffret :<\/p>\n<ul>\n<li>Poivre noir de Malabar (Inde) &#8211; 15g<\/li>\n<li>Poivre noir de Timut (N\u00e9pal) &#8211; 10g<\/li>\n<li>Poivre sauvage de Voatsiperifery (Madagascar) &#8211; 15g<\/li>\n<\/ul>\n<\/div>\n<div class=\"col-md-6 col-sm-6\">\n<div class=\"product-actions\">\n<form id=\"add-to-cart-or-refresh\" action=\"https:\/\/www.lecomptoirdemathilde.com\/fr\/panier\" method=\"post\">\n<div class=\"product-add-to-cart\">\n<div class=\"product-quantity\">\n<div class=\"add\"><span id=\"product-availability\"><br \/>\n<\/span><\/div>\n<\/div>\n<div class=\"clearfix\"><\/div>\n<p class=\"product-minimal-quantity\">\n<\/div>\n<\/form>\n<\/div>\n<\/div>\n<\/div>\n","protected":false},"excerpt":{"rendered":"<p>Bar \u00e0 Poivres du Monde 3x35g Avec notre \u201cBar \u00e0 Poivres du Monde\u201d l&#8217;assaisonnement sera un jeu d&#8217;enfant .. et tendance&#8230;<\/p>\n","protected":false},"featured_media":19206,"template":"","meta":{"_monsterinsights_skip_tracking":false,"_monsterinsights_sitenote_active":false,"_monsterinsights_sitenote_note":"","_monsterinsights_sitenote_category":0},"product_brand":[],"product_cat":[162],"product_tag":[],"class_list":{"0":"post-19205","1":"product","2":"type-product","3":"status-publish","4":"has-post-thumbnail","6":"product_cat-noel","8":"first","9":"instock","10":"shipping-taxable","11":"purchasable","12":"product-type-simple"},"jetpack_sharing_enabled":true,"_links":{"self":[{"href":"https:\/\/www.lepicerieduphare.fr\/accueil\/wp-json\/wp\/v2\/product\/19205","targetHints":{"allow":["GET"]}}],"collection":[{"href":"https:\/\/www.lepicerieduphare.fr\/accueil\/wp-json\/wp\/v2\/product"}],"about":[{"href":"https:\/\/www.lepicerieduphare.fr\/accueil\/wp-json\/wp\/v2\/types\/product"}],"version-history":[{"count":0,"href":"https:\/\/www.lepicerieduphare.fr\/accueil\/wp-json\/wp\/v2\/product\/19205\/revisions"}],"wp:featuredmedia":[{"embeddable":true,"href":"https:\/\/www.lepicerieduphare.fr\/accueil\/wp-json\/wp\/v2\/media\/19206"}],"wp:attachment":[{"href":"https:\/\/www.lepicerieduphare.fr\/accueil\/wp-json\/wp\/v2\/media?parent=19205"}],"wp:term":[{"taxonomy":"product_brand","embeddable":true,"href":"https:\/\/www.lepicerieduphare.fr\/accueil\/wp-json\/wp\/v2\/product_brand?post=19205"},{"taxonomy":"product_cat","embeddable":true,"href":"https:\/\/www.lepicerieduphare.fr\/accueil\/wp-json\/wp\/v2\/product_cat?post=19205"},{"taxonomy":"product_tag","embeddable":true,"href":"https:\/\/www.lepicerieduphare.fr\/accueil\/wp-json\/wp\/v2\/product_tag?post=19205"}],"curies":[{"name":"wp","href":"https:\/\/api.w.org\/{rel}","templated":true}]}}