{"id":19200,"date":"2020-10-18T21:57:11","date_gmt":"2020-10-18T19:57:11","guid":{"rendered":"https:\/\/www.lepicerieduphare.fr\/?post_type=product&#038;p=19200"},"modified":"2022-09-16T18:00:09","modified_gmt":"2022-09-16T16:00:09","slug":"mini-guimauve-chocolat-a-casser-400g-2","status":"publish","type":"product","link":"https:\/\/www.lepicerieduphare.fr\/accueil\/produit\/chocolat-brest-idee-cadeaux\/mini-guimauve-chocolat-a-casser-400g-2\/","title":{"rendered":"Mini-Guimauve &#8211; Chocolat \u00e0 Casser 400G"},"content":{"rendered":"<h1 class=\"h1\">Mini-Guimauve &#8211; Chocolat \u00e0 Casser 400G<\/h1>\n<div class=\"product-information\">\n<div id=\"product-description-short-2282\">\n<p>D\u00e9couvrez vite notre chocolat au lait d\u00e9cor\u00e9 de mini guimauves pr\u00e9sent\u00e9 dans un coffret en bois avec son maillet en bois.<\/p>\n<p>Du chocolat pour la gourmandise et des guimauves pour apporter une touche de<\/p>\n<\/div>\n<\/div>\n","protected":false},"excerpt":{"rendered":"<p>Mini-Guimauve &#8211; Chocolat \u00e0 Casser 400G D\u00e9couvrez vite notre chocolat au lait d\u00e9cor\u00e9 de mini guimauves pr\u00e9sent\u00e9 dans un coffret en&#8230;<\/p>\n","protected":false},"featured_media":19201,"template":"","meta":{"_monsterinsights_skip_tracking":false,"_monsterinsights_sitenote_active":false,"_monsterinsights_sitenote_note":"","_monsterinsights_sitenote_category":0},"product_brand":[],"product_cat":[116],"product_tag":[],"class_list":{"0":"post-19200","1":"product","2":"type-product","3":"status-publish","4":"has-post-thumbnail","6":"product_cat-chocolat-a-casser","8":"first","9":"instock","10":"shipping-taxable","11":"purchasable","12":"product-type-simple"},"jetpack_sharing_enabled":true,"_links":{"self":[{"href":"https:\/\/www.lepicerieduphare.fr\/accueil\/wp-json\/wp\/v2\/product\/19200","targetHints":{"allow":["GET"]}}],"collection":[{"href":"https:\/\/www.lepicerieduphare.fr\/accueil\/wp-json\/wp\/v2\/product"}],"about":[{"href":"https:\/\/www.lepicerieduphare.fr\/accueil\/wp-json\/wp\/v2\/types\/product"}],"version-history":[{"count":1,"href":"https:\/\/www.lepicerieduphare.fr\/accueil\/wp-json\/wp\/v2\/product\/19200\/revisions"}],"predecessor-version":[{"id":20554,"href":"https:\/\/www.lepicerieduphare.fr\/accueil\/wp-json\/wp\/v2\/product\/19200\/revisions\/20554"}],"wp:featuredmedia":[{"embeddable":true,"href":"https:\/\/www.lepicerieduphare.fr\/accueil\/wp-json\/wp\/v2\/media\/19201"}],"wp:attachment":[{"href":"https:\/\/www.lepicerieduphare.fr\/accueil\/wp-json\/wp\/v2\/media?parent=19200"}],"wp:term":[{"taxonomy":"product_brand","embeddable":true,"href":"https:\/\/www.lepicerieduphare.fr\/accueil\/wp-json\/wp\/v2\/product_brand?post=19200"},{"taxonomy":"product_cat","embeddable":true,"href":"https:\/\/www.lepicerieduphare.fr\/accueil\/wp-json\/wp\/v2\/product_cat?post=19200"},{"taxonomy":"product_tag","embeddable":true,"href":"https:\/\/www.lepicerieduphare.fr\/accueil\/wp-json\/wp\/v2\/product_tag?post=19200"}],"curies":[{"name":"wp","href":"https:\/\/api.w.org\/{rel}","templated":true}]}}