{"id":19193,"date":"2020-10-18T21:46:14","date_gmt":"2020-10-18T19:46:14","guid":{"rendered":"https:\/\/www.lepicerieduphare.fr\/?post_type=product&#038;p=19193"},"modified":"2022-09-16T18:00:17","modified_gmt":"2022-09-16T16:00:17","slug":"chocolat-lait-guimauve-sucette-chocolat","status":"publish","type":"product","link":"https:\/\/www.lepicerieduphare.fr\/accueil\/produit\/chocolat-brest-idee-cadeaux\/chocolat-lait-guimauve-sucette-chocolat\/","title":{"rendered":"Chocolat Lait Guimauve &#8211; Sucette Chocolat"},"content":{"rendered":"<h1 class=\"h1\">Chocolat Lait Guimauve &#8211; Sucette Chocolat<\/h1>\n<div id=\"vue-product-prices\" class=\"product-prices\">\n<div class=\"product-price h5 \">\n<div class=\"current-price\">3,90\u00a0\u20ac<\/div>\n<p class=\"product-unit-price sub\">(78,00\u00a0\u20ac \/Kg)<\/p>\n<\/div>\n<\/div>\n<div id=\"product-description-short\">\n<p>Pour faire original, et se rem\u00e9morer le d\u00e9licieux<strong> chocolat chaud <\/strong>ou la <strong>fondue de chocolat<\/strong> pr\u00e9par\u00e9e la veille, optez pour notre <strong>sucette de chocolat au lait d\u00e9cor\u00e9e de guimauves<\/strong>. Illusion garantie !<\/p>\n<\/div>\n","protected":false},"excerpt":{"rendered":"<p>Chocolat Lait Guimauve &#8211; Sucette Chocolat 3,90\u00a0\u20ac (78,00\u00a0\u20ac \/Kg) Pour faire original, et se rem\u00e9morer le d\u00e9licieux chocolat chaud ou la&#8230;<\/p>\n","protected":false},"featured_media":19194,"template":"","meta":{"_monsterinsights_skip_tracking":false,"_monsterinsights_sitenote_active":false,"_monsterinsights_sitenote_note":"","_monsterinsights_sitenote_category":0},"product_brand":[],"product_cat":[122,116],"product_tag":[],"class_list":{"0":"post-19193","1":"product","2":"type-product","3":"status-publish","4":"has-post-thumbnail","6":"product_cat-sucettes","7":"product_cat-chocolat-a-casser","9":"first","10":"instock","11":"shipping-taxable","12":"purchasable","13":"product-type-simple"},"jetpack_sharing_enabled":true,"_links":{"self":[{"href":"https:\/\/www.lepicerieduphare.fr\/accueil\/wp-json\/wp\/v2\/product\/19193","targetHints":{"allow":["GET"]}}],"collection":[{"href":"https:\/\/www.lepicerieduphare.fr\/accueil\/wp-json\/wp\/v2\/product"}],"about":[{"href":"https:\/\/www.lepicerieduphare.fr\/accueil\/wp-json\/wp\/v2\/types\/product"}],"version-history":[{"count":1,"href":"https:\/\/www.lepicerieduphare.fr\/accueil\/wp-json\/wp\/v2\/product\/19193\/revisions"}],"predecessor-version":[{"id":20555,"href":"https:\/\/www.lepicerieduphare.fr\/accueil\/wp-json\/wp\/v2\/product\/19193\/revisions\/20555"}],"wp:featuredmedia":[{"embeddable":true,"href":"https:\/\/www.lepicerieduphare.fr\/accueil\/wp-json\/wp\/v2\/media\/19194"}],"wp:attachment":[{"href":"https:\/\/www.lepicerieduphare.fr\/accueil\/wp-json\/wp\/v2\/media?parent=19193"}],"wp:term":[{"taxonomy":"product_brand","embeddable":true,"href":"https:\/\/www.lepicerieduphare.fr\/accueil\/wp-json\/wp\/v2\/product_brand?post=19193"},{"taxonomy":"product_cat","embeddable":true,"href":"https:\/\/www.lepicerieduphare.fr\/accueil\/wp-json\/wp\/v2\/product_cat?post=19193"},{"taxonomy":"product_tag","embeddable":true,"href":"https:\/\/www.lepicerieduphare.fr\/accueil\/wp-json\/wp\/v2\/product_tag?post=19193"}],"curies":[{"name":"wp","href":"https:\/\/api.w.org\/{rel}","templated":true}]}}