{"id":19192,"date":"2020-10-18T21:45:21","date_gmt":"2020-10-18T19:45:21","guid":{"rendered":"https:\/\/www.lepicerieduphare.fr\/?post_type=product&#038;p=19192"},"modified":"2021-10-04T10:04:59","modified_gmt":"2021-10-04T08:04:59","slug":"coffret-bar-a-sels-et-poivres-du-monde","status":"publish","type":"product","link":"https:\/\/www.lepicerieduphare.fr\/accueil\/produit\/chocolat-brest-idee-cadeaux\/coffret-bar-a-sels-et-poivres-du-monde\/","title":{"rendered":"Coffret Bar \u00e0 Sels et Poivres du Monde"},"content":{"rendered":"<div id=\"product-description-short\">\n<h1 class=\"h1\">Coffret Bar \u00e0 Sels et Poivres du Monde<\/h1>\n<div id=\"product-description-short\">\n<p>D\u00e9couvrez notre gamme de \u201c<strong>Bar \u00e0 Sels et Poivres du monde<\/strong>&#8220;!<\/p>\n<p>Une id\u00e9e tendance qui apportera une touche d&#8217;originalit\u00e9 \u00e0 vos repas. D\u00e9couvrez des saveurs in\u00e9dites et parfumez vos plats de toutes les fa\u00e7ons possibles.<\/p>\n<p>D\u00e9couvrez \u00e0 l&#8217;int\u00e9rieur :<\/p>\n<ul>\n<li>Pr\u00e9paration culinaire \u00e0 base de <strong>sel rose de l\u2019Himalaya truffe noire 1% et poivre noir<\/strong> &#8211; 35 g<\/li>\n<li><strong>Sel Bleu de Perse<\/strong> &#8211; 35 g<\/li>\n<li><strong>Poivre Noir de Malabar<\/strong> &#8211; 15 g<\/li>\n<li><strong>Poivre Noir de Timut<\/strong> &#8211; 10 g<\/li>\n<li><strong>Poivre sauvage de Voatsiperifery<\/strong> &#8211; 15 g<\/li>\n<li><strong>M\u00e9lange du trappeur <\/strong>&#8211; 20 g<\/li>\n<li>M\u00e9lange 4 poivres et baies &#8211; 15 g<\/li>\n<\/ul>\n<p>Un <strong>moulin<\/strong> <strong>interchangeable<\/strong> est inclus dans le <strong>coffret <\/strong>: vous souhaitez explorer la Perse ? Vissez le couvercle sur notre sel bleu .. vous souhaitez plut\u00f4t voyager au N\u00e9pal ? Disposez le moulin sur le poivre noir.<\/p>\n<p>Et hop, le tour (du monde) est jou\u00e9 !<\/p>\n<\/div>\n<\/div>\n","protected":false},"excerpt":{"rendered":"<p>Coffret Bar \u00e0 Sels et Poivres du Monde D\u00e9couvrez notre gamme de \u201cBar \u00e0 Sels et Poivres du monde&#8220;! Une id\u00e9e&#8230;<\/p>\n","protected":false},"featured_media":19202,"template":"","meta":{"_monsterinsights_skip_tracking":false,"_monsterinsights_sitenote_active":false,"_monsterinsights_sitenote_note":"","_monsterinsights_sitenote_category":0},"product_brand":[],"product_cat":[162],"product_tag":[],"class_list":{"0":"post-19192","1":"product","2":"type-product","3":"status-publish","4":"has-post-thumbnail","6":"product_cat-noel","8":"first","9":"instock","10":"shipping-taxable","11":"purchasable","12":"product-type-simple"},"jetpack_sharing_enabled":true,"_links":{"self":[{"href":"https:\/\/www.lepicerieduphare.fr\/accueil\/wp-json\/wp\/v2\/product\/19192","targetHints":{"allow":["GET"]}}],"collection":[{"href":"https:\/\/www.lepicerieduphare.fr\/accueil\/wp-json\/wp\/v2\/product"}],"about":[{"href":"https:\/\/www.lepicerieduphare.fr\/accueil\/wp-json\/wp\/v2\/types\/product"}],"version-history":[{"count":0,"href":"https:\/\/www.lepicerieduphare.fr\/accueil\/wp-json\/wp\/v2\/product\/19192\/revisions"}],"wp:featuredmedia":[{"embeddable":true,"href":"https:\/\/www.lepicerieduphare.fr\/accueil\/wp-json\/wp\/v2\/media\/19202"}],"wp:attachment":[{"href":"https:\/\/www.lepicerieduphare.fr\/accueil\/wp-json\/wp\/v2\/media?parent=19192"}],"wp:term":[{"taxonomy":"product_brand","embeddable":true,"href":"https:\/\/www.lepicerieduphare.fr\/accueil\/wp-json\/wp\/v2\/product_brand?post=19192"},{"taxonomy":"product_cat","embeddable":true,"href":"https:\/\/www.lepicerieduphare.fr\/accueil\/wp-json\/wp\/v2\/product_cat?post=19192"},{"taxonomy":"product_tag","embeddable":true,"href":"https:\/\/www.lepicerieduphare.fr\/accueil\/wp-json\/wp\/v2\/product_tag?post=19192"}],"curies":[{"name":"wp","href":"https:\/\/api.w.org\/{rel}","templated":true}]}}