{"id":19172,"date":"2020-10-15T19:36:51","date_gmt":"2020-10-15T17:36:51","guid":{"rendered":"https:\/\/www.lepicerieduphare.fr\/?post_type=product&#038;p=19172"},"modified":"2022-09-16T18:00:58","modified_gmt":"2022-09-16T16:00:58","slug":"homard-au-foie-gras-90g","status":"publish","type":"product","link":"https:\/\/www.lepicerieduphare.fr\/accueil\/produit\/chocolat-brest-idee-cadeaux\/homard-au-foie-gras-90g\/","title":{"rendered":"HOMARD AU FOIE GRAS 90G"},"content":{"rendered":"<h1 class=\"h1\">Homard au foie gras<\/h1>\n<div class=\"product-information\">\n<div id=\"product-description-short-2316\">\n<p>Deux produits d&#8217;exceptions au sein d&#8217;un m\u00eame tartinable : le <strong>foie gras<\/strong> et le <strong>homard<\/strong>.<\/p>\n<p>Donnez des allures de f\u00eates \u00e0 tous vos <strong>ap\u00e9ros <\/strong>et d\u00e9couvrez cette association surprenante et d\u00e9licieuses.<\/p>\n<\/div>\n<\/div>\n","protected":false},"excerpt":{"rendered":"<p>Homard au foie gras Deux produits d&#8217;exceptions au sein d&#8217;un m\u00eame tartinable : le foie gras et le homard. Donnez des&#8230;<\/p>\n","protected":false},"featured_media":19173,"template":"","meta":{"_monsterinsights_skip_tracking":false,"_monsterinsights_sitenote_active":false,"_monsterinsights_sitenote_note":"","_monsterinsights_sitenote_category":0},"product_brand":[],"product_cat":[162],"product_tag":[],"class_list":{"0":"post-19172","1":"product","2":"type-product","3":"status-publish","4":"has-post-thumbnail","6":"product_cat-noel","8":"first","9":"instock","10":"shipping-taxable","11":"purchasable","12":"product-type-simple"},"jetpack_sharing_enabled":true,"_links":{"self":[{"href":"https:\/\/www.lepicerieduphare.fr\/accueil\/wp-json\/wp\/v2\/product\/19172","targetHints":{"allow":["GET"]}}],"collection":[{"href":"https:\/\/www.lepicerieduphare.fr\/accueil\/wp-json\/wp\/v2\/product"}],"about":[{"href":"https:\/\/www.lepicerieduphare.fr\/accueil\/wp-json\/wp\/v2\/types\/product"}],"version-history":[{"count":1,"href":"https:\/\/www.lepicerieduphare.fr\/accueil\/wp-json\/wp\/v2\/product\/19172\/revisions"}],"predecessor-version":[{"id":20558,"href":"https:\/\/www.lepicerieduphare.fr\/accueil\/wp-json\/wp\/v2\/product\/19172\/revisions\/20558"}],"wp:featuredmedia":[{"embeddable":true,"href":"https:\/\/www.lepicerieduphare.fr\/accueil\/wp-json\/wp\/v2\/media\/19173"}],"wp:attachment":[{"href":"https:\/\/www.lepicerieduphare.fr\/accueil\/wp-json\/wp\/v2\/media?parent=19172"}],"wp:term":[{"taxonomy":"product_brand","embeddable":true,"href":"https:\/\/www.lepicerieduphare.fr\/accueil\/wp-json\/wp\/v2\/product_brand?post=19172"},{"taxonomy":"product_cat","embeddable":true,"href":"https:\/\/www.lepicerieduphare.fr\/accueil\/wp-json\/wp\/v2\/product_cat?post=19172"},{"taxonomy":"product_tag","embeddable":true,"href":"https:\/\/www.lepicerieduphare.fr\/accueil\/wp-json\/wp\/v2\/product_tag?post=19172"}],"curies":[{"name":"wp","href":"https:\/\/api.w.org\/{rel}","templated":true}]}}