{"id":19161,"date":"2020-10-15T19:15:44","date_gmt":"2020-10-15T17:15:44","guid":{"rendered":"https:\/\/www.lepicerieduphare.fr\/?post_type=product&#038;p=19161"},"modified":"2022-01-10T21:36:14","modified_gmt":"2022-01-10T20:36:14","slug":"truffes-chocolat-au-lait-aux-eclats-de-noisettes-150g","status":"publish","type":"product","link":"https:\/\/www.lepicerieduphare.fr\/accueil\/produit\/chocolat-brest-idee-cadeaux\/truffes-chocolat-au-lait-aux-eclats-de-noisettes-150g\/","title":{"rendered":"Truffes Chocolat au Lait aux \u00e9clats de noisettes 150G"},"content":{"rendered":"<h1 class=\"h1\">Truffes Chocolat au Lait aux \u00e9clats de noisettes 150G<\/h1>\n<div class=\"product-information\">\n<div id=\"product-description-short-2261\">\n<p>Tendres .. d\u00e9licates et savoureuses, nos <strong>truffes <\/strong>sont confectionn\u00e9es dans notre manufacture en Provence avec le plus grand soin ! Leurs ingr\u00e9dients, choisis pour leurs go\u00fbts sans \u00e9gal, vous procurerons un plaisir gustatif ind\u00e9finissable ! D\u00e9gustez vite nos <strong>truffes au chocolat au lait et noisette<\/strong> ..<\/p>\n<p>.. sans oublier nos <strong>Truffes Chocolat Noir au gru\u00e9 de cacao caram\u00e9lis\u00e9<\/strong> et nos <strong>Truffes Chocolat Blond aux \u00e9clats de caramel Blond<\/strong>.<\/p>\n<\/div>\n<\/div>\n","protected":false},"excerpt":{"rendered":"<p>Truffes Chocolat au Lait aux \u00e9clats de noisettes 150G Tendres .. d\u00e9licates et savoureuses, nos truffes sont confectionn\u00e9es dans notre manufacture&#8230;<\/p>\n","protected":false},"featured_media":19162,"template":"","meta":{"_monsterinsights_skip_tracking":false,"_monsterinsights_sitenote_active":false,"_monsterinsights_sitenote_note":"","_monsterinsights_sitenote_category":0},"product_brand":[],"product_cat":[116],"product_tag":[],"class_list":{"0":"post-19161","1":"product","2":"type-product","3":"status-publish","4":"has-post-thumbnail","6":"product_cat-chocolat-a-casser","8":"first","9":"instock","10":"shipping-taxable","11":"purchasable","12":"product-type-simple"},"jetpack_sharing_enabled":true,"_links":{"self":[{"href":"https:\/\/www.lepicerieduphare.fr\/accueil\/wp-json\/wp\/v2\/product\/19161","targetHints":{"allow":["GET"]}}],"collection":[{"href":"https:\/\/www.lepicerieduphare.fr\/accueil\/wp-json\/wp\/v2\/product"}],"about":[{"href":"https:\/\/www.lepicerieduphare.fr\/accueil\/wp-json\/wp\/v2\/types\/product"}],"version-history":[{"count":1,"href":"https:\/\/www.lepicerieduphare.fr\/accueil\/wp-json\/wp\/v2\/product\/19161\/revisions"}],"predecessor-version":[{"id":20164,"href":"https:\/\/www.lepicerieduphare.fr\/accueil\/wp-json\/wp\/v2\/product\/19161\/revisions\/20164"}],"wp:featuredmedia":[{"embeddable":true,"href":"https:\/\/www.lepicerieduphare.fr\/accueil\/wp-json\/wp\/v2\/media\/19162"}],"wp:attachment":[{"href":"https:\/\/www.lepicerieduphare.fr\/accueil\/wp-json\/wp\/v2\/media?parent=19161"}],"wp:term":[{"taxonomy":"product_brand","embeddable":true,"href":"https:\/\/www.lepicerieduphare.fr\/accueil\/wp-json\/wp\/v2\/product_brand?post=19161"},{"taxonomy":"product_cat","embeddable":true,"href":"https:\/\/www.lepicerieduphare.fr\/accueil\/wp-json\/wp\/v2\/product_cat?post=19161"},{"taxonomy":"product_tag","embeddable":true,"href":"https:\/\/www.lepicerieduphare.fr\/accueil\/wp-json\/wp\/v2\/product_tag?post=19161"}],"curies":[{"name":"wp","href":"https:\/\/api.w.org\/{rel}","templated":true}]}}