{"id":19146,"date":"2020-10-15T18:42:15","date_gmt":"2020-10-15T16:42:15","guid":{"rendered":"https:\/\/www.lepicerieduphare.fr\/?post_type=product&#038;p=19146"},"modified":"2021-10-04T10:08:16","modified_gmt":"2021-10-04T08:08:16","slug":"the-noir-de-noel-saveurs-noisettes-et-vanille-100g","status":"publish","type":"product","link":"https:\/\/www.lepicerieduphare.fr\/accueil\/produit\/chocolat-brest-idee-cadeaux\/the-noir-de-noel-saveurs-noisettes-et-vanille-100g\/","title":{"rendered":"THE NOIR de NOEL saveurs Noisettes et Vanille 100G"},"content":{"rendered":"<h3 class=\"h1\">THE NOIR de NOEL saveurs Noisettes et Vanille 100G<\/h3>\n<p>Dans une jolie boite en m\u00e9tal, d\u00e9couvrez ce th\u00e9 Noir saveur noisettes et vanille<\/p>\n<p>A Savourer au petit d\u00e9jeuner, au go\u00fbter ou tout au long de la journ\u00e9e !<\/p>\n<p>FETER NOEL EN DOUCEUR ! Id\u00e9es cadeaux pour NOEL pour les amateurs de THES !<\/p>\n<div id=\"product-description-short\">\n<p>Pour des cadeaux d&#8217;affaires, prendre contact avec la boutique de Brest, nous vous conseillerons !<\/p>\n<\/div>\n","protected":false},"excerpt":{"rendered":"<p>THE NOIR de NOEL saveurs Noisettes et Vanille 100G Dans une jolie boite en m\u00e9tal, d\u00e9couvrez ce th\u00e9 Noir saveur noisettes&#8230;<\/p>\n","protected":false},"featured_media":19147,"template":"","meta":{"_monsterinsights_skip_tracking":false,"_monsterinsights_sitenote_active":false,"_monsterinsights_sitenote_note":"","_monsterinsights_sitenote_category":0},"product_brand":[],"product_cat":[162],"product_tag":[],"class_list":{"0":"post-19146","1":"product","2":"type-product","3":"status-publish","4":"has-post-thumbnail","6":"product_cat-noel","8":"first","9":"instock","10":"shipping-taxable","11":"purchasable","12":"product-type-simple"},"jetpack_sharing_enabled":true,"_links":{"self":[{"href":"https:\/\/www.lepicerieduphare.fr\/accueil\/wp-json\/wp\/v2\/product\/19146","targetHints":{"allow":["GET"]}}],"collection":[{"href":"https:\/\/www.lepicerieduphare.fr\/accueil\/wp-json\/wp\/v2\/product"}],"about":[{"href":"https:\/\/www.lepicerieduphare.fr\/accueil\/wp-json\/wp\/v2\/types\/product"}],"version-history":[{"count":0,"href":"https:\/\/www.lepicerieduphare.fr\/accueil\/wp-json\/wp\/v2\/product\/19146\/revisions"}],"wp:featuredmedia":[{"embeddable":true,"href":"https:\/\/www.lepicerieduphare.fr\/accueil\/wp-json\/wp\/v2\/media\/19147"}],"wp:attachment":[{"href":"https:\/\/www.lepicerieduphare.fr\/accueil\/wp-json\/wp\/v2\/media?parent=19146"}],"wp:term":[{"taxonomy":"product_brand","embeddable":true,"href":"https:\/\/www.lepicerieduphare.fr\/accueil\/wp-json\/wp\/v2\/product_brand?post=19146"},{"taxonomy":"product_cat","embeddable":true,"href":"https:\/\/www.lepicerieduphare.fr\/accueil\/wp-json\/wp\/v2\/product_cat?post=19146"},{"taxonomy":"product_tag","embeddable":true,"href":"https:\/\/www.lepicerieduphare.fr\/accueil\/wp-json\/wp\/v2\/product_tag?post=19146"}],"curies":[{"name":"wp","href":"https:\/\/api.w.org\/{rel}","templated":true}]}}