{"id":18970,"date":"2020-05-14T17:13:10","date_gmt":"2020-05-14T15:13:10","guid":{"rendered":"https:\/\/www.lepicerieduphare.fr\/?post_type=product&#038;p=18970"},"modified":"2022-09-16T17:57:06","modified_gmt":"2022-09-16T15:57:06","slug":"tablette-petillant-chocolat-lait-80-g","status":"publish","type":"product","link":"https:\/\/www.lepicerieduphare.fr\/accueil\/produit\/chocolat-brest-idee-cadeaux\/tablette-petillant-chocolat-lait-80-g\/","title":{"rendered":"Tablette P\u00e9tillant &#8211; Chocolat lait 80 G"},"content":{"rendered":"<h1 class=\"h1\">Tablette P\u00e9tillant &#8211; Chocolat lait<\/h1>\n<div id=\"vue-product-prices\" class=\"product-prices\">\n<div class=\"product-price h5 \">\n<div class=\"current-price\">4,00\u00a0\u20ac<\/div>\n<p class=\"product-unit-price sub\">(50,00\u00a0\u20ac kilo)<\/p>\n<\/div>\n<\/div>\n<div id=\"product-description-short\">\n<p><strong>Nouvelle recette <\/strong>! Notre tablette p\u00e9tillante\u00a0a chang\u00e9. Encore plus surprenante et p\u00e9\u00e9\u00e9\u00e9tillante, la sensation en bouche saura vous surprendre.<\/p>\n<p>Pour que le p\u00e9tillant prenne vie dans votre palais, d\u00e9posez d\u00e9licatement votre carr\u00e9 chocolat\u00e9 sur la langue et laissez-le fondre. Vous sentirez alors p\u00e9tiller sur toute votre langue. \u00a0Effet garantie !<\/p>\n<p>Le Comptoir de Mathilde vous offre une collection de tablettes \u00abSp\u00e9cial Gourmands\u00bb. Compos\u00e9e de plus de 50 parfums, elle saura satisfaire tous les gourmands de chocolat.<\/p>\n<\/div>\n","protected":false},"excerpt":{"rendered":"<h1 class=\"h1\">Tablette P\u00e9tillant &#8211; Chocolat lait<\/h1>\n<div id=\"vue-product-prices\" class=\"product-prices\">\n<div class=\"product-price h5 \">\n<div class=\"current-price\">4,00\u00a0\u20ac<\/div>\n<p class=\"product-unit-price sub\">(50,00\u00a0\u20ac kilo)<\/p>\n<\/div>\n<\/div>\n<div id=\"product-description-short\">\n<p><strong>Nouvelle recette <\/strong>! Notre tablette p\u00e9tillante\u00a0a chang\u00e9. Encore plus surprenante et p\u00e9\u00e9\u00e9\u00e9tillante, la sensation en bouche saura vous surprendre.<\/p>\n<p>Pour que le p\u00e9tillant prenne vie dans votre palais, d\u00e9posez d\u00e9licatement votre carr\u00e9 chocolat\u00e9 sur la langue et laissez-le fondre. Vous sentirez alors p\u00e9tiller sur toute votre langue. \u00a0Effet garantie !<\/p>\n<p>Le Comptoir de Mathilde vous offre une collection de tablettes \u00abSp\u00e9cial Gourmands\u00bb. Compos\u00e9e de plus de 50 parfums, elle saura satisfaire tous les gourmands de chocolat.<\/p>\n<\/div>\n","protected":false},"featured_media":18968,"template":"","meta":{"_monsterinsights_skip_tracking":false,"_monsterinsights_sitenote_active":false,"_monsterinsights_sitenote_note":"","_monsterinsights_sitenote_category":0},"product_brand":[],"product_cat":[116],"product_tag":[],"class_list":{"0":"post-18970","1":"product","2":"type-product","3":"status-publish","4":"has-post-thumbnail","6":"product_cat-chocolat-a-casser","8":"first","9":"instock","10":"shipping-taxable","11":"purchasable","12":"product-type-simple"},"jetpack_sharing_enabled":true,"_links":{"self":[{"href":"https:\/\/www.lepicerieduphare.fr\/accueil\/wp-json\/wp\/v2\/product\/18970","targetHints":{"allow":["GET"]}}],"collection":[{"href":"https:\/\/www.lepicerieduphare.fr\/accueil\/wp-json\/wp\/v2\/product"}],"about":[{"href":"https:\/\/www.lepicerieduphare.fr\/accueil\/wp-json\/wp\/v2\/types\/product"}],"version-history":[{"count":1,"href":"https:\/\/www.lepicerieduphare.fr\/accueil\/wp-json\/wp\/v2\/product\/18970\/revisions"}],"predecessor-version":[{"id":20545,"href":"https:\/\/www.lepicerieduphare.fr\/accueil\/wp-json\/wp\/v2\/product\/18970\/revisions\/20545"}],"wp:featuredmedia":[{"embeddable":true,"href":"https:\/\/www.lepicerieduphare.fr\/accueil\/wp-json\/wp\/v2\/media\/18968"}],"wp:attachment":[{"href":"https:\/\/www.lepicerieduphare.fr\/accueil\/wp-json\/wp\/v2\/media?parent=18970"}],"wp:term":[{"taxonomy":"product_brand","embeddable":true,"href":"https:\/\/www.lepicerieduphare.fr\/accueil\/wp-json\/wp\/v2\/product_brand?post=18970"},{"taxonomy":"product_cat","embeddable":true,"href":"https:\/\/www.lepicerieduphare.fr\/accueil\/wp-json\/wp\/v2\/product_cat?post=18970"},{"taxonomy":"product_tag","embeddable":true,"href":"https:\/\/www.lepicerieduphare.fr\/accueil\/wp-json\/wp\/v2\/product_tag?post=18970"}],"curies":[{"name":"wp","href":"https:\/\/api.w.org\/{rel}","templated":true}]}}