{"id":18955,"date":"2020-05-14T16:52:59","date_gmt":"2020-05-14T14:52:59","guid":{"rendered":"https:\/\/www.lepicerieduphare.fr\/?post_type=product&#038;p=18955"},"modified":"2022-09-16T17:57:35","modified_gmt":"2022-09-16T15:57:35","slug":"mendiant-orange-et-fruits-secs-caramelises-chocolat-noir","status":"publish","type":"product","link":"https:\/\/www.lepicerieduphare.fr\/accueil\/produit\/chocolat-brest-idee-cadeaux\/mendiant-orange-et-fruits-secs-caramelises-chocolat-noir\/","title":{"rendered":"Mendiant Orange et Fruits Secs Caram\u00e9lis\u00e9s Chocolat Noir 240G"},"content":{"rendered":"<h1 class=\"h1\">Mendiant Orange et Fruits Secs Caram\u00e9lis\u00e9s Chocolat Noir<\/h1>\n<div id=\"vue-product-prices\" class=\"product-prices\">\n<div class=\"product-price h5 \">\n<div class=\"current-price\">12,90\u00a0\u20ac<\/div>\n<p class=\"product-unit-price sub\">(70,42\u00a0\u20ac kilo)<\/p>\n<\/div>\n<\/div>\n<div class=\"product-information\">\n<div id=\"product-description-short-655\">\n<p>Un savoureux chocolat noir agr\u00e9ment\u00e9 de morceaux d&#8217;orange et de fruits secs caram\u00e9lis\u00e9s. Une tablette aussi belle que bonne qui vous fera fondre.<\/p>\n<\/div>\n<\/div>\n<p><b>Ingr\u00e9dients : <\/b> Chocolat noir 85% (p\u00e2te de cacao 64%, sucre, beurre de cacao 9%, \u00e9mulsifiant : l\u00e9cithine de SOJA, ar\u00f4me naturel de vanille. Cacao: 70% minimum), oranges confites 5% (oranges, sucre, sirop de glucose, dextrose), \u00e9clats d&#8217;AMANDES enrob\u00e9s de sucre 5% (AMANDES 60%, sucre 40%), \u00e9clats de NOISETTES enrob\u00e9s de sucre 3,3% (NOISETTES 70%, sucre 28,5%, caramel 1,5% (sucre, eau)), \u00e9clats de PISTACHES enrob\u00e9s de sucre 1,7% (PISTACHES 70%, sucre 30%).<\/p>\n","protected":false},"excerpt":{"rendered":"<h1 class=\"h1\">Mendiant Orange et Fruits Secs Caram\u00e9lis\u00e9s Chocolat Noir<\/h1>\n<div class=\"product-information\">\n<div id=\"product-description-short-655\">\n<p>Un savoureux chocolat noir agr\u00e9ment\u00e9 de morceaux d&#8217;orange et de fruits secs caram\u00e9lis\u00e9s. Une tablette aussi belle que bonne qui vous fera fondre.<\/p>\n<\/div>\n<\/div>\n","protected":false},"featured_media":18956,"template":"","meta":{"_monsterinsights_skip_tracking":false,"_monsterinsights_sitenote_active":false,"_monsterinsights_sitenote_note":"","_monsterinsights_sitenote_category":0},"product_brand":[],"product_cat":[116],"product_tag":[],"class_list":{"0":"post-18955","1":"product","2":"type-product","3":"status-publish","4":"has-post-thumbnail","6":"product_cat-chocolat-a-casser","8":"first","9":"outofstock","10":"shipping-taxable","11":"purchasable","12":"product-type-simple"},"jetpack_sharing_enabled":true,"_links":{"self":[{"href":"https:\/\/www.lepicerieduphare.fr\/accueil\/wp-json\/wp\/v2\/product\/18955","targetHints":{"allow":["GET"]}}],"collection":[{"href":"https:\/\/www.lepicerieduphare.fr\/accueil\/wp-json\/wp\/v2\/product"}],"about":[{"href":"https:\/\/www.lepicerieduphare.fr\/accueil\/wp-json\/wp\/v2\/types\/product"}],"version-history":[{"count":1,"href":"https:\/\/www.lepicerieduphare.fr\/accueil\/wp-json\/wp\/v2\/product\/18955\/revisions"}],"predecessor-version":[{"id":20547,"href":"https:\/\/www.lepicerieduphare.fr\/accueil\/wp-json\/wp\/v2\/product\/18955\/revisions\/20547"}],"wp:featuredmedia":[{"embeddable":true,"href":"https:\/\/www.lepicerieduphare.fr\/accueil\/wp-json\/wp\/v2\/media\/18956"}],"wp:attachment":[{"href":"https:\/\/www.lepicerieduphare.fr\/accueil\/wp-json\/wp\/v2\/media?parent=18955"}],"wp:term":[{"taxonomy":"product_brand","embeddable":true,"href":"https:\/\/www.lepicerieduphare.fr\/accueil\/wp-json\/wp\/v2\/product_brand?post=18955"},{"taxonomy":"product_cat","embeddable":true,"href":"https:\/\/www.lepicerieduphare.fr\/accueil\/wp-json\/wp\/v2\/product_cat?post=18955"},{"taxonomy":"product_tag","embeddable":true,"href":"https:\/\/www.lepicerieduphare.fr\/accueil\/wp-json\/wp\/v2\/product_tag?post=18955"}],"curies":[{"name":"wp","href":"https:\/\/api.w.org\/{rel}","templated":true}]}}