{"id":18923,"date":"2020-05-10T22:03:57","date_gmt":"2020-05-10T20:03:57","guid":{"rendered":"https:\/\/www.lepicerieduphare.fr\/?post_type=product&#038;p=18923"},"modified":"2022-09-16T17:59:07","modified_gmt":"2022-09-16T15:59:07","slug":"sac-en-jute-5-formats-au-choix","status":"publish","type":"product","link":"https:\/\/www.lepicerieduphare.fr\/accueil\/produit\/chocolat-brest-idee-cadeaux\/sac-en-jute-5-formats-au-choix\/","title":{"rendered":"Sac en jute 5 formats au choix"},"content":{"rendered":"<h1 class=\"h1\">Sac en jute, besace, ou bouteille<\/h1>\n<div id=\"vue-product-prices\" class=\"product-prices\">\n<div class=\"current-price\">\n<p>CADEAU : Nous adapterons le format en fonction du ou des\u00a0 produits !<\/p>\n<div id=\"product-description-short\">\n<p><strong>DIY : Faites preuve d&#8217;imagination pour les r\u00e9utiliser , une pochette pour les \u00e9pices, sac \u00e0 potager, pochette&#8230;<\/strong><\/p>\n<\/div>\n<\/div>\n<\/div>\n","protected":false},"excerpt":{"rendered":"<h1 class=\"h1\">Sac en jute, besace, ou bouteille<\/h1>\n<div id=\"vue-product-prices\" class=\"product-prices\">\n<div class=\"current-price\">\n<p>CADEAU : Nous adapterons le format en fonction du ou des\u00a0 produits !<\/p>\n<div id=\"product-description-short\">\n<p><strong>DIY : Faites preuve d&#8217;imagination pour les r\u00e9utiliser , une pochette pour les \u00e9pices, sac \u00e0 potager, pochette&#8230;<\/strong><\/p>\n<\/div>\n<\/div>\n<\/div>\n","protected":false},"featured_media":18924,"template":"","meta":{"_monsterinsights_skip_tracking":false,"_monsterinsights_sitenote_active":false,"_monsterinsights_sitenote_note":"","_monsterinsights_sitenote_category":0},"product_brand":[],"product_cat":[108],"product_tag":[],"class_list":{"0":"post-18923","1":"product","2":"type-product","3":"status-publish","4":"has-post-thumbnail","6":"product_cat-coffrets-cadeaux-brest","8":"first","9":"instock","10":"shipping-taxable","11":"purchasable","12":"product-type-simple"},"jetpack_sharing_enabled":true,"_links":{"self":[{"href":"https:\/\/www.lepicerieduphare.fr\/accueil\/wp-json\/wp\/v2\/product\/18923","targetHints":{"allow":["GET"]}}],"collection":[{"href":"https:\/\/www.lepicerieduphare.fr\/accueil\/wp-json\/wp\/v2\/product"}],"about":[{"href":"https:\/\/www.lepicerieduphare.fr\/accueil\/wp-json\/wp\/v2\/types\/product"}],"version-history":[{"count":1,"href":"https:\/\/www.lepicerieduphare.fr\/accueil\/wp-json\/wp\/v2\/product\/18923\/revisions"}],"predecessor-version":[{"id":20551,"href":"https:\/\/www.lepicerieduphare.fr\/accueil\/wp-json\/wp\/v2\/product\/18923\/revisions\/20551"}],"wp:featuredmedia":[{"embeddable":true,"href":"https:\/\/www.lepicerieduphare.fr\/accueil\/wp-json\/wp\/v2\/media\/18924"}],"wp:attachment":[{"href":"https:\/\/www.lepicerieduphare.fr\/accueil\/wp-json\/wp\/v2\/media?parent=18923"}],"wp:term":[{"taxonomy":"product_brand","embeddable":true,"href":"https:\/\/www.lepicerieduphare.fr\/accueil\/wp-json\/wp\/v2\/product_brand?post=18923"},{"taxonomy":"product_cat","embeddable":true,"href":"https:\/\/www.lepicerieduphare.fr\/accueil\/wp-json\/wp\/v2\/product_cat?post=18923"},{"taxonomy":"product_tag","embeddable":true,"href":"https:\/\/www.lepicerieduphare.fr\/accueil\/wp-json\/wp\/v2\/product_tag?post=18923"}],"curies":[{"name":"wp","href":"https:\/\/api.w.org\/{rel}","templated":true}]}}