{"id":18892,"date":"2020-05-09T17:35:23","date_gmt":"2020-05-09T15:35:23","guid":{"rendered":"https:\/\/www.lepicerieduphare.fr\/?post_type=product&#038;p=18892"},"modified":"2021-10-04T10:12:47","modified_gmt":"2021-10-04T08:12:47","slug":"tapenade-verte-90g","status":"publish","type":"product","link":"https:\/\/www.lepicerieduphare.fr\/accueil\/produit\/chocolat-brest-idee-cadeaux\/tapenade-verte-90g\/","title":{"rendered":"Tapenade Verte 90G"},"content":{"rendered":"<h1 class=\"h1\">Tapenade Verte<\/h1>\n<div id=\"product-description-short\">\n<p>Envie de partager un d\u00e9licieux met et un accompagnement qui saura mettre l&#8217;eau \u00e0 la bouche de vos convives ? D\u00e9couvrez notre large gamme de tartinables aux multiples saveurs.<\/p>\n<p>La <strong>tapenade verte <\/strong>reste un <strong>tartinable <\/strong>incontournable de <strong>l&#8217;ap\u00e9ritif <\/strong>et sait se marier avec de nombreuses <strong>pr\u00e9parations culinaires<\/strong>.<\/p>\n<\/div>\n","protected":false},"excerpt":{"rendered":"<h1 class=\"h1\">Tapenade Verte<\/h1>\n<div id=\"product-description-short\">\n<p>Envie de partager un d\u00e9licieux met et un accompagnement qui saura mettre l&#8217;eau \u00e0 la bouche de vos convives ? D\u00e9couvrez notre large gamme de tartinables aux multiples saveurs.<\/p>\n<p>La <strong>tapenade verte <\/strong>reste un <strong>tartinable <\/strong>incontournable de <strong>l&#8217;ap\u00e9ritif <\/strong>et sait se marier avec de nombreuses <strong>pr\u00e9parations culinaires<\/strong>.<\/p>\n<\/div>\n","protected":false},"featured_media":18893,"template":"","meta":{"_monsterinsights_skip_tracking":false,"_monsterinsights_sitenote_active":false,"_monsterinsights_sitenote_note":"","_monsterinsights_sitenote_category":0},"product_brand":[],"product_cat":[120],"product_tag":[],"class_list":{"0":"post-18892","1":"product","2":"type-product","3":"status-publish","4":"has-post-thumbnail","6":"product_cat-apero","8":"first","9":"instock","10":"shipping-taxable","11":"purchasable","12":"product-type-simple"},"jetpack_sharing_enabled":true,"_links":{"self":[{"href":"https:\/\/www.lepicerieduphare.fr\/accueil\/wp-json\/wp\/v2\/product\/18892","targetHints":{"allow":["GET"]}}],"collection":[{"href":"https:\/\/www.lepicerieduphare.fr\/accueil\/wp-json\/wp\/v2\/product"}],"about":[{"href":"https:\/\/www.lepicerieduphare.fr\/accueil\/wp-json\/wp\/v2\/types\/product"}],"version-history":[{"count":0,"href":"https:\/\/www.lepicerieduphare.fr\/accueil\/wp-json\/wp\/v2\/product\/18892\/revisions"}],"wp:featuredmedia":[{"embeddable":true,"href":"https:\/\/www.lepicerieduphare.fr\/accueil\/wp-json\/wp\/v2\/media\/18893"}],"wp:attachment":[{"href":"https:\/\/www.lepicerieduphare.fr\/accueil\/wp-json\/wp\/v2\/media?parent=18892"}],"wp:term":[{"taxonomy":"product_brand","embeddable":true,"href":"https:\/\/www.lepicerieduphare.fr\/accueil\/wp-json\/wp\/v2\/product_brand?post=18892"},{"taxonomy":"product_cat","embeddable":true,"href":"https:\/\/www.lepicerieduphare.fr\/accueil\/wp-json\/wp\/v2\/product_cat?post=18892"},{"taxonomy":"product_tag","embeddable":true,"href":"https:\/\/www.lepicerieduphare.fr\/accueil\/wp-json\/wp\/v2\/product_tag?post=18892"}],"curies":[{"name":"wp","href":"https:\/\/api.w.org\/{rel}","templated":true}]}}