{"id":18890,"date":"2020-05-09T17:32:10","date_gmt":"2020-05-09T15:32:10","guid":{"rendered":"https:\/\/www.lepicerieduphare.fr\/?post_type=product&#038;p=18890"},"modified":"2021-10-04T10:12:57","modified_gmt":"2021-10-04T08:12:57","slug":"delice-de-tomates-sechees-aux-cepes-100g","status":"publish","type":"product","link":"https:\/\/www.lepicerieduphare.fr\/accueil\/produit\/chocolat-brest-idee-cadeaux\/delice-de-tomates-sechees-aux-cepes-100g\/","title":{"rendered":"D\u00e9lice de Tomates S\u00e9ch\u00e9es aux C\u00e8pes 100G"},"content":{"rendered":"<h1 class=\"h1\">D\u00e9lice de Tomates S\u00e9ch\u00e9es aux C\u00e8pes<\/h1>\n<div id=\"product-description-short\">\n<p>Le C\u00e8pe reste encore et toujours un met d&#8217;une grande valeur aux aventures rocambolesque &#8230; surtout lorsque nous sommes en p\u00e9riode de cueillette. \u00a0Vous comprendrez pourquoi ! C&#8217;est pourquoi, afin de vous donner tout le plaisir d&#8217;une d\u00e9gustation qui sort des bois, nous avons cr\u00e9e un tartinable qui saura vous rappeler vos nombreuses qu\u00eates en for\u00eat.<\/p>\n<\/div>\n","protected":false},"excerpt":{"rendered":"<h1 class=\"h1\">D\u00e9lice de Tomates S\u00e9ch\u00e9es aux C\u00e8pes<\/h1>\n<div id=\"product-description-short\">\n<p>Le C\u00e8pe reste encore et toujours un met d&#8217;une grande valeur aux aventures rocambolesque &#8230; surtout lorsque nous sommes en p\u00e9riode de cueillette. \u00a0Vous comprendrez pourquoi ! C&#8217;est pourquoi, afin de vous donner tout le plaisir d&#8217;une d\u00e9gustation qui sort des bois, nous avons cr\u00e9e un tartinable qui saura vous rappeler vos nombreuses qu\u00eates en for\u00eat.<\/p>\n<\/div>\n","protected":false},"featured_media":18891,"template":"","meta":{"_monsterinsights_skip_tracking":false,"_monsterinsights_sitenote_active":false,"_monsterinsights_sitenote_note":"","_monsterinsights_sitenote_category":0},"product_brand":[],"product_cat":[120],"product_tag":[],"class_list":{"0":"post-18890","1":"product","2":"type-product","3":"status-publish","4":"has-post-thumbnail","6":"product_cat-apero","8":"first","9":"instock","10":"shipping-taxable","11":"purchasable","12":"product-type-simple"},"jetpack_sharing_enabled":true,"_links":{"self":[{"href":"https:\/\/www.lepicerieduphare.fr\/accueil\/wp-json\/wp\/v2\/product\/18890","targetHints":{"allow":["GET"]}}],"collection":[{"href":"https:\/\/www.lepicerieduphare.fr\/accueil\/wp-json\/wp\/v2\/product"}],"about":[{"href":"https:\/\/www.lepicerieduphare.fr\/accueil\/wp-json\/wp\/v2\/types\/product"}],"version-history":[{"count":0,"href":"https:\/\/www.lepicerieduphare.fr\/accueil\/wp-json\/wp\/v2\/product\/18890\/revisions"}],"wp:featuredmedia":[{"embeddable":true,"href":"https:\/\/www.lepicerieduphare.fr\/accueil\/wp-json\/wp\/v2\/media\/18891"}],"wp:attachment":[{"href":"https:\/\/www.lepicerieduphare.fr\/accueil\/wp-json\/wp\/v2\/media?parent=18890"}],"wp:term":[{"taxonomy":"product_brand","embeddable":true,"href":"https:\/\/www.lepicerieduphare.fr\/accueil\/wp-json\/wp\/v2\/product_brand?post=18890"},{"taxonomy":"product_cat","embeddable":true,"href":"https:\/\/www.lepicerieduphare.fr\/accueil\/wp-json\/wp\/v2\/product_cat?post=18890"},{"taxonomy":"product_tag","embeddable":true,"href":"https:\/\/www.lepicerieduphare.fr\/accueil\/wp-json\/wp\/v2\/product_tag?post=18890"}],"curies":[{"name":"wp","href":"https:\/\/api.w.org\/{rel}","templated":true}]}}