{"id":18885,"date":"2020-05-09T17:21:47","date_gmt":"2020-05-09T15:21:47","guid":{"rendered":"https:\/\/www.lepicerieduphare.fr\/?post_type=product&#038;p=18885"},"modified":"2022-09-16T17:55:23","modified_gmt":"2022-09-16T15:55:23","slug":"sel-rose-de-lhimalaya-70g-et-melange-4-poivres-et-baies-25g","status":"publish","type":"product","link":"https:\/\/www.lepicerieduphare.fr\/accueil\/produit\/chocolat-brest-idee-cadeaux\/sel-rose-de-lhimalaya-70g-et-melange-4-poivres-et-baies-25g\/","title":{"rendered":"SEL ROSE DE L&#8217;HIMALAYA 70G et MELANGE 4 POIVRES ET BAIES 25G"},"content":{"rendered":"<p><strong>SEL ROSE DE L&#8217;HIMALAYA 70G et MELANGE 4 POIVRES ET BAIES 25G<\/strong><\/p>\n<p>Un jolie cadeau \u00e0 faire ! Moulin 2 en 1 rechargeable ! Recharge disponible en boutique<\/p>\n<p>Le moulin \u00e0 sel d&#8217;Himalaya et m\u00e9lange 4 poivres et baies Le Comptoir de Mathilde est un moulin 2 en 1 qui vous permettra d&#8217;assaisonner tous vos plats facilement en cuisine ou \u00e0 table. Son utilisation est tr\u00e8s facile, vous tournez \u00e0 gauche pou moudre le poivre et \u00e0 droite pour moudre le sel (suivre les instructions sur le moulin).<\/p>\n","protected":false},"excerpt":{"rendered":"<p><strong>SEL ROSE DE L&#8217;HIMALAYA 70G et MELANGE 4 POIVRES ET BAIES 25G<\/strong><\/p>\n<p>Un jolie cadeau \u00e0 faire ! Moulin 2 en 1 rechargeable ! Recharge disponible en boutique<\/p>\n<p>Le moulin \u00e0 sel d&#8217;Himalaya et m\u00e9lange 4 poivres et baies Le Comptoir de Mathilde est un moulin 2 en 1 qui vous permettra d&#8217;assaisonner tous vos plats facilement en cuisine ou \u00e0 table. Son utilisation est tr\u00e8s facile, vous tournez \u00e0 gauche pou moudre le poivre et \u00e0 droite pour moudre le sel (suivre les instructions sur le moulin).<\/p>\n","protected":false},"featured_media":18886,"template":"","meta":{"_monsterinsights_skip_tracking":false,"_monsterinsights_sitenote_active":false,"_monsterinsights_sitenote_note":"","_monsterinsights_sitenote_category":0},"product_brand":[],"product_cat":[119],"product_tag":[],"class_list":{"0":"post-18885","1":"product","2":"type-product","3":"status-publish","4":"has-post-thumbnail","6":"product_cat-sels-poivres","8":"first","9":"instock","10":"shipping-taxable","11":"purchasable","12":"product-type-simple"},"jetpack_sharing_enabled":true,"_links":{"self":[{"href":"https:\/\/www.lepicerieduphare.fr\/accueil\/wp-json\/wp\/v2\/product\/18885","targetHints":{"allow":["GET"]}}],"collection":[{"href":"https:\/\/www.lepicerieduphare.fr\/accueil\/wp-json\/wp\/v2\/product"}],"about":[{"href":"https:\/\/www.lepicerieduphare.fr\/accueil\/wp-json\/wp\/v2\/types\/product"}],"version-history":[{"count":2,"href":"https:\/\/www.lepicerieduphare.fr\/accueil\/wp-json\/wp\/v2\/product\/18885\/revisions"}],"predecessor-version":[{"id":20539,"href":"https:\/\/www.lepicerieduphare.fr\/accueil\/wp-json\/wp\/v2\/product\/18885\/revisions\/20539"}],"wp:featuredmedia":[{"embeddable":true,"href":"https:\/\/www.lepicerieduphare.fr\/accueil\/wp-json\/wp\/v2\/media\/18886"}],"wp:attachment":[{"href":"https:\/\/www.lepicerieduphare.fr\/accueil\/wp-json\/wp\/v2\/media?parent=18885"}],"wp:term":[{"taxonomy":"product_brand","embeddable":true,"href":"https:\/\/www.lepicerieduphare.fr\/accueil\/wp-json\/wp\/v2\/product_brand?post=18885"},{"taxonomy":"product_cat","embeddable":true,"href":"https:\/\/www.lepicerieduphare.fr\/accueil\/wp-json\/wp\/v2\/product_cat?post=18885"},{"taxonomy":"product_tag","embeddable":true,"href":"https:\/\/www.lepicerieduphare.fr\/accueil\/wp-json\/wp\/v2\/product_tag?post=18885"}],"curies":[{"name":"wp","href":"https:\/\/api.w.org\/{rel}","templated":true}]}}