{"id":18862,"date":"2020-05-09T15:59:36","date_gmt":"2020-05-09T13:59:36","guid":{"rendered":"https:\/\/www.lepicerieduphare.fr\/?post_type=product&#038;p=18862"},"modified":"2021-10-04T10:14:07","modified_gmt":"2021-10-04T08:14:07","slug":"poivre-noir-de-timut-nepal-mini-moulin-10g","status":"publish","type":"product","link":"https:\/\/www.lepicerieduphare.fr\/accueil\/produit\/chocolat-brest-idee-cadeaux\/poivre-noir-de-timut-nepal-mini-moulin-10g\/","title":{"rendered":"Poivre Noir de Timut (N\u00e9pal) &#8211; Mini Moulin 10G"},"content":{"rendered":"<h1 class=\"h1\">Poivre Noir de Timut (N\u00e9pal) &#8211; Mini Moulin<\/h1>\n<div id=\"vue-product-prices\" class=\"product-prices\">\n<div class=\"product-price h5 \">\n<div class=\"current-price\">9,90\u00a0\u20ac<\/div>\n<\/div>\n<\/div>\n<div id=\"product-description-short\">\n<p>\u00c9l\u00e9gant <strong>mini moulin<\/strong> de <strong>poivre de Timut<\/strong>.\u00a0Dans son mini moulin transparent au design \u00e9l\u00e9gant, il saura habiller vos tables.<\/p>\n<p>Le poivre de Timut ressemble beaucoup \u00e0 son cousin du Sichuan. Leur diff\u00e9rence r\u00e9side dans le fait que les baies du poivre de Timut sont plus petites et surtout plus fonc\u00e9es. Il s&#8217;en d\u00e9gage un <strong>parfum tr\u00e8s fruit\u00e9<\/strong> avec d&#8217;incroyables notes de fruit de la <strong>passion<\/strong>.<\/p>\n<\/div>\n","protected":false},"excerpt":{"rendered":"<h1 class=\"h1\">Poivre Noir de Timut (N\u00e9pal) &#8211; Mini Moulin<\/h1>\n<div id=\"vue-product-prices\" class=\"product-prices\">\n<div class=\"product-price h5 \">\n<div class=\"current-price\">9,90\u00a0\u20ac<\/div>\n<\/div>\n<\/div>\n<div id=\"product-description-short\">\n<p>\u00c9l\u00e9gant <strong>mini moulin<\/strong> de <strong>poivre de Timut<\/strong>.\u00a0Dans son mini moulin transparent au design \u00e9l\u00e9gant, il saura habiller vos tables.<\/p>\n<p>Le poivre de Timut ressemble beaucoup \u00e0 son cousin du Sichuan. Leur diff\u00e9rence r\u00e9side dans le fait que les baies du poivre de Timut sont plus petites et surtout plus fonc\u00e9es. Il s&#8217;en d\u00e9gage un <strong>parfum tr\u00e8s fruit\u00e9<\/strong> avec d&#8217;incroyables notes de fruit de la <strong>passion<\/strong>.<\/p>\n<\/div>\n","protected":false},"featured_media":18863,"template":"","meta":{"_monsterinsights_skip_tracking":false,"_monsterinsights_sitenote_active":false,"_monsterinsights_sitenote_note":"","_monsterinsights_sitenote_category":0},"product_brand":[],"product_cat":[119],"product_tag":[],"class_list":{"0":"post-18862","1":"product","2":"type-product","3":"status-publish","4":"has-post-thumbnail","6":"product_cat-sels-poivres","8":"first","9":"instock","10":"shipping-taxable","11":"purchasable","12":"product-type-simple"},"jetpack_sharing_enabled":true,"_links":{"self":[{"href":"https:\/\/www.lepicerieduphare.fr\/accueil\/wp-json\/wp\/v2\/product\/18862","targetHints":{"allow":["GET"]}}],"collection":[{"href":"https:\/\/www.lepicerieduphare.fr\/accueil\/wp-json\/wp\/v2\/product"}],"about":[{"href":"https:\/\/www.lepicerieduphare.fr\/accueil\/wp-json\/wp\/v2\/types\/product"}],"version-history":[{"count":0,"href":"https:\/\/www.lepicerieduphare.fr\/accueil\/wp-json\/wp\/v2\/product\/18862\/revisions"}],"wp:featuredmedia":[{"embeddable":true,"href":"https:\/\/www.lepicerieduphare.fr\/accueil\/wp-json\/wp\/v2\/media\/18863"}],"wp:attachment":[{"href":"https:\/\/www.lepicerieduphare.fr\/accueil\/wp-json\/wp\/v2\/media?parent=18862"}],"wp:term":[{"taxonomy":"product_brand","embeddable":true,"href":"https:\/\/www.lepicerieduphare.fr\/accueil\/wp-json\/wp\/v2\/product_brand?post=18862"},{"taxonomy":"product_cat","embeddable":true,"href":"https:\/\/www.lepicerieduphare.fr\/accueil\/wp-json\/wp\/v2\/product_cat?post=18862"},{"taxonomy":"product_tag","embeddable":true,"href":"https:\/\/www.lepicerieduphare.fr\/accueil\/wp-json\/wp\/v2\/product_tag?post=18862"}],"curies":[{"name":"wp","href":"https:\/\/api.w.org\/{rel}","templated":true}]}}