{"id":18788,"date":"2020-04-26T15:29:27","date_gmt":"2020-04-26T13:29:27","guid":{"rendered":"https:\/\/www.lepicerieduphare.fr\/?post_type=product&#038;p=18788"},"modified":"2022-09-16T17:52:51","modified_gmt":"2022-09-16T15:52:51","slug":"crepe-au-rhum-vanille-270g","status":"publish","type":"product","link":"https:\/\/www.lepicerieduphare.fr\/accueil\/produit\/chocolat-brest-idee-cadeaux\/crepe-au-rhum-vanille-270g\/","title":{"rendered":"Cr\u00eape au Rhum vanille 270G"},"content":{"rendered":"<h1 class=\"h1\">Cr\u00eape au Rhum vanille<\/h1>\n<div id=\"product-description-short\">\n<p>Mini cr\u00eapes poch\u00e9es dans un sirop de rhum aromatis\u00e9 \u00e0 la vanille.<\/p>\n<\/div>\n<p><b>Ingr\u00e9dients : <\/b> Sirop 54,4% (sirop de glucose, eau, sucre, rhum 9,7%, acide citrique, ar\u00f4me naturel de vanille), cr\u00eapes 45,6% (LAIT entier, \u0152UF entier, farine de FROMENT, sucre, eau, huile de tournesol, sel, ar\u00f4me naturel de vanille).<\/p>\n<p><b>Informations compl\u00e9mentaires : <\/b> Alcool r\u00e9siduel inf\u00e9rieur \u00e0 4,8% vol. Ne convient pas aux enfants et aux femmes enceintes.<\/p>\n","protected":false},"excerpt":{"rendered":"<h1 class=\"h1\">Cr\u00eape au Rhum vanille<\/h1>\n<div id=\"product-description-short\">\n<p>Mini cr\u00eapes poch\u00e9es dans un sirop de rhum aromatis\u00e9 \u00e0 la vanille.<\/p>\n<\/div>\n","protected":false},"featured_media":18789,"template":"","meta":{"_monsterinsights_skip_tracking":false,"_monsterinsights_sitenote_active":false,"_monsterinsights_sitenote_note":"","_monsterinsights_sitenote_category":0},"product_brand":[],"product_cat":[121],"product_tag":[],"class_list":{"0":"post-18788","1":"product","2":"type-product","3":"status-publish","4":"has-post-thumbnail","6":"product_cat-babas-au-rhum","8":"first","9":"instock","10":"shipping-taxable","11":"purchasable","12":"product-type-simple"},"jetpack_sharing_enabled":true,"_links":{"self":[{"href":"https:\/\/www.lepicerieduphare.fr\/accueil\/wp-json\/wp\/v2\/product\/18788","targetHints":{"allow":["GET"]}}],"collection":[{"href":"https:\/\/www.lepicerieduphare.fr\/accueil\/wp-json\/wp\/v2\/product"}],"about":[{"href":"https:\/\/www.lepicerieduphare.fr\/accueil\/wp-json\/wp\/v2\/types\/product"}],"version-history":[{"count":1,"href":"https:\/\/www.lepicerieduphare.fr\/accueil\/wp-json\/wp\/v2\/product\/18788\/revisions"}],"predecessor-version":[{"id":20536,"href":"https:\/\/www.lepicerieduphare.fr\/accueil\/wp-json\/wp\/v2\/product\/18788\/revisions\/20536"}],"wp:featuredmedia":[{"embeddable":true,"href":"https:\/\/www.lepicerieduphare.fr\/accueil\/wp-json\/wp\/v2\/media\/18789"}],"wp:attachment":[{"href":"https:\/\/www.lepicerieduphare.fr\/accueil\/wp-json\/wp\/v2\/media?parent=18788"}],"wp:term":[{"taxonomy":"product_brand","embeddable":true,"href":"https:\/\/www.lepicerieduphare.fr\/accueil\/wp-json\/wp\/v2\/product_brand?post=18788"},{"taxonomy":"product_cat","embeddable":true,"href":"https:\/\/www.lepicerieduphare.fr\/accueil\/wp-json\/wp\/v2\/product_cat?post=18788"},{"taxonomy":"product_tag","embeddable":true,"href":"https:\/\/www.lepicerieduphare.fr\/accueil\/wp-json\/wp\/v2\/product_tag?post=18788"}],"curies":[{"name":"wp","href":"https:\/\/api.w.org\/{rel}","templated":true}]}}