{"id":18786,"date":"2020-04-26T15:26:11","date_gmt":"2020-04-26T13:26:11","guid":{"rendered":"https:\/\/www.lepicerieduphare.fr\/?post_type=product&#038;p=18786"},"modified":"2022-09-16T17:52:58","modified_gmt":"2022-09-16T15:52:58","slug":"crepe-suzette-270g","status":"publish","type":"product","link":"https:\/\/www.lepicerieduphare.fr\/accueil\/produit\/chocolat-brest-idee-cadeaux\/crepe-suzette-270g\/","title":{"rendered":"Cr\u00eape Suzette 270G"},"content":{"rendered":"<h1 class=\"h1\">Cr\u00eape Suzette<\/h1>\n<div id=\"vue-product-prices\" class=\"product-prices\">\n<div class=\"product-price h5 \">\n<div class=\"current-price\">10,90\u00a0\u20ac<\/div>\n<p class=\"product-unit-price sub\">(37,04\u00a0\u20ac litre)<\/p>\n<\/div>\n<\/div>\n<div id=\"product-description-short\">\n<p>Le Comptoir de Mathile la revisite la recette mythique de la cr\u00e8pe Suzette en la nappant de Rhum pour une explosion de saveurs.<\/p>\n<\/div>\n<p><b>Ingr\u00e9dients : <\/b> Sirop 54,4% (sirop de glucose, eau, sucre, extrait aromatique rhum orange 13,5% (rhum, infusion d&#8217;\u00e9corces d&#8217;oranges douces, alcool, eau), acide citrique), cr\u00eapes 45,6% (LAIT entier, \u0152UF entier, farine de FROMENT, sucre, eau, huile de tournesol, sel, ar\u00f4me naturel de vanille).<\/p>\n<p><b>Informations compl\u00e9mentaires : <\/b> Alcool r\u00e9siduel inf\u00e9rieur \u00e0 4,8% vol. Ne convient pas aux enfants et aux femmes enceintes.<\/p>\n","protected":false},"excerpt":{"rendered":"<h1 class=\"h1\">Cr\u00eape Suzette<\/h1>\n<div id=\"vue-product-prices\" class=\"product-prices\">\n<div class=\"product-price h5 \">\n<div class=\"current-price\">10,90\u00a0\u20ac<\/div>\n<p class=\"product-unit-price sub\">(37,04\u00a0\u20ac litre)<\/p>\n<\/div>\n<\/div>\n<div id=\"product-description-short\">\n<p>Le Comptoir de Mathile la revisite la recette mythique de la cr\u00e8pe Suzette en la nappant de Rhum pour une explosion de saveurs.<\/p>\n<\/div>\n","protected":false},"featured_media":18787,"template":"","meta":{"_monsterinsights_skip_tracking":false,"_monsterinsights_sitenote_active":false,"_monsterinsights_sitenote_note":"","_monsterinsights_sitenote_category":0},"product_brand":[],"product_cat":[121],"product_tag":[],"class_list":{"0":"post-18786","1":"product","2":"type-product","3":"status-publish","4":"has-post-thumbnail","6":"product_cat-babas-au-rhum","8":"first","9":"instock","10":"shipping-taxable","11":"purchasable","12":"product-type-simple"},"jetpack_sharing_enabled":true,"_links":{"self":[{"href":"https:\/\/www.lepicerieduphare.fr\/accueil\/wp-json\/wp\/v2\/product\/18786","targetHints":{"allow":["GET"]}}],"collection":[{"href":"https:\/\/www.lepicerieduphare.fr\/accueil\/wp-json\/wp\/v2\/product"}],"about":[{"href":"https:\/\/www.lepicerieduphare.fr\/accueil\/wp-json\/wp\/v2\/types\/product"}],"version-history":[{"count":1,"href":"https:\/\/www.lepicerieduphare.fr\/accueil\/wp-json\/wp\/v2\/product\/18786\/revisions"}],"predecessor-version":[{"id":20537,"href":"https:\/\/www.lepicerieduphare.fr\/accueil\/wp-json\/wp\/v2\/product\/18786\/revisions\/20537"}],"wp:featuredmedia":[{"embeddable":true,"href":"https:\/\/www.lepicerieduphare.fr\/accueil\/wp-json\/wp\/v2\/media\/18787"}],"wp:attachment":[{"href":"https:\/\/www.lepicerieduphare.fr\/accueil\/wp-json\/wp\/v2\/media?parent=18786"}],"wp:term":[{"taxonomy":"product_brand","embeddable":true,"href":"https:\/\/www.lepicerieduphare.fr\/accueil\/wp-json\/wp\/v2\/product_brand?post=18786"},{"taxonomy":"product_cat","embeddable":true,"href":"https:\/\/www.lepicerieduphare.fr\/accueil\/wp-json\/wp\/v2\/product_cat?post=18786"},{"taxonomy":"product_tag","embeddable":true,"href":"https:\/\/www.lepicerieduphare.fr\/accueil\/wp-json\/wp\/v2\/product_tag?post=18786"}],"curies":[{"name":"wp","href":"https:\/\/api.w.org\/{rel}","templated":true}]}}