{"id":18777,"date":"2020-04-25T18:37:21","date_gmt":"2020-04-25T16:37:21","guid":{"rendered":"https:\/\/www.lepicerieduphare.fr\/?post_type=product&#038;p=18777"},"modified":"2022-09-16T17:53:28","modified_gmt":"2022-09-16T15:53:28","slug":"preparation-culinaire-a-base-dhuile-dolive-a-la-truffe-dete-250ml","status":"publish","type":"product","link":"https:\/\/www.lepicerieduphare.fr\/accueil\/produit\/chocolat-brest-idee-cadeaux\/preparation-culinaire-a-base-dhuile-dolive-a-la-truffe-dete-250ml\/","title":{"rendered":"Pr\u00e9paration Culinaire \u00e0 Base d&#8217;Huile d&#8217;Olive \u00e0 la Truffe d&#8217;\u00e9t\u00e9 250ML"},"content":{"rendered":"<h1 class=\"h1\">Pr\u00e9paration Culinaire \u00e0 Base d&#8217;Huile d&#8217;Olive \u00e0 la Truffe d&#8217;\u00e9t\u00e9<\/h1>\n<div id=\"product-description-short\">\n<p>D\u00e9couvrez une <strong>Huile<\/strong> <strong>d&#8217;olive<\/strong> d\u00e9licatement parfum\u00e9e \u00e0 la <strong>truffe<\/strong> <strong>1%<\/strong> pour <strong>assaisonner<\/strong> avec \u00e9l\u00e9gance vos pr\u00e9parations culinaires et agr\u00e9menter vos diff\u00e9rentes <strong>recettes<\/strong>.<\/p>\n<p>Dans sa <strong>jolie<\/strong> <strong>bouteille<\/strong> <strong>empilable<\/strong>, elle saura se marier \u00e0 votre <strong>int\u00e9rieur<\/strong> et limiter la place sur votre <strong>\u00e9tag\u00e8re<\/strong>. Associer nos <strong>huiles<\/strong> et <strong>vinaigres<\/strong>.<\/p>\n<\/div>\n","protected":false},"excerpt":{"rendered":"<p>Pr\u00e9paration Culinaire \u00e0 Base d&#8217;Huile d&#8217;Olive \u00e0 la Truffe d&#8217;\u00e9t\u00e9 D\u00e9couvrez une Huile d&#8217;olive d\u00e9licatement parfum\u00e9e \u00e0 la truffe 1% pour&#8230;<\/p>\n","protected":false},"featured_media":18778,"template":"","meta":{"_monsterinsights_skip_tracking":false,"_monsterinsights_sitenote_active":false,"_monsterinsights_sitenote_note":"","_monsterinsights_sitenote_category":0},"product_brand":[],"product_cat":[152],"product_tag":[],"class_list":{"0":"post-18777","1":"product","2":"type-product","3":"status-publish","4":"has-post-thumbnail","6":"product_cat-huile-olive","8":"first","9":"instock","10":"shipping-taxable","11":"purchasable","12":"product-type-simple"},"jetpack_sharing_enabled":true,"_links":{"self":[{"href":"https:\/\/www.lepicerieduphare.fr\/accueil\/wp-json\/wp\/v2\/product\/18777","targetHints":{"allow":["GET"]}}],"collection":[{"href":"https:\/\/www.lepicerieduphare.fr\/accueil\/wp-json\/wp\/v2\/product"}],"about":[{"href":"https:\/\/www.lepicerieduphare.fr\/accueil\/wp-json\/wp\/v2\/types\/product"}],"version-history":[{"count":2,"href":"https:\/\/www.lepicerieduphare.fr\/accueil\/wp-json\/wp\/v2\/product\/18777\/revisions"}],"predecessor-version":[{"id":20175,"href":"https:\/\/www.lepicerieduphare.fr\/accueil\/wp-json\/wp\/v2\/product\/18777\/revisions\/20175"}],"wp:featuredmedia":[{"embeddable":true,"href":"https:\/\/www.lepicerieduphare.fr\/accueil\/wp-json\/wp\/v2\/media\/18778"}],"wp:attachment":[{"href":"https:\/\/www.lepicerieduphare.fr\/accueil\/wp-json\/wp\/v2\/media?parent=18777"}],"wp:term":[{"taxonomy":"product_brand","embeddable":true,"href":"https:\/\/www.lepicerieduphare.fr\/accueil\/wp-json\/wp\/v2\/product_brand?post=18777"},{"taxonomy":"product_cat","embeddable":true,"href":"https:\/\/www.lepicerieduphare.fr\/accueil\/wp-json\/wp\/v2\/product_cat?post=18777"},{"taxonomy":"product_tag","embeddable":true,"href":"https:\/\/www.lepicerieduphare.fr\/accueil\/wp-json\/wp\/v2\/product_tag?post=18777"}],"curies":[{"name":"wp","href":"https:\/\/api.w.org\/{rel}","templated":true}]}}