{"id":18773,"date":"2020-04-25T18:31:21","date_gmt":"2020-04-25T16:31:21","guid":{"rendered":"https:\/\/www.lepicerieduphare.fr\/?post_type=product&#038;p=18773"},"modified":"2022-01-10T22:04:58","modified_gmt":"2022-01-10T21:04:58","slug":"vinaigre-balsamique-250ml","status":"publish","type":"product","link":"https:\/\/www.lepicerieduphare.fr\/accueil\/produit\/chocolat-brest-idee-cadeaux\/vinaigre-balsamique-250ml\/","title":{"rendered":"Vinaigre Balsamique 250ML"},"content":{"rendered":"<h1 class=\"h1\">Vinaigre Balsamique<\/h1>\n<div id=\"product-description-short\">\n<p>Ce <strong>vinaigre<\/strong> d&#8217;un noir intense nous vient du Nord de <strong>l&#8217;Italie<\/strong>. Il y d\u00e9veloppe des <strong>ar\u00f4mes<\/strong> complexes, <strong>sucr\u00e9s<\/strong> et <strong>fruit\u00e9s<\/strong> \u00e0 la fois.<\/p>\n<p>Composez votre <strong>trio<\/strong> parfait! Astucieux, pratique et original, nos <strong>bouteilles<\/strong> s&#8217;empilent les unes autres autres.<\/p>\n<\/div>\n","protected":false},"excerpt":{"rendered":"<p>Vinaigre Balsamique Ce vinaigre d&#8217;un noir intense nous vient du Nord de l&#8217;Italie. Il y d\u00e9veloppe des ar\u00f4mes complexes, sucr\u00e9s et&#8230;<\/p>\n","protected":false},"featured_media":18774,"template":"","meta":{"_monsterinsights_skip_tracking":false,"_monsterinsights_sitenote_active":false,"_monsterinsights_sitenote_note":"","_monsterinsights_sitenote_category":0},"product_brand":[],"product_cat":[152],"product_tag":[],"class_list":{"0":"post-18773","1":"product","2":"type-product","3":"status-publish","4":"has-post-thumbnail","6":"product_cat-huile-olive","8":"first","9":"instock","10":"shipping-taxable","11":"purchasable","12":"product-type-simple"},"jetpack_sharing_enabled":true,"_links":{"self":[{"href":"https:\/\/www.lepicerieduphare.fr\/accueil\/wp-json\/wp\/v2\/product\/18773","targetHints":{"allow":["GET"]}}],"collection":[{"href":"https:\/\/www.lepicerieduphare.fr\/accueil\/wp-json\/wp\/v2\/product"}],"about":[{"href":"https:\/\/www.lepicerieduphare.fr\/accueil\/wp-json\/wp\/v2\/types\/product"}],"version-history":[{"count":1,"href":"https:\/\/www.lepicerieduphare.fr\/accueil\/wp-json\/wp\/v2\/product\/18773\/revisions"}],"predecessor-version":[{"id":20177,"href":"https:\/\/www.lepicerieduphare.fr\/accueil\/wp-json\/wp\/v2\/product\/18773\/revisions\/20177"}],"wp:featuredmedia":[{"embeddable":true,"href":"https:\/\/www.lepicerieduphare.fr\/accueil\/wp-json\/wp\/v2\/media\/18774"}],"wp:attachment":[{"href":"https:\/\/www.lepicerieduphare.fr\/accueil\/wp-json\/wp\/v2\/media?parent=18773"}],"wp:term":[{"taxonomy":"product_brand","embeddable":true,"href":"https:\/\/www.lepicerieduphare.fr\/accueil\/wp-json\/wp\/v2\/product_brand?post=18773"},{"taxonomy":"product_cat","embeddable":true,"href":"https:\/\/www.lepicerieduphare.fr\/accueil\/wp-json\/wp\/v2\/product_cat?post=18773"},{"taxonomy":"product_tag","embeddable":true,"href":"https:\/\/www.lepicerieduphare.fr\/accueil\/wp-json\/wp\/v2\/product_tag?post=18773"}],"curies":[{"name":"wp","href":"https:\/\/api.w.org\/{rel}","templated":true}]}}