{"id":18769,"date":"2020-04-25T18:26:11","date_gmt":"2020-04-25T16:26:11","guid":{"rendered":"https:\/\/www.lepicerieduphare.fr\/?post_type=product&#038;p=18769"},"modified":"2022-09-16T17:53:58","modified_gmt":"2022-09-16T15:53:58","slug":"moutarde-a-la-truffe-noire-aromatisee-1-100g","status":"publish","type":"product","link":"https:\/\/www.lepicerieduphare.fr\/accueil\/produit\/chocolat-brest-idee-cadeaux\/moutarde-a-la-truffe-noire-aromatisee-1-100g\/","title":{"rendered":"Moutarde \u00e0 la truffe noire aromatis\u00e9e 1% 100G"},"content":{"rendered":"<h1 class=\"h1\">Moutarde \u00e0 la truffe noire aromatis\u00e9e 1%<\/h1>\n<div id=\"product-description-short\">\n<p><strong>Fine, forte et gourmande<\/strong> \u00e0 la fois ! Une <strong>moutarde <\/strong>qui saura vous \u00e9tonner gr\u00e2ce \u00e0 son <strong>parfum <\/strong>et son <strong>go\u00fbt \u00e9l\u00e9gant <\/strong>de <strong>truffe noire <\/strong>! Dans son joli <strong>\u00e9crin 100g<\/strong>, le format id\u00e9al pour <strong>d\u00e9couvrir<\/strong>, <strong>d\u00e9guster <\/strong>et en redemander.<\/p>\n<\/div>\n","protected":false},"excerpt":{"rendered":"<p>Moutarde \u00e0 la truffe noire aromatis\u00e9e 1% Fine, forte et gourmande \u00e0 la fois ! Une moutarde qui saura vous \u00e9tonner&#8230;<\/p>\n","protected":false},"featured_media":18770,"template":"","meta":{"_monsterinsights_skip_tracking":false,"_monsterinsights_sitenote_active":false,"_monsterinsights_sitenote_note":"","_monsterinsights_sitenote_category":0},"product_brand":[],"product_cat":[147],"product_tag":[],"class_list":{"0":"post-18769","1":"product","2":"type-product","3":"status-publish","4":"has-post-thumbnail","6":"product_cat-moutarde","8":"first","9":"instock","10":"shipping-taxable","11":"purchasable","12":"product-type-simple"},"jetpack_sharing_enabled":true,"_links":{"self":[{"href":"https:\/\/www.lepicerieduphare.fr\/accueil\/wp-json\/wp\/v2\/product\/18769","targetHints":{"allow":["GET"]}}],"collection":[{"href":"https:\/\/www.lepicerieduphare.fr\/accueil\/wp-json\/wp\/v2\/product"}],"about":[{"href":"https:\/\/www.lepicerieduphare.fr\/accueil\/wp-json\/wp\/v2\/types\/product"}],"version-history":[{"count":1,"href":"https:\/\/www.lepicerieduphare.fr\/accueil\/wp-json\/wp\/v2\/product\/18769\/revisions"}],"predecessor-version":[{"id":20179,"href":"https:\/\/www.lepicerieduphare.fr\/accueil\/wp-json\/wp\/v2\/product\/18769\/revisions\/20179"}],"wp:featuredmedia":[{"embeddable":true,"href":"https:\/\/www.lepicerieduphare.fr\/accueil\/wp-json\/wp\/v2\/media\/18770"}],"wp:attachment":[{"href":"https:\/\/www.lepicerieduphare.fr\/accueil\/wp-json\/wp\/v2\/media?parent=18769"}],"wp:term":[{"taxonomy":"product_brand","embeddable":true,"href":"https:\/\/www.lepicerieduphare.fr\/accueil\/wp-json\/wp\/v2\/product_brand?post=18769"},{"taxonomy":"product_cat","embeddable":true,"href":"https:\/\/www.lepicerieduphare.fr\/accueil\/wp-json\/wp\/v2\/product_cat?post=18769"},{"taxonomy":"product_tag","embeddable":true,"href":"https:\/\/www.lepicerieduphare.fr\/accueil\/wp-json\/wp\/v2\/product_tag?post=18769"}],"curies":[{"name":"wp","href":"https:\/\/api.w.org\/{rel}","templated":true}]}}