{"id":18765,"date":"2020-04-25T18:21:37","date_gmt":"2020-04-25T16:21:37","guid":{"rendered":"https:\/\/www.lepicerieduphare.fr\/?post_type=product&#038;p=18765"},"modified":"2022-02-17T22:58:00","modified_gmt":"2022-02-17T21:58:00","slug":"moutarde-a-lhuile-dolive-poivre-blanc-truffe-blanche-dete-1","status":"publish","type":"product","link":"https:\/\/www.lepicerieduphare.fr\/accueil\/produit\/chocolat-brest-idee-cadeaux\/moutarde-a-lhuile-dolive-poivre-blanc-truffe-blanche-dete-1\/","title":{"rendered":"Moutarde \u00e0 l&#8217;huile d&#8217;olive Poivre blanc &#038; Truffe Blanche d&#8217;\u00e9t\u00e9 1%"},"content":{"rendered":"<h1 class=\"h1\">Moutarde \u00e0 l&#8217;huile d&#8217;olive Poivre blanc &amp; Truffe Blanche d&#8217;\u00e9t\u00e9 1% 100G<\/h1>\n<div id=\"product-description-short\">\n<p>Une d\u00e9licieuse <strong>moutarde<\/strong> \u00e0 l&#8217;<strong>huile d&#8217;olive<\/strong> agr\u00e9ment\u00e9e de\u00a0<strong>Poivre<\/strong> <strong>blanc<\/strong> &amp; <strong>Truffe<\/strong> <strong>Blanche<\/strong> <strong>d&#8217;\u00e9t\u00e9<\/strong> 1% , pour des vinaigrettes et des recettes gourmandes en toutes \u00e9l\u00e9gances.<\/p>\n<\/div>\n","protected":false},"excerpt":{"rendered":"<p>Moutarde \u00e0 l&#8217;huile d&#8217;olive Poivre blanc &amp; Truffe Blanche d&#8217;\u00e9t\u00e9 1% 100G Une d\u00e9licieuse moutarde \u00e0 l&#8217;huile d&#8217;olive agr\u00e9ment\u00e9e de\u00a0Poivre blanc&#8230;<\/p>\n","protected":false},"featured_media":18766,"template":"","meta":{"_monsterinsights_skip_tracking":false,"_monsterinsights_sitenote_active":false,"_monsterinsights_sitenote_note":"","_monsterinsights_sitenote_category":0},"product_brand":[],"product_cat":[147],"product_tag":[],"class_list":{"0":"post-18765","1":"product","2":"type-product","3":"status-publish","4":"has-post-thumbnail","6":"product_cat-moutarde","8":"first","9":"outofstock","10":"shipping-taxable","11":"purchasable","12":"product-type-simple"},"jetpack_sharing_enabled":true,"_links":{"self":[{"href":"https:\/\/www.lepicerieduphare.fr\/accueil\/wp-json\/wp\/v2\/product\/18765","targetHints":{"allow":["GET"]}}],"collection":[{"href":"https:\/\/www.lepicerieduphare.fr\/accueil\/wp-json\/wp\/v2\/product"}],"about":[{"href":"https:\/\/www.lepicerieduphare.fr\/accueil\/wp-json\/wp\/v2\/types\/product"}],"version-history":[{"count":1,"href":"https:\/\/www.lepicerieduphare.fr\/accueil\/wp-json\/wp\/v2\/product\/18765\/revisions"}],"predecessor-version":[{"id":20181,"href":"https:\/\/www.lepicerieduphare.fr\/accueil\/wp-json\/wp\/v2\/product\/18765\/revisions\/20181"}],"wp:featuredmedia":[{"embeddable":true,"href":"https:\/\/www.lepicerieduphare.fr\/accueil\/wp-json\/wp\/v2\/media\/18766"}],"wp:attachment":[{"href":"https:\/\/www.lepicerieduphare.fr\/accueil\/wp-json\/wp\/v2\/media?parent=18765"}],"wp:term":[{"taxonomy":"product_brand","embeddable":true,"href":"https:\/\/www.lepicerieduphare.fr\/accueil\/wp-json\/wp\/v2\/product_brand?post=18765"},{"taxonomy":"product_cat","embeddable":true,"href":"https:\/\/www.lepicerieduphare.fr\/accueil\/wp-json\/wp\/v2\/product_cat?post=18765"},{"taxonomy":"product_tag","embeddable":true,"href":"https:\/\/www.lepicerieduphare.fr\/accueil\/wp-json\/wp\/v2\/product_tag?post=18765"}],"curies":[{"name":"wp","href":"https:\/\/api.w.org\/{rel}","templated":true}]}}