{"id":18763,"date":"2020-04-25T18:19:17","date_gmt":"2020-04-25T16:19:17","guid":{"rendered":"https:\/\/www.lepicerieduphare.fr\/?post_type=product&#038;p=18763"},"modified":"2021-10-04T10:20:16","modified_gmt":"2021-10-04T08:20:16","slug":"moutarde-a-lhuile-dolive-noix-arome-figue-100g","status":"publish","type":"product","link":"https:\/\/www.lepicerieduphare.fr\/accueil\/produit\/chocolat-brest-idee-cadeaux\/moutarde-a-lhuile-dolive-noix-arome-figue-100g\/","title":{"rendered":"Moutarde \u00e0 l&#8217;huile d&#8217;olive Noix &#038; Ar\u00f4me Figue 100G"},"content":{"rendered":"<h1 class=\"h1\">Moutarde \u00e0 l&#8217;huile d&#8217;olive Noix &amp; Ar\u00f4me Figue<\/h1>\n<div id=\"vue-product-prices\" class=\"product-prices\">\n<div class=\"product-price h5 \">\n<div class=\"current-price\">5,90\u00a0\u20ac<\/div>\n<\/div>\n<\/div>\n<div id=\"product-description-short\">\n<p>Une d\u00e9licieuse moutarde agr\u00e9ment\u00e9e de\u00a0<strong>Noix &amp; Ar\u00f4me Figue<\/strong> , pour des vinaigrettes qui sentent bon les vacances.<\/p>\n<\/div>\n","protected":false},"excerpt":{"rendered":"<h1 class=\"h1\">Moutarde \u00e0 l&#8217;huile d&#8217;olive Noix &amp; Ar\u00f4me Figue<\/h1>\n<div id=\"vue-product-prices\" class=\"product-prices\">\n<div class=\"product-price h5 \">\n<div class=\"current-price\">5,90\u00a0\u20ac<\/div>\n<\/div>\n<\/div>\n<div id=\"product-description-short\">\n<p>Une d\u00e9licieuse moutarde agr\u00e9ment\u00e9e de\u00a0<strong>Noix &amp; Ar\u00f4me Figue<\/strong> , pour des vinaigrettes qui sentent bon les vacances.<\/p>\n<\/div>\n","protected":false},"featured_media":18764,"template":"","meta":{"_monsterinsights_skip_tracking":false,"_monsterinsights_sitenote_active":false,"_monsterinsights_sitenote_note":"","_monsterinsights_sitenote_category":0},"product_brand":[],"product_cat":[147],"product_tag":[],"class_list":{"0":"post-18763","1":"product","2":"type-product","3":"status-publish","4":"has-post-thumbnail","6":"product_cat-moutarde","8":"first","9":"instock","10":"shipping-taxable","11":"purchasable","12":"product-type-simple"},"jetpack_sharing_enabled":true,"_links":{"self":[{"href":"https:\/\/www.lepicerieduphare.fr\/accueil\/wp-json\/wp\/v2\/product\/18763","targetHints":{"allow":["GET"]}}],"collection":[{"href":"https:\/\/www.lepicerieduphare.fr\/accueil\/wp-json\/wp\/v2\/product"}],"about":[{"href":"https:\/\/www.lepicerieduphare.fr\/accueil\/wp-json\/wp\/v2\/types\/product"}],"version-history":[{"count":0,"href":"https:\/\/www.lepicerieduphare.fr\/accueil\/wp-json\/wp\/v2\/product\/18763\/revisions"}],"wp:featuredmedia":[{"embeddable":true,"href":"https:\/\/www.lepicerieduphare.fr\/accueil\/wp-json\/wp\/v2\/media\/18764"}],"wp:attachment":[{"href":"https:\/\/www.lepicerieduphare.fr\/accueil\/wp-json\/wp\/v2\/media?parent=18763"}],"wp:term":[{"taxonomy":"product_brand","embeddable":true,"href":"https:\/\/www.lepicerieduphare.fr\/accueil\/wp-json\/wp\/v2\/product_brand?post=18763"},{"taxonomy":"product_cat","embeddable":true,"href":"https:\/\/www.lepicerieduphare.fr\/accueil\/wp-json\/wp\/v2\/product_cat?post=18763"},{"taxonomy":"product_tag","embeddable":true,"href":"https:\/\/www.lepicerieduphare.fr\/accueil\/wp-json\/wp\/v2\/product_tag?post=18763"}],"curies":[{"name":"wp","href":"https:\/\/api.w.org\/{rel}","templated":true}]}}