{"id":18744,"date":"2020-04-25T17:44:34","date_gmt":"2020-04-25T15:44:34","guid":{"rendered":"https:\/\/www.lepicerieduphare.fr\/?post_type=product&#038;p=18744"},"modified":"2021-10-04T10:21:06","modified_gmt":"2021-10-04T08:21:06","slug":"nuit-caline-the-vert-au-jasmin-100g","status":"publish","type":"product","link":"https:\/\/www.lepicerieduphare.fr\/accueil\/produit\/chocolat-brest-idee-cadeaux\/nuit-caline-the-vert-au-jasmin-100g\/","title":{"rendered":"Nuit caline : Th\u00e9 vert au jasmin 100G"},"content":{"rendered":"<h1 class=\"h1\">Nuit caline : Th\u00e9 vert au jasmin<\/h1>\n<div id=\"vue-product-prices\" class=\"product-prices\">\n<div class=\"product-price h5 \">\n<div class=\"current-price\">6,90\u00a0\u20ac<\/div>\n<p class=\"product-unit-price sub\">(69,00\u00a0\u20ac kilo)<\/p>\n<\/div>\n<\/div>\n<div id=\"product-description-short\">D\u00e9couvrez notre gamme de th\u00e9, parfaite pour tous les moments de la journ\u00e9e. A d\u00e9guster accompagn\u00e9 d&#8217;une d\u00e9licieuse gourmandise ou de fabuleux amis, notre assortiment saura ravir toutes les papilles.<\/div>\n<p><b>Ingr\u00e9dients : <\/b> Th\u00e9 vert de Chine, fleurs de jasmin 7%.<\/p>\n","protected":false},"excerpt":{"rendered":"<h1 class=\"h1\">Nuit caline : Th\u00e9 vert au jasmin<\/h1>\n<div id=\"vue-product-prices\" class=\"product-prices\">\n<div class=\"product-price h5 \">\n<div class=\"current-price\">6,90\u00a0\u20ac<\/div>\n<p class=\"product-unit-price sub\">(69,00\u00a0\u20ac kilo)<\/p>\n<\/div>\n<\/div>\n<div id=\"product-description-short\">D\u00e9couvrez notre gamme de th\u00e9, parfaite pour tous les moments de la journ\u00e9e. A d\u00e9guster accompagn\u00e9 d&#8217;une d\u00e9licieuse gourmandise ou de fabuleux amis, notre assortiment saura ravir toutes les papilles.<\/div>\n","protected":false},"featured_media":18745,"template":"","meta":{"_monsterinsights_skip_tracking":false,"_monsterinsights_sitenote_active":false,"_monsterinsights_sitenote_note":"","_monsterinsights_sitenote_category":0},"product_brand":[],"product_cat":[118],"product_tag":[],"class_list":{"0":"post-18744","1":"product","2":"type-product","3":"status-publish","4":"has-post-thumbnail","6":"product_cat-thes","8":"first","9":"instock","10":"shipping-taxable","11":"purchasable","12":"product-type-simple"},"jetpack_sharing_enabled":true,"_links":{"self":[{"href":"https:\/\/www.lepicerieduphare.fr\/accueil\/wp-json\/wp\/v2\/product\/18744","targetHints":{"allow":["GET"]}}],"collection":[{"href":"https:\/\/www.lepicerieduphare.fr\/accueil\/wp-json\/wp\/v2\/product"}],"about":[{"href":"https:\/\/www.lepicerieduphare.fr\/accueil\/wp-json\/wp\/v2\/types\/product"}],"version-history":[{"count":0,"href":"https:\/\/www.lepicerieduphare.fr\/accueil\/wp-json\/wp\/v2\/product\/18744\/revisions"}],"wp:featuredmedia":[{"embeddable":true,"href":"https:\/\/www.lepicerieduphare.fr\/accueil\/wp-json\/wp\/v2\/media\/18745"}],"wp:attachment":[{"href":"https:\/\/www.lepicerieduphare.fr\/accueil\/wp-json\/wp\/v2\/media?parent=18744"}],"wp:term":[{"taxonomy":"product_brand","embeddable":true,"href":"https:\/\/www.lepicerieduphare.fr\/accueil\/wp-json\/wp\/v2\/product_brand?post=18744"},{"taxonomy":"product_cat","embeddable":true,"href":"https:\/\/www.lepicerieduphare.fr\/accueil\/wp-json\/wp\/v2\/product_cat?post=18744"},{"taxonomy":"product_tag","embeddable":true,"href":"https:\/\/www.lepicerieduphare.fr\/accueil\/wp-json\/wp\/v2\/product_tag?post=18744"}],"curies":[{"name":"wp","href":"https:\/\/api.w.org\/{rel}","templated":true}]}}