{"id":18738,"date":"2020-04-25T17:31:14","date_gmt":"2020-04-25T15:31:14","guid":{"rendered":"https:\/\/www.lepicerieduphare.fr\/?post_type=product&#038;p=18738"},"modified":"2021-12-21T15:13:16","modified_gmt":"2021-12-21T14:13:16","slug":"oscar-tendre-ourson-guimauve-145g","status":"publish","type":"product","link":"https:\/\/www.lepicerieduphare.fr\/accueil\/produit\/chocolat-brest-idee-cadeaux\/oscar-tendre-ourson-guimauve-145g\/","title":{"rendered":"Oscar Tendre Ourson &#8211; Guimauve 125G"},"content":{"rendered":"<h1 class=\"h1\">Oscar Tendre Ourson &#8211; Guimauve<\/h1>\n<div class=\"product-information\">\n<div id=\"product-description-short-1172\">\n<p>Une guimauve moelleuse et une g\u00e9n\u00e9reuse couche de chocolat au lait pour vous transporter le temps d\u2019une bouch\u00e9e ! Plut\u00f4t \u00e9colier, hipster ou rappeur, Oscar s\u2019adapte \u00e0 vous\u00a0!<\/p>\n<p>&nbsp;<\/p>\n<\/div>\n<\/div>\n","protected":false},"excerpt":{"rendered":"<p>Oscar Tendre Ourson &#8211; Guimauve Une guimauve moelleuse et une g\u00e9n\u00e9reuse couche de chocolat au lait pour vous transporter le temps&#8230;<\/p>\n","protected":false},"featured_media":19264,"template":"","meta":{"_monsterinsights_skip_tracking":false,"_monsterinsights_sitenote_active":false,"_monsterinsights_sitenote_note":"","_monsterinsights_sitenote_category":0},"product_brand":[],"product_cat":[155],"product_tag":[],"class_list":{"0":"post-18738","1":"product","2":"type-product","3":"status-publish","4":"has-post-thumbnail","6":"product_cat-guimauves","8":"first","9":"instock","10":"shipping-taxable","11":"purchasable","12":"product-type-simple"},"jetpack_sharing_enabled":true,"_links":{"self":[{"href":"https:\/\/www.lepicerieduphare.fr\/accueil\/wp-json\/wp\/v2\/product\/18738","targetHints":{"allow":["GET"]}}],"collection":[{"href":"https:\/\/www.lepicerieduphare.fr\/accueil\/wp-json\/wp\/v2\/product"}],"about":[{"href":"https:\/\/www.lepicerieduphare.fr\/accueil\/wp-json\/wp\/v2\/types\/product"}],"version-history":[{"count":1,"href":"https:\/\/www.lepicerieduphare.fr\/accueil\/wp-json\/wp\/v2\/product\/18738\/revisions"}],"predecessor-version":[{"id":19263,"href":"https:\/\/www.lepicerieduphare.fr\/accueil\/wp-json\/wp\/v2\/product\/18738\/revisions\/19263"}],"wp:featuredmedia":[{"embeddable":true,"href":"https:\/\/www.lepicerieduphare.fr\/accueil\/wp-json\/wp\/v2\/media\/19264"}],"wp:attachment":[{"href":"https:\/\/www.lepicerieduphare.fr\/accueil\/wp-json\/wp\/v2\/media?parent=18738"}],"wp:term":[{"taxonomy":"product_brand","embeddable":true,"href":"https:\/\/www.lepicerieduphare.fr\/accueil\/wp-json\/wp\/v2\/product_brand?post=18738"},{"taxonomy":"product_cat","embeddable":true,"href":"https:\/\/www.lepicerieduphare.fr\/accueil\/wp-json\/wp\/v2\/product_cat?post=18738"},{"taxonomy":"product_tag","embeddable":true,"href":"https:\/\/www.lepicerieduphare.fr\/accueil\/wp-json\/wp\/v2\/product_tag?post=18738"}],"curies":[{"name":"wp","href":"https:\/\/api.w.org\/{rel}","templated":true}]}}