{"id":18722,"date":"2020-04-25T10:57:01","date_gmt":"2020-04-25T08:57:01","guid":{"rendered":"https:\/\/www.lepicerieduphare.fr\/?post_type=product&#038;p=18722"},"modified":"2021-10-04T10:23:40","modified_gmt":"2021-10-04T08:23:40","slug":"poivronade-chorizo-a-la-mediterraneenne-100g","status":"publish","type":"product","link":"https:\/\/www.lepicerieduphare.fr\/accueil\/produit\/chocolat-brest-idee-cadeaux\/poivronade-chorizo-a-la-mediterraneenne-100g\/","title":{"rendered":"Poivronade Chorizo \u00e0 la m\u00e9diterran\u00e9enne 100G"},"content":{"rendered":"<h1 class=\"h1\">Poivronade Chorizo \u00e0 la m\u00e9diterran\u00e9enne<\/h1>\n<div id=\"product-description-short\">\n<p>Connaissez -vous la <strong>Poivronade <\/strong>? Un met d\u00e9licieux compos\u00e9 de <strong>poivron<\/strong> que nous avons souhait\u00e9 mettre au go\u00fbt de grand-m\u00e8re Mathilde, en y ajoutant un touche de Chorizo.<\/p>\n<p>Agr\u00e9able en <strong>antipasti<\/strong>, pour colorer votre plats et vos pr\u00e9paration culinaire ou simplement en <strong>dip <\/strong>\u00e0 l&#8217;<strong>ap\u00e9ro<\/strong>. Modelez avec go\u00fbt et originalit\u00e9 ce <strong>tartinable <\/strong>qui sent bon la <strong>m\u00e9diterran\u00e9e<\/strong>.<\/p>\n<\/div>\n","protected":false},"excerpt":{"rendered":"<h1 class=\"h1\">Poivronade Chorizo \u00e0 la m\u00e9diterran\u00e9enne<\/h1>\n<div id=\"product-description-short\">\n<p>Connaissez -vous la <strong>Poivronade <\/strong>? Un met d\u00e9licieux compos\u00e9 de <strong>poivron<\/strong> que nous avons souhait\u00e9 mettre au go\u00fbt de grand-m\u00e8re Mathilde, en y ajoutant un touche de Chorizo.<\/p>\n<p>Agr\u00e9able en <strong>antipasti<\/strong>, pour colorer votre plats et vos pr\u00e9paration culinaire ou simplement en <strong>dip <\/strong>\u00e0 l&#8217;<strong>ap\u00e9ro<\/strong>. Modelez avec go\u00fbt et originalit\u00e9 ce <strong>tartinable <\/strong>qui sent bon la <strong>m\u00e9diterran\u00e9e<\/strong>.<\/p>\n<\/div>\n","protected":false},"featured_media":18154,"template":"","meta":{"_monsterinsights_skip_tracking":false,"_monsterinsights_sitenote_active":false,"_monsterinsights_sitenote_note":"","_monsterinsights_sitenote_category":0},"product_brand":[],"product_cat":[120],"product_tag":[],"class_list":{"0":"post-18722","1":"product","2":"type-product","3":"status-publish","4":"has-post-thumbnail","6":"product_cat-apero","8":"first","9":"instock","10":"shipping-taxable","11":"purchasable","12":"product-type-simple"},"jetpack_sharing_enabled":true,"_links":{"self":[{"href":"https:\/\/www.lepicerieduphare.fr\/accueil\/wp-json\/wp\/v2\/product\/18722","targetHints":{"allow":["GET"]}}],"collection":[{"href":"https:\/\/www.lepicerieduphare.fr\/accueil\/wp-json\/wp\/v2\/product"}],"about":[{"href":"https:\/\/www.lepicerieduphare.fr\/accueil\/wp-json\/wp\/v2\/types\/product"}],"version-history":[{"count":0,"href":"https:\/\/www.lepicerieduphare.fr\/accueil\/wp-json\/wp\/v2\/product\/18722\/revisions"}],"wp:featuredmedia":[{"embeddable":true,"href":"https:\/\/www.lepicerieduphare.fr\/accueil\/wp-json\/wp\/v2\/media\/18154"}],"wp:attachment":[{"href":"https:\/\/www.lepicerieduphare.fr\/accueil\/wp-json\/wp\/v2\/media?parent=18722"}],"wp:term":[{"taxonomy":"product_brand","embeddable":true,"href":"https:\/\/www.lepicerieduphare.fr\/accueil\/wp-json\/wp\/v2\/product_brand?post=18722"},{"taxonomy":"product_cat","embeddable":true,"href":"https:\/\/www.lepicerieduphare.fr\/accueil\/wp-json\/wp\/v2\/product_cat?post=18722"},{"taxonomy":"product_tag","embeddable":true,"href":"https:\/\/www.lepicerieduphare.fr\/accueil\/wp-json\/wp\/v2\/product_tag?post=18722"}],"curies":[{"name":"wp","href":"https:\/\/api.w.org\/{rel}","templated":true}]}}