{"id":18707,"date":"2020-04-24T17:38:43","date_gmt":"2020-04-24T15:38:43","guid":{"rendered":"https:\/\/www.lepicerieduphare.fr\/?post_type=product&#038;p=18707"},"modified":"2021-10-04T10:25:04","modified_gmt":"2021-10-04T08:25:04","slug":"sachet-financiers-aux-amandes-150g","status":"publish","type":"product","link":"https:\/\/www.lepicerieduphare.fr\/accueil\/produit\/chocolat-brest-idee-cadeaux\/sachet-financiers-aux-amandes-150g\/","title":{"rendered":"Sachet Financiers aux amandes 150G"},"content":{"rendered":"<h1 class=\"h1\">Sachet Financiers aux amandes<\/h1>\n<div id=\"vue-product-prices\" class=\"product-prices\">\n<div class=\"product-price h5 \">\n<div class=\"current-price\">6,90\u00a0\u20ac<\/div>\n<p class=\"product-unit-price sub\">(46,00\u00a0\u20ac kilo)<\/p>\n<\/div>\n<\/div>\n<div id=\"product-description-short\">D\u00e9couvrez une gamme exceptionnelle aux multiples saveurs pour le petit-d\u00e9jeuner, le go\u00fbter ou la fin de la journ\u00e9e !<br \/>\n.. et m\u00eame pour les petits creux.<\/div>\n<p>&nbsp;<\/p>\n<p>&nbsp;<\/p>\n<p>&nbsp;<\/p>\n<p>&nbsp;<\/p>\n<p>&nbsp;<\/p>\n<div id=\"product-description-short\">\n<div id=\"product-description-short\">\n<p>&nbsp;<\/p>\n<\/div>\n<\/div>\n<div id=\"product-description-short\">\n<p>&nbsp;<\/p>\n<\/div>\n","protected":false},"excerpt":{"rendered":"<h1 class=\"h1\">Sachet Financiers aux amandes<\/h1>\n<div id=\"vue-product-prices\" class=\"product-prices\">\n<div class=\"product-price h5 \">\n<div class=\"current-price\">6,90\u00a0\u20ac<\/div>\n<p class=\"product-unit-price sub\">(46,00\u00a0\u20ac kilo)<\/p>\n<\/div>\n<\/div>\n<div id=\"product-description-short\">D\u00e9couvrez une gamme exceptionnelle aux multiples saveurs pour le petit-d\u00e9jeuner, le go\u00fbter ou la fin de la journ\u00e9e !<br \/>\n.. et m\u00eame pour les petits creux.<\/div>\n<p>&nbsp;<\/p>\n<p>&nbsp;<\/p>\n<p>&nbsp;<\/p>\n<p>&nbsp;<\/p>\n<p>&nbsp;<\/p>\n<p>&nbsp;<\/p>\n<p>&nbsp;<\/p>\n<div id=\"product-description-short\">\n<div id=\"vue-product-prices\" class=\"product-prices\">\n<div class=\"product-price h5 \"><\/div>\n<\/div>\n<div id=\"product-description-short\">\n<div id=\"product-description-short\">\n<div id=\"product-description-short\">\n<div id=\"product-description-short\">\n<div id=\"product-description-short\">\n<p>&nbsp;<\/p>\n<\/div>\n<\/div>\n<\/div>\n<\/div>\n<\/div>\n<\/div>\n","protected":false},"featured_media":18708,"template":"","meta":{"_monsterinsights_skip_tracking":false,"_monsterinsights_sitenote_active":false,"_monsterinsights_sitenote_note":"","_monsterinsights_sitenote_category":0},"product_brand":[],"product_cat":[138],"product_tag":[],"class_list":{"0":"post-18707","1":"product","2":"type-product","3":"status-publish","4":"has-post-thumbnail","6":"product_cat-biscuits","8":"first","9":"instock","10":"shipping-taxable","11":"purchasable","12":"product-type-simple"},"jetpack_sharing_enabled":true,"_links":{"self":[{"href":"https:\/\/www.lepicerieduphare.fr\/accueil\/wp-json\/wp\/v2\/product\/18707","targetHints":{"allow":["GET"]}}],"collection":[{"href":"https:\/\/www.lepicerieduphare.fr\/accueil\/wp-json\/wp\/v2\/product"}],"about":[{"href":"https:\/\/www.lepicerieduphare.fr\/accueil\/wp-json\/wp\/v2\/types\/product"}],"version-history":[{"count":1,"href":"https:\/\/www.lepicerieduphare.fr\/accueil\/wp-json\/wp\/v2\/product\/18707\/revisions"}],"predecessor-version":[{"id":20241,"href":"https:\/\/www.lepicerieduphare.fr\/accueil\/wp-json\/wp\/v2\/product\/18707\/revisions\/20241"}],"wp:featuredmedia":[{"embeddable":true,"href":"https:\/\/www.lepicerieduphare.fr\/accueil\/wp-json\/wp\/v2\/media\/18708"}],"wp:attachment":[{"href":"https:\/\/www.lepicerieduphare.fr\/accueil\/wp-json\/wp\/v2\/media?parent=18707"}],"wp:term":[{"taxonomy":"product_brand","embeddable":true,"href":"https:\/\/www.lepicerieduphare.fr\/accueil\/wp-json\/wp\/v2\/product_brand?post=18707"},{"taxonomy":"product_cat","embeddable":true,"href":"https:\/\/www.lepicerieduphare.fr\/accueil\/wp-json\/wp\/v2\/product_cat?post=18707"},{"taxonomy":"product_tag","embeddable":true,"href":"https:\/\/www.lepicerieduphare.fr\/accueil\/wp-json\/wp\/v2\/product_tag?post=18707"}],"curies":[{"name":"wp","href":"https:\/\/api.w.org\/{rel}","templated":true}]}}