{"id":18688,"date":"2020-04-22T18:52:45","date_gmt":"2020-04-22T16:52:45","guid":{"rendered":"https:\/\/www.lepicerieduphare.fr\/?post_type=product&#038;p=18688"},"modified":"2020-04-28T00:56:22","modified_gmt":"2020-04-27T22:56:22","slug":"noisette-du-piemont-pate-a-tartiner-250g","status":"publish","type":"product","link":"https:\/\/www.lepicerieduphare.fr\/accueil\/produit\/chocolat-brest-idee-cadeaux\/noisette-du-piemont-pate-a-tartiner-250g\/","title":{"rendered":"Noisette du Pi\u00e9mont &#8211; P\u00e2te \u00e0 Tartiner 250G"},"content":{"rendered":"<h1 class=\"h1\">Noisette du Pi\u00e9mont &#8211; P\u00e2te \u00e0 Tartiner<\/h1>\n<div class=\"product-information\">\n<div id=\"product-description-short-261\">\n<p>Le Comptoir de Mathilde est le sp\u00e9cialiste de la p\u00e2te \u00e0 tartiner artisanale SANS huile de palme NI<br \/>\nOGM. Confectionn\u00e9e \u00e0 partir d&#8217;ingr\u00e9dients de qualit\u00e9, cette p\u00e2te \u00e0 tartiner noisette du Pi\u00e9mont<br \/>\nest \u00e0\u00a0d\u00e9guster sans mod\u00e9ration.<\/p>\n<p>Retrouvez le bon go\u00fbt de la noisette du Pi\u00e9mont reconnue comme \u00e9tant l&#8217;une des meilleures du monde.<\/p>\n<\/div>\n<\/div>\n<p>&nbsp;<\/p>\n<p>&nbsp;<\/p>\n<p>&nbsp;<\/p>\n<p>&nbsp;<\/p>\n<p>&nbsp;<\/p>\n","protected":false},"excerpt":{"rendered":"<h1 class=\"h1\">Noisette du Pi\u00e9mont &#8211; P\u00e2te \u00e0 Tartiner<\/h1>\n<div class=\"product-information\">\n<div id=\"product-description-short-261\">\n<p>Le Comptoir de Mathilde est le sp\u00e9cialiste de la p\u00e2te \u00e0 tartiner artisanale SANS huile de palme NI<br \/>\nOGM. Confectionn\u00e9e \u00e0 partir d&#8217;ingr\u00e9dients de qualit\u00e9, cette p\u00e2te \u00e0 tartiner noisette du Pi\u00e9mont<br \/>\nest \u00e0\u00a0d\u00e9guster sans mod\u00e9ration.<\/p>\n<p>Retrouvez le bon go\u00fbt de la noisette du Pi\u00e9mont reconnue comme \u00e9tant l&#8217;une des meilleures du monde.<\/p>\n<\/div>\n<\/div>\n<p>&nbsp;<\/p>\n<p>&nbsp;<\/p>\n<p>&nbsp;<\/p>\n<p>&nbsp;<\/p>\n<p>&nbsp;<\/p>\n<p>&nbsp;<\/p>\n<p>&nbsp;<\/p>\n","protected":false},"featured_media":18689,"template":"","meta":{"_monsterinsights_skip_tracking":false,"_monsterinsights_sitenote_active":false,"_monsterinsights_sitenote_note":"","_monsterinsights_sitenote_category":0},"product_brand":[],"product_cat":[124],"product_tag":[],"class_list":{"0":"post-18688","1":"product","2":"type-product","3":"status-publish","4":"has-post-thumbnail","6":"product_cat-pates-a-tartiner","8":"first","9":"instock","10":"shipping-taxable","11":"purchasable","12":"product-type-simple"},"jetpack_sharing_enabled":true,"_links":{"self":[{"href":"https:\/\/www.lepicerieduphare.fr\/accueil\/wp-json\/wp\/v2\/product\/18688","targetHints":{"allow":["GET"]}}],"collection":[{"href":"https:\/\/www.lepicerieduphare.fr\/accueil\/wp-json\/wp\/v2\/product"}],"about":[{"href":"https:\/\/www.lepicerieduphare.fr\/accueil\/wp-json\/wp\/v2\/types\/product"}],"version-history":[{"count":1,"href":"https:\/\/www.lepicerieduphare.fr\/accueil\/wp-json\/wp\/v2\/product\/18688\/revisions"}],"predecessor-version":[{"id":18691,"href":"https:\/\/www.lepicerieduphare.fr\/accueil\/wp-json\/wp\/v2\/product\/18688\/revisions\/18691"}],"wp:featuredmedia":[{"embeddable":true,"href":"https:\/\/www.lepicerieduphare.fr\/accueil\/wp-json\/wp\/v2\/media\/18689"}],"wp:attachment":[{"href":"https:\/\/www.lepicerieduphare.fr\/accueil\/wp-json\/wp\/v2\/media?parent=18688"}],"wp:term":[{"taxonomy":"product_brand","embeddable":true,"href":"https:\/\/www.lepicerieduphare.fr\/accueil\/wp-json\/wp\/v2\/product_brand?post=18688"},{"taxonomy":"product_cat","embeddable":true,"href":"https:\/\/www.lepicerieduphare.fr\/accueil\/wp-json\/wp\/v2\/product_cat?post=18688"},{"taxonomy":"product_tag","embeddable":true,"href":"https:\/\/www.lepicerieduphare.fr\/accueil\/wp-json\/wp\/v2\/product_tag?post=18688"}],"curies":[{"name":"wp","href":"https:\/\/api.w.org\/{rel}","templated":true}]}}