{"id":18642,"date":"2020-04-20T17:36:13","date_gmt":"2020-04-20T15:36:13","guid":{"rendered":"https:\/\/www.lepicerieduphare.fr\/?post_type=product&#038;p=18642"},"modified":"2021-10-04T10:26:10","modified_gmt":"2021-10-04T08:26:10","slug":"duo-de-saumon-creme-et-citron-vert-100g","status":"publish","type":"product","link":"https:\/\/www.lepicerieduphare.fr\/accueil\/produit\/chocolat-brest-idee-cadeaux\/duo-de-saumon-creme-et-citron-vert-100g\/","title":{"rendered":"Duo de Saumon Cr\u00e8me et Citron Vert 100G"},"content":{"rendered":"<h1 class=\"h1\">Duo de Saumon Cr\u00e8me et Citron Vert<\/h1>\n<div id=\"product-description-short\">\n<p>Le Comptoir de Mathilde vous convie \u00e0 un voyage \u00a0pour destination \u2026 la <strong>mer <\/strong>et ses nombreux <strong>crustac\u00e9s<\/strong>\/<strong>poissons<\/strong>. Une explosion de saveur pour accompagner vos doux <strong>ap\u00e9ros d&#8217;\u00e9t\u00e9 <\/strong>ou <strong>hivernaux<\/strong>. Notre <strong>duo de Saumon cr\u00e8me <\/strong>et <strong>citron vert <\/strong>se d\u00e9guste en <strong>toast <\/strong>ou en association de <strong>pr\u00e9parations culinaires<\/strong> : <strong>une verrine <\/strong>de pois chiche ou une <strong>soupe <\/strong>par exemple.<\/p>\n<\/div>\n<p><b>Ingr\u00e9dients : <\/b> SAUMON et SAUMON fum\u00e9 50%, CREME fraiche 34%, jus de citron vert 3,5%, MOUTARDE (eau, graines de MOUTARDE, vinaigre d&#8217;alcool, sel, acidifiant : acide citrique, conservateur : diSULFITE de potassium), ciboulette, \u00e9paississants : cellulose, gomme xanthane, sucre, zeste de lime 1%, sel de Gu\u00e9rande, \u00e9pices, aromates.<\/p>\n<p>&nbsp;<\/p>\n<p>&nbsp;<\/p>\n<p>&nbsp;<\/p>\n<p>&nbsp;<\/p>\n<p>&nbsp;<\/p>\n<p>&nbsp;<\/p>\n<div class=\"product-actions\">\n<form id=\"add-to-cart-or-refresh\" action=\"https:\/\/www.lecomptoirdemathilde.com\/fr\/panier\" method=\"post\">\n<div class=\"product-add-to-cart\"><span class=\"control-label\">\u00a0<\/span><\/div>\n<\/form>\n<\/div>\n<p>&nbsp;<\/p>\n<div class=\"product-actions\">\n<form id=\"add-to-cart-or-refresh\" action=\"https:\/\/www.lecomptoirdemathilde.com\/fr\/panier\" method=\"post\">\n<div class=\"product-variants\"><\/div>\n<div class=\"product-add-to-cart\"><span class=\"control-label\">\u00a0<\/span><\/div>\n<\/form>\n<\/div>\n<p>&nbsp;<\/p>\n<h3 id=\"nutritional-values\" class=\"h5\"><\/h3>\n<p>&nbsp;<\/p>\n<p>&nbsp;<\/p>\n<p>&nbsp;<\/p>\n<p>&nbsp;<\/p>\n<div id=\"product-description-short\">\n<div id=\"product-description-short\">\n<p>&nbsp;<\/p>\n<\/div>\n<\/div>\n<div id=\"product-description-short\">\n<p>&nbsp;<\/p>\n<\/div>\n","protected":false},"excerpt":{"rendered":"<h1 class=\"h1\">Duo de Saumon Cr\u00e8me et Citron Vert<\/h1>\n<div id=\"product-description-short\">\n<p>Le Comptoir de Mathilde vous convie \u00e0 un voyage \u00a0pour destination \u2026 la <strong>mer <\/strong>et ses nombreux <strong>crustac\u00e9s<\/strong>\/<strong>poissons<\/strong>. Une explosion de saveur pour accompagner vos doux <strong>ap\u00e9ros d&#8217;\u00e9t\u00e9 <\/strong>ou <strong>hivernaux<\/strong>. Notre <strong>duo de Saumon cr\u00e8me <\/strong>et <strong>citron vert <\/strong>se d\u00e9guste en <strong>toast <\/strong>ou en association de <strong>pr\u00e9parations culinaires<\/strong> : <strong>une verrine <\/strong>de pois chiche ou une <strong>soupe <\/strong>par exemple.<\/p>\n<\/div>\n<p>&nbsp;<\/p>\n<p>&nbsp;<\/p>\n<p>&nbsp;<\/p>\n<p>&nbsp;<\/p>\n<p>&nbsp;<\/p>\n<p>&nbsp;<\/p>\n<p>&nbsp;<\/p>\n<p>&nbsp;<\/p>\n<p>&nbsp;<\/p>\n<p>&nbsp;<\/p>\n<p>&nbsp;<\/p>\n<p>&nbsp;<\/p>\n<p>&nbsp;<\/p>\n<p>&nbsp;<\/p>\n<p>&nbsp;<\/p>\n<p>&nbsp;<\/p>\n<p>&nbsp;<\/p>\n<p>&nbsp;<\/p>\n<p>&nbsp;<\/p>\n<p>&nbsp;<\/p>\n<p>&nbsp;<\/p>\n<div class=\"product-actions\">\n<form id=\"add-to-cart-or-refresh\" action=\"https:\/\/www.lecomptoirdemathilde.com\/fr\/panier\" method=\"post\">\n<div class=\"product-add-to-cart\"><span class=\"control-label\">\u00a0<\/span><\/div>\n<\/form>\n<\/div>\n<p>&nbsp;<\/p>\n<p>&nbsp;<\/p>\n<div class=\"product-actions\">\n<form id=\"add-to-cart-or-refresh\" action=\"https:\/\/www.lecomptoirdemathilde.com\/fr\/panier\" method=\"post\">\n<div class=\"product-variants\"><\/div>\n<div class=\"product-add-to-cart\"><span class=\"control-label\">\u00a0<\/span><\/div>\n<\/form>\n<\/div>\n<p>&nbsp;<\/p>\n<p>&nbsp;<\/p>\n<p>&nbsp;<\/p>\n<p>&nbsp;<\/p>\n<p>&nbsp;<\/p>\n<p>&nbsp;<\/p>\n<p>&nbsp;<\/p>\n<p>&nbsp;<\/p>\n<div id=\"product-description-short\">\n<div id=\"vue-product-prices\" class=\"product-prices\">\n<div class=\"product-price h5 \"><\/div>\n<\/div>\n<div id=\"product-description-short\">\n<div id=\"product-description-short\">\n<div id=\"product-description-short\">\n<div id=\"product-description-short\">\n<div id=\"product-description-short\">\n<p>&nbsp;<\/p>\n<\/div>\n<\/div>\n<\/div>\n<\/div>\n<\/div>\n<\/div>\n","protected":false},"featured_media":18644,"template":"","meta":{"_monsterinsights_skip_tracking":false,"_monsterinsights_sitenote_active":false,"_monsterinsights_sitenote_note":"","_monsterinsights_sitenote_category":0},"product_brand":[],"product_cat":[120],"product_tag":[],"class_list":{"0":"post-18642","1":"product","2":"type-product","3":"status-publish","4":"has-post-thumbnail","6":"product_cat-apero","8":"first","9":"instock","10":"shipping-taxable","11":"purchasable","12":"product-type-simple"},"jetpack_sharing_enabled":true,"_links":{"self":[{"href":"https:\/\/www.lepicerieduphare.fr\/accueil\/wp-json\/wp\/v2\/product\/18642","targetHints":{"allow":["GET"]}}],"collection":[{"href":"https:\/\/www.lepicerieduphare.fr\/accueil\/wp-json\/wp\/v2\/product"}],"about":[{"href":"https:\/\/www.lepicerieduphare.fr\/accueil\/wp-json\/wp\/v2\/types\/product"}],"version-history":[{"count":0,"href":"https:\/\/www.lepicerieduphare.fr\/accueil\/wp-json\/wp\/v2\/product\/18642\/revisions"}],"wp:featuredmedia":[{"embeddable":true,"href":"https:\/\/www.lepicerieduphare.fr\/accueil\/wp-json\/wp\/v2\/media\/18644"}],"wp:attachment":[{"href":"https:\/\/www.lepicerieduphare.fr\/accueil\/wp-json\/wp\/v2\/media?parent=18642"}],"wp:term":[{"taxonomy":"product_brand","embeddable":true,"href":"https:\/\/www.lepicerieduphare.fr\/accueil\/wp-json\/wp\/v2\/product_brand?post=18642"},{"taxonomy":"product_cat","embeddable":true,"href":"https:\/\/www.lepicerieduphare.fr\/accueil\/wp-json\/wp\/v2\/product_cat?post=18642"},{"taxonomy":"product_tag","embeddable":true,"href":"https:\/\/www.lepicerieduphare.fr\/accueil\/wp-json\/wp\/v2\/product_tag?post=18642"}],"curies":[{"name":"wp","href":"https:\/\/api.w.org\/{rel}","templated":true}]}}