{"id":18626,"date":"2020-04-20T13:41:48","date_gmt":"2020-04-20T11:41:48","guid":{"rendered":"https:\/\/www.lepicerieduphare.fr\/?post_type=product&#038;p=18626"},"modified":"2021-10-04T10:26:58","modified_gmt":"2021-10-04T08:26:58","slug":"pesto-tomates-noix-de-cajou-100g","status":"publish","type":"product","link":"https:\/\/www.lepicerieduphare.fr\/accueil\/produit\/chocolat-brest-idee-cadeaux\/pesto-tomates-noix-de-cajou-100g\/","title":{"rendered":"Pesto tomates noix de cajou 100G"},"content":{"rendered":"<h1 class=\"h1\">Pesto tomates noix de cajou<\/h1>\n<div id=\"product-description-short\">\n<p>Originaire de l&#8217;Italie, le <strong>pesto <\/strong>se marie parfaitement avec de d\u00e9licieuses tomates, du fromage frais ou encore au sein de pr\u00e9paration culinaire.<\/p>\n<p>Afin d&#8217;amener originalit\u00e9 et gourmandise dans votre connaissance du fameux pesto, notre pr\u00e9paration se compose de <strong>noix de cajou <\/strong>et am\u00e8ne les notes indispensables de la tomate.<\/p>\n<\/div>\n<p><b>Ingr\u00e9dients : <\/b> Tomates concass\u00e9es 20% (tomate, jus de tomates, acidifiant : acide citrique), huile de colza, concentr\u00e9 de tomates 17%, poivron rouge, basilic 9%, FROMAGES italiens, eau, carottes, NOIX DE CAJOU 3,5%, ail, sel, \u00e9pices et aromates, sucre, ar\u00f4me naturel.<\/p>\n<p>&nbsp;<\/p>\n<p>&nbsp;<\/p>\n<p>&nbsp;<\/p>\n<p>&nbsp;<\/p>\n<p>&nbsp;<\/p>\n<div class=\"product-actions\">\n<form id=\"add-to-cart-or-refresh\" action=\"https:\/\/www.lecomptoirdemathilde.com\/fr\/panier\" method=\"post\">\n<div class=\"product-add-to-cart\"><span class=\"control-label\">\u00a0<\/span><\/div>\n<\/form>\n<\/div>\n<p>&nbsp;<\/p>\n<div class=\"product-actions\">\n<form id=\"add-to-cart-or-refresh\" action=\"https:\/\/www.lecomptoirdemathilde.com\/fr\/panier\" method=\"post\">\n<div class=\"product-variants\"><\/div>\n<div class=\"product-add-to-cart\"><span class=\"control-label\">\u00a0<\/span><\/div>\n<\/form>\n<\/div>\n<p>&nbsp;<\/p>\n<h3 id=\"nutritional-values\" class=\"h5\"><\/h3>\n<p>&nbsp;<\/p>\n<p>&nbsp;<\/p>\n<p>&nbsp;<\/p>\n<p>&nbsp;<\/p>\n<div id=\"product-description-short\">\n<div id=\"product-description-short\">\n<p>&nbsp;<\/p>\n<\/div>\n<\/div>\n<div id=\"product-description-short\">\n<p>&nbsp;<\/p>\n<\/div>\n","protected":false},"excerpt":{"rendered":"<h1 class=\"h1\">Pesto tomates noix de cajou<\/h1>\n<div id=\"product-description-short\">\n<p>Originaire de l&#8217;Italie, le <strong>pesto <\/strong>se marie parfaitement avec de d\u00e9licieuses tomates, du fromage frais ou encore au sein de pr\u00e9paration culinaire.<\/p>\n<p>Afin d&#8217;amener originalit\u00e9 et gourmandise dans votre connaissance du fameux pesto, notre pr\u00e9paration se compose de <strong>noix de cajou <\/strong>et am\u00e8ne les notes indispensables de la tomate.<\/p>\n<\/div>\n<p>&nbsp;<\/p>\n<p>&nbsp;<\/p>\n<p>&nbsp;<\/p>\n<p>&nbsp;<\/p>\n<p>&nbsp;<\/p>\n<p>&nbsp;<\/p>\n<p>&nbsp;<\/p>\n<p>&nbsp;<\/p>\n<p>&nbsp;<\/p>\n<p>&nbsp;<\/p>\n<p>&nbsp;<\/p>\n<p>&nbsp;<\/p>\n<p>&nbsp;<\/p>\n<p>&nbsp;<\/p>\n<p>&nbsp;<\/p>\n<p>&nbsp;<\/p>\n<p>&nbsp;<\/p>\n<p>&nbsp;<\/p>\n<div class=\"product-actions\">\n<form id=\"add-to-cart-or-refresh\" action=\"https:\/\/www.lecomptoirdemathilde.com\/fr\/panier\" method=\"post\">\n<div class=\"product-add-to-cart\"><span class=\"control-label\">\u00a0<\/span><\/div>\n<\/form>\n<\/div>\n<p>&nbsp;<\/p>\n<p>&nbsp;<\/p>\n<div class=\"product-actions\">\n<form id=\"add-to-cart-or-refresh\" action=\"https:\/\/www.lecomptoirdemathilde.com\/fr\/panier\" method=\"post\">\n<div class=\"product-variants\"><\/div>\n<div class=\"product-add-to-cart\"><span class=\"control-label\">\u00a0<\/span><\/div>\n<\/form>\n<\/div>\n<p>&nbsp;<\/p>\n<p>&nbsp;<\/p>\n<p>&nbsp;<\/p>\n<p>&nbsp;<\/p>\n<p>&nbsp;<\/p>\n<p>&nbsp;<\/p>\n<p>&nbsp;<\/p>\n<p>&nbsp;<\/p>\n<div id=\"product-description-short\">\n<div id=\"vue-product-prices\" class=\"product-prices\">\n<div class=\"product-price h5 \"><\/div>\n<\/div>\n<div id=\"product-description-short\">\n<div id=\"product-description-short\">\n<div id=\"product-description-short\">\n<div id=\"product-description-short\">\n<div id=\"product-description-short\">\n<p>&nbsp;<\/p>\n<\/div>\n<\/div>\n<\/div>\n<\/div>\n<\/div>\n<\/div>\n","protected":false},"featured_media":18627,"template":"","meta":{"_monsterinsights_skip_tracking":false,"_monsterinsights_sitenote_active":false,"_monsterinsights_sitenote_note":"","_monsterinsights_sitenote_category":0},"product_brand":[],"product_cat":[120],"product_tag":[],"class_list":{"0":"post-18626","1":"product","2":"type-product","3":"status-publish","4":"has-post-thumbnail","6":"product_cat-apero","8":"first","9":"instock","10":"shipping-taxable","11":"purchasable","12":"product-type-simple"},"jetpack_sharing_enabled":true,"_links":{"self":[{"href":"https:\/\/www.lepicerieduphare.fr\/accueil\/wp-json\/wp\/v2\/product\/18626","targetHints":{"allow":["GET"]}}],"collection":[{"href":"https:\/\/www.lepicerieduphare.fr\/accueil\/wp-json\/wp\/v2\/product"}],"about":[{"href":"https:\/\/www.lepicerieduphare.fr\/accueil\/wp-json\/wp\/v2\/types\/product"}],"version-history":[{"count":0,"href":"https:\/\/www.lepicerieduphare.fr\/accueil\/wp-json\/wp\/v2\/product\/18626\/revisions"}],"wp:featuredmedia":[{"embeddable":true,"href":"https:\/\/www.lepicerieduphare.fr\/accueil\/wp-json\/wp\/v2\/media\/18627"}],"wp:attachment":[{"href":"https:\/\/www.lepicerieduphare.fr\/accueil\/wp-json\/wp\/v2\/media?parent=18626"}],"wp:term":[{"taxonomy":"product_brand","embeddable":true,"href":"https:\/\/www.lepicerieduphare.fr\/accueil\/wp-json\/wp\/v2\/product_brand?post=18626"},{"taxonomy":"product_cat","embeddable":true,"href":"https:\/\/www.lepicerieduphare.fr\/accueil\/wp-json\/wp\/v2\/product_cat?post=18626"},{"taxonomy":"product_tag","embeddable":true,"href":"https:\/\/www.lepicerieduphare.fr\/accueil\/wp-json\/wp\/v2\/product_tag?post=18626"}],"curies":[{"name":"wp","href":"https:\/\/api.w.org\/{rel}","templated":true}]}}