{"id":18562,"date":"2020-04-17T18:08:20","date_gmt":"2020-04-17T16:08:20","guid":{"rendered":"https:\/\/www.lepicerieduphare.fr\/?post_type=product&#038;p=18562"},"modified":"2022-09-16T17:49:00","modified_gmt":"2022-09-16T15:49:00","slug":"sel-rose-de-lhimalaya-a-la-truffe-noire-1-empilable","status":"publish","type":"product","link":"https:\/\/www.lepicerieduphare.fr\/accueil\/produit\/chocolat-brest-idee-cadeaux\/sel-rose-de-lhimalaya-a-la-truffe-noire-1-empilable\/","title":{"rendered":"Sel rose de l&#8217;Himalaya \u00e0 la Truffe Noire 1% &#8211; Empilable"},"content":{"rendered":"<h1 class=\"h1\">Sel rose de l&#8217;Himalaya \u00e0 la Truffe Noire 1% &#8211; Empilable<\/h1>\n<div id=\"vue-product-prices\" class=\"product-prices\">\n<div class=\"product-price h5 \">\n<div class=\"current-price\">8,90\u00a0\u20ac<\/div>\n<\/div>\n<\/div>\n<div id=\"product-description-short\">\n<p>Moulin <strong>empilable<\/strong> au <strong>sel<\/strong> \u00a0<strong>rose<\/strong> de <strong>l&#8217;Himalaya<\/strong> et aux <strong>brisures<\/strong> de <strong>truffe<\/strong> : rendez avec \u00e9l\u00e9gance toutes les saveurs de la truffe et le tour est jou\u00e9 ! Agr\u00e9mentez votre moulin d&#8217;<strong>huile d&#8217;olive<\/strong> et d&#8217;un <strong>vinaigre<\/strong> empilable pour une <strong>d\u00e9coration<\/strong> design et un gain de place dans votre cuisine.<\/p>\n<p>Les <strong>propri\u00e9t\u00e9s\u00a0<\/strong>du<strong> Sel rose <\/strong>? Non raffin\u00e9, notre sel rose de l&#8217;Himalaya est tr\u00e8s riche en <strong>sels min\u00e9raux<\/strong> et <strong>oligo-\u00e9l\u00e9ments<\/strong> dont le fer, le potassium, le magn\u00e9sium, le calcium, le phosphore, le mangan\u00e8se et le zinc. Contrairement au sel de mer il est <strong>non iod\u00e9<\/strong> et est r\u00e9put\u00e9 pour ses effets d\u00e9toxifiants.<\/p>\n<\/div>\n<p>&nbsp;<\/p>\n<div id=\"product-description-short\">\n<p>Votre bouteille contient <strong>290g<\/strong>.<\/p>\n<\/div>\n<p>&nbsp;<\/p>\n<p>&nbsp;<\/p>\n<p>&nbsp;<\/p>\n<p>&nbsp;<\/p>\n<div class=\"product-actions\">\n<form id=\"add-to-cart-or-refresh\" action=\"https:\/\/www.lecomptoirdemathilde.com\/fr\/panier\" method=\"post\">\n<div class=\"product-add-to-cart\"><span class=\"control-label\">\u00a0<\/span><\/div>\n<\/form>\n<\/div>\n<p>&nbsp;<\/p>\n<div class=\"product-actions\">\n<form id=\"add-to-cart-or-refresh\" action=\"https:\/\/www.lecomptoirdemathilde.com\/fr\/panier\" method=\"post\">\n<div class=\"product-variants\"><\/div>\n<div class=\"product-add-to-cart\"><span class=\"control-label\">\u00a0<\/span><\/div>\n<\/form>\n<\/div>\n<p>&nbsp;<\/p>\n<h3 id=\"nutritional-values\" class=\"h5\"><\/h3>\n<p>&nbsp;<\/p>\n<p>&nbsp;<\/p>\n<p>&nbsp;<\/p>\n<p>&nbsp;<\/p>\n<div id=\"product-description-short\">\n<div id=\"product-description-short\">\n<p>&nbsp;<\/p>\n<\/div>\n<\/div>\n<div id=\"product-description-short\">\n<p>&nbsp;<\/p>\n<\/div>\n","protected":false},"excerpt":{"rendered":"<h1 class=\"h1\">Sel rose de l&#8217;Himalaya \u00e0 la Truffe Noire 1% &#8211; Empilable<\/h1>\n<div id=\"vue-product-prices\" class=\"product-prices\">\n<div class=\"product-price h5 \">\n<div class=\"current-price\">8,90\u00a0\u20ac<\/div>\n<\/div>\n<\/div>\n<div id=\"product-description-short\">\n<p>Moulin <strong>empilable<\/strong> au <strong>sel<\/strong> \u00a0<strong>rose<\/strong> de <strong>l&#8217;Himalaya<\/strong> et aux <strong>brisures<\/strong> de <strong>truffe<\/strong> : rendez avec \u00e9l\u00e9gance toutes les saveurs de la truffe et le tour est jou\u00e9 ! Agr\u00e9mentez votre moulin d&#8217;<strong>huile d&#8217;olive<\/strong> et d&#8217;un <strong>vinaigre<\/strong> empilable pour une <strong>d\u00e9coration<\/strong> design et un gain de place dans votre cuisine.<\/p>\n<p>Les <strong>propri\u00e9t\u00e9s\u00a0<\/strong>du<strong> Sel rose <\/strong>? Non raffin\u00e9, notre sel rose de l&#8217;Himalaya est tr\u00e8s riche en <strong>sels min\u00e9raux<\/strong> et <strong>oligo-\u00e9l\u00e9ments<\/strong> dont le fer, le potassium, le magn\u00e9sium, le calcium, le phosphore, le mangan\u00e8se et le zinc. Contrairement au sel de mer il est <strong>non iod\u00e9<\/strong> et est r\u00e9put\u00e9 pour ses effets d\u00e9toxifiants.<\/p>\n<\/div>\n<p>&nbsp;<\/p>\n<p>&nbsp;<\/p>\n<p>&nbsp;<\/p>\n<p>&nbsp;<\/p>\n<p>&nbsp;<\/p>\n<p>&nbsp;<\/p>\n<p>&nbsp;<\/p>\n<p>&nbsp;<\/p>\n<p>&nbsp;<\/p>\n<p>&nbsp;<\/p>\n<p>&nbsp;<\/p>\n<p>&nbsp;<\/p>\n<p>&nbsp;<\/p>\n<div class=\"product-actions\">\n<form id=\"add-to-cart-or-refresh\" action=\"https:\/\/www.lecomptoirdemathilde.com\/fr\/panier\" method=\"post\">\n<div class=\"product-add-to-cart\"><span class=\"control-label\">\u00a0<\/span><\/div>\n<\/form>\n<\/div>\n<p>&nbsp;<\/p>\n<p>&nbsp;<\/p>\n<div class=\"product-actions\">\n<form id=\"add-to-cart-or-refresh\" action=\"https:\/\/www.lecomptoirdemathilde.com\/fr\/panier\" method=\"post\">\n<div class=\"product-variants\"><\/div>\n<div class=\"product-add-to-cart\"><span class=\"control-label\">\u00a0<\/span><\/div>\n<\/form>\n<\/div>\n<p>&nbsp;<\/p>\n<p>&nbsp;<\/p>\n<p>&nbsp;<\/p>\n<p>&nbsp;<\/p>\n<p>&nbsp;<\/p>\n<p>&nbsp;<\/p>\n<p>&nbsp;<\/p>\n<p>&nbsp;<\/p>\n<div id=\"product-description-short\">\n<div id=\"vue-product-prices\" class=\"product-prices\">\n<div class=\"product-price h5 \"><\/div>\n<\/div>\n<div id=\"product-description-short\">\n<div id=\"product-description-short\">\n<div id=\"product-description-short\">\n<div id=\"product-description-short\">\n<div id=\"product-description-short\">\n<p>&nbsp;<\/p>\n<\/div>\n<\/div>\n<\/div>\n<\/div>\n<\/div>\n<\/div>\n","protected":false},"featured_media":18563,"template":"","meta":{"_monsterinsights_skip_tracking":false,"_monsterinsights_sitenote_active":false,"_monsterinsights_sitenote_note":"","_monsterinsights_sitenote_category":0},"product_brand":[],"product_cat":[119],"product_tag":[],"class_list":{"0":"post-18562","1":"product","2":"type-product","3":"status-publish","4":"has-post-thumbnail","6":"product_cat-sels-poivres","8":"first","9":"instock","10":"shipping-taxable","11":"purchasable","12":"product-type-simple"},"jetpack_sharing_enabled":true,"_links":{"self":[{"href":"https:\/\/www.lepicerieduphare.fr\/accueil\/wp-json\/wp\/v2\/product\/18562","targetHints":{"allow":["GET"]}}],"collection":[{"href":"https:\/\/www.lepicerieduphare.fr\/accueil\/wp-json\/wp\/v2\/product"}],"about":[{"href":"https:\/\/www.lepicerieduphare.fr\/accueil\/wp-json\/wp\/v2\/types\/product"}],"version-history":[{"count":1,"href":"https:\/\/www.lepicerieduphare.fr\/accueil\/wp-json\/wp\/v2\/product\/18562\/revisions"}],"predecessor-version":[{"id":20527,"href":"https:\/\/www.lepicerieduphare.fr\/accueil\/wp-json\/wp\/v2\/product\/18562\/revisions\/20527"}],"wp:featuredmedia":[{"embeddable":true,"href":"https:\/\/www.lepicerieduphare.fr\/accueil\/wp-json\/wp\/v2\/media\/18563"}],"wp:attachment":[{"href":"https:\/\/www.lepicerieduphare.fr\/accueil\/wp-json\/wp\/v2\/media?parent=18562"}],"wp:term":[{"taxonomy":"product_brand","embeddable":true,"href":"https:\/\/www.lepicerieduphare.fr\/accueil\/wp-json\/wp\/v2\/product_brand?post=18562"},{"taxonomy":"product_cat","embeddable":true,"href":"https:\/\/www.lepicerieduphare.fr\/accueil\/wp-json\/wp\/v2\/product_cat?post=18562"},{"taxonomy":"product_tag","embeddable":true,"href":"https:\/\/www.lepicerieduphare.fr\/accueil\/wp-json\/wp\/v2\/product_tag?post=18562"}],"curies":[{"name":"wp","href":"https:\/\/api.w.org\/{rel}","templated":true}]}}