{"id":18427,"date":"2020-04-16T09:55:54","date_gmt":"2020-04-16T07:55:54","guid":{"rendered":"https:\/\/www.lepicerieduphare.fr\/?post_type=product&#038;p=18427"},"modified":"2022-09-16T17:49:34","modified_gmt":"2022-09-16T15:49:34","slug":"coffret-decouverte-mathildette-apero-copie","status":"publish","type":"product","link":"https:\/\/www.lepicerieduphare.fr\/accueil\/produit\/chocolat-brest-idee-cadeaux\/coffret-decouverte-mathildette-apero-copie\/","title":{"rendered":"Kit Brouillade saveur Truffe noire et Truffe d&#8217;\u00e9t\u00e9"},"content":{"rendered":"<h1 class=\"h1\">Kit Brouillade saveur Truffe noire et Truffe d&#8217;\u00e9t\u00e9<\/h1>\n<div id=\"product-description-short\">\n<p>Pour r\u00e9aliser des <strong>recettes gourmandes<\/strong> et pleines de finesses avec notre <strong>kit brouillade<\/strong> \u00e0 la <strong>truffe noire<\/strong> et \u00e0 la <strong>truffe d&#8217;\u00e9t\u00e9.\u00a0<\/strong> Une composition de pr\u00e9paration culinaire \u00e0 base d&#8217;<strong>huile d&#8217;olive<\/strong> et d&#8217;ar\u00f4me de truffe noire et d&#8217;une pr\u00e9paration \u00e0 base de truffe d&#8217;\u00e9t\u00e9 dans son pot 30g.<\/p>\n<p>Superbe en<strong> id\u00e9e cadeau <\/strong>ou pour vos recettes.<\/p>\n<\/div>\n<p>&nbsp;<\/p>\n<p>&nbsp;<\/p>\n<p>&nbsp;<\/p>\n<p>&nbsp;<\/p>\n<p>&nbsp;<\/p>\n<p>&nbsp;<\/p>\n<p>&nbsp;<\/p>\n<p>&nbsp;<\/p>\n<div id=\"product-description-short\">\n<div id=\"product-description-short\">\n<p>&nbsp;<\/p>\n<\/div>\n<\/div>\n<div id=\"product-description-short\">\n<p>&nbsp;<\/p>\n<\/div>\n","protected":false},"excerpt":{"rendered":"<h1 class=\"h1\">Kit Brouillade saveur Truffe noire et Truffe d&#8217;\u00e9t\u00e9<\/h1>\n<div id=\"product-description-short\">\n<p>Pour r\u00e9aliser des <strong>recettes gourmandes<\/strong> et pleines de finesses avec notre <strong>kit brouillade<\/strong> \u00e0 la <strong>truffe noire<\/strong> et \u00e0 la <strong>truffe d&#8217;\u00e9t\u00e9.\u00a0<\/strong> Une composition de pr\u00e9paration culinaire \u00e0 base d&#8217;<strong>huile d&#8217;olive<\/strong> et d&#8217;ar\u00f4me de truffe noire et d&#8217;une pr\u00e9paration \u00e0 base de truffe d&#8217;\u00e9t\u00e9 dans son pot 30g.<\/p>\n<p>Superbe en<strong> id\u00e9e cadeau <\/strong>ou pour vos recettes.<\/p>\n<\/div>\n<p>&nbsp;<\/p>\n<p>&nbsp;<\/p>\n<p>&nbsp;<\/p>\n<p>&nbsp;<\/p>\n<p>&nbsp;<\/p>\n<p>&nbsp;<\/p>\n<p>&nbsp;<\/p>\n<p>&nbsp;<\/p>\n<div id=\"product-description-short\">\n<div id=\"vue-product-prices\" class=\"product-prices\">\n<div class=\"product-price h5 \"><\/div>\n<\/div>\n<div id=\"product-description-short\">\n<div id=\"product-description-short\">\n<div id=\"product-description-short\">\n<div id=\"product-description-short\">\n<div id=\"product-description-short\">\n<p>&nbsp;<\/p>\n<\/div>\n<\/div>\n<\/div>\n<\/div>\n<\/div>\n<\/div>\n","protected":false},"featured_media":18428,"template":"","meta":{"_monsterinsights_skip_tracking":false,"_monsterinsights_sitenote_active":false,"_monsterinsights_sitenote_note":"","_monsterinsights_sitenote_category":0},"product_brand":[],"product_cat":[108],"product_tag":[],"class_list":{"0":"post-18427","1":"product","2":"type-product","3":"status-publish","4":"has-post-thumbnail","6":"product_cat-coffrets-cadeaux-brest","8":"first","9":"outofstock","10":"shipping-taxable","11":"purchasable","12":"product-type-simple"},"jetpack_sharing_enabled":true,"_links":{"self":[{"href":"https:\/\/www.lepicerieduphare.fr\/accueil\/wp-json\/wp\/v2\/product\/18427","targetHints":{"allow":["GET"]}}],"collection":[{"href":"https:\/\/www.lepicerieduphare.fr\/accueil\/wp-json\/wp\/v2\/product"}],"about":[{"href":"https:\/\/www.lepicerieduphare.fr\/accueil\/wp-json\/wp\/v2\/types\/product"}],"version-history":[{"count":1,"href":"https:\/\/www.lepicerieduphare.fr\/accueil\/wp-json\/wp\/v2\/product\/18427\/revisions"}],"predecessor-version":[{"id":20529,"href":"https:\/\/www.lepicerieduphare.fr\/accueil\/wp-json\/wp\/v2\/product\/18427\/revisions\/20529"}],"wp:featuredmedia":[{"embeddable":true,"href":"https:\/\/www.lepicerieduphare.fr\/accueil\/wp-json\/wp\/v2\/media\/18428"}],"wp:attachment":[{"href":"https:\/\/www.lepicerieduphare.fr\/accueil\/wp-json\/wp\/v2\/media?parent=18427"}],"wp:term":[{"taxonomy":"product_brand","embeddable":true,"href":"https:\/\/www.lepicerieduphare.fr\/accueil\/wp-json\/wp\/v2\/product_brand?post=18427"},{"taxonomy":"product_cat","embeddable":true,"href":"https:\/\/www.lepicerieduphare.fr\/accueil\/wp-json\/wp\/v2\/product_cat?post=18427"},{"taxonomy":"product_tag","embeddable":true,"href":"https:\/\/www.lepicerieduphare.fr\/accueil\/wp-json\/wp\/v2\/product_tag?post=18427"}],"curies":[{"name":"wp","href":"https:\/\/api.w.org\/{rel}","templated":true}]}}