{"id":18394,"date":"2020-04-15T19:51:13","date_gmt":"2020-04-15T17:51:13","guid":{"rendered":"https:\/\/www.lepicerieduphare.fr\/?post_type=product&#038;p=18394"},"modified":"2021-10-04T10:32:32","modified_gmt":"2021-10-04T08:32:32","slug":"superfood-chocolat-noir-fruits-secs-et-graines-chocolat-a-casser-400g-copie","status":"publish","type":"product","link":"https:\/\/www.lepicerieduphare.fr\/accueil\/produit\/chocolat-brest-idee-cadeaux\/superfood-chocolat-noir-fruits-secs-et-graines-chocolat-a-casser-400g-copie\/","title":{"rendered":"C\u0153ur \u00e0 casser Chocolat lait &#8211; Love collection"},"content":{"rendered":"<h1 class=\"h1\">C\u0153ur \u00e0 casser Chocolat lait<\/h1>\n<div id=\"product-description-short\">\n<p>Le Comptoir de Mathilde a cr\u00e9\u00e9 la collection\u00a0<strong>&#8221;Love chocolate&#8221;<\/strong>\u00a0pour que vous puissiez clamer votre amour haut et fort avec une extr\u00eame douceur gourmande.<\/p>\n<p>Fonds couleurs assortis al\u00e9atoires.<\/p>\n<\/div>\n","protected":false},"excerpt":{"rendered":"<p>C\u0153ur \u00e0 casser Chocolat lait Le Comptoir de Mathilde a cr\u00e9\u00e9 la collection\u00a0&#8221;Love chocolate&#8221;\u00a0pour que vous puissiez clamer votre amour haut&#8230;<\/p>\n","protected":false},"featured_media":19813,"template":"","meta":{"_monsterinsights_skip_tracking":false,"_monsterinsights_sitenote_active":false,"_monsterinsights_sitenote_note":"","_monsterinsights_sitenote_category":0},"product_brand":[],"product_cat":[116],"product_tag":[],"class_list":{"0":"post-18394","1":"product","2":"type-product","3":"status-publish","4":"has-post-thumbnail","6":"product_cat-chocolat-a-casser","8":"first","9":"instock","10":"shipping-taxable","11":"purchasable","12":"product-type-simple"},"jetpack_sharing_enabled":true,"_links":{"self":[{"href":"https:\/\/www.lepicerieduphare.fr\/accueil\/wp-json\/wp\/v2\/product\/18394","targetHints":{"allow":["GET"]}}],"collection":[{"href":"https:\/\/www.lepicerieduphare.fr\/accueil\/wp-json\/wp\/v2\/product"}],"about":[{"href":"https:\/\/www.lepicerieduphare.fr\/accueil\/wp-json\/wp\/v2\/types\/product"}],"version-history":[{"count":1,"href":"https:\/\/www.lepicerieduphare.fr\/accueil\/wp-json\/wp\/v2\/product\/18394\/revisions"}],"predecessor-version":[{"id":19814,"href":"https:\/\/www.lepicerieduphare.fr\/accueil\/wp-json\/wp\/v2\/product\/18394\/revisions\/19814"}],"wp:featuredmedia":[{"embeddable":true,"href":"https:\/\/www.lepicerieduphare.fr\/accueil\/wp-json\/wp\/v2\/media\/19813"}],"wp:attachment":[{"href":"https:\/\/www.lepicerieduphare.fr\/accueil\/wp-json\/wp\/v2\/media?parent=18394"}],"wp:term":[{"taxonomy":"product_brand","embeddable":true,"href":"https:\/\/www.lepicerieduphare.fr\/accueil\/wp-json\/wp\/v2\/product_brand?post=18394"},{"taxonomy":"product_cat","embeddable":true,"href":"https:\/\/www.lepicerieduphare.fr\/accueil\/wp-json\/wp\/v2\/product_cat?post=18394"},{"taxonomy":"product_tag","embeddable":true,"href":"https:\/\/www.lepicerieduphare.fr\/accueil\/wp-json\/wp\/v2\/product_tag?post=18394"}],"curies":[{"name":"wp","href":"https:\/\/api.w.org\/{rel}","templated":true}]}}